{"id":87,"date":"2021-07-02T15:41:41","date_gmt":"2021-07-02T15:41:41","guid":{"rendered":"https:\/\/mooof.be\/profitx2\/?page_id=87"},"modified":"2022-01-18T15:26:55","modified_gmt":"2022-01-18T15:26:55","slug":"kennis-leid-tot-resultaat","status":"publish","type":"page","link":"https:\/\/profitx2.com\/fr\/kennis-leid-tot-resultaat\/","title":{"rendered":"Kennis"},"content":{"rendered":"<h1>Vos \u00e9quipes ont besoin de CONNAISSANCES pour performer de mani\u00e8re optimale<\/h1>\n\t<h3>Les employ\u00e9s VEULENT performer de mani\u00e8re optimale, mais ne savent souvent pas COMMENT le faire<\/h3>\n<p>En 30 ans de coaching d'entreprise pour des centaines d'entreprises dans plus de 30 pays, nous n'avons pratiquement jamais eu affaire \u00e0 des employ\u00e9s qui ne VEULENT pas \u00eatre performants. Le d\u00e9fi auquel les employ\u00e9s sont confront\u00e9s est qu'ils ne savent pas toujours COMMENT r\u00e9aliser des performances optimales, ni CE qu'ils pourraient faire AUTREMENT pour \u00eatre encore plus performants.<\/p>\n<p>D\u00e8s que les employ\u00e9s re\u00e7oivent ces CONNAISSANCES, vous voyez imm\u00e9diatement la rentabilit\u00e9 de l'employ\u00e9, de l'\u00e9quipe et de l'entreprise s'am\u00e9liorer.<\/p>\n<p>Les marques et les entreprises qui offrent ces connaissances aux employ\u00e9s commerciaux de leurs propres magasins ou de ceux de leur r\u00e9seau de distributeurs constatent rapidement des ventes significativement plus \u00e9lev\u00e9es de leurs produits de marque.<\/p>\n<p>&nbsp;<\/p>\n\t<p><strong>La formation num\u00e9rique intercepte presque tous les d\u00e9fis de la formation classique<\/strong><\/p>\n<p>Au cours de nos d\u00e9cennies d'exp\u00e9rience dans le coaching classique, nous avons souvent rencontr\u00e9 des d\u00e9fis que nous sommes parfaitement capables de surmonter dans la formation num\u00e9rique.<\/p>\n<ul>\n<li>Alors que les s\u00e9minaires de 2 ou 3 jours offrent souvent une SURCHARGE d'informations, la formation num\u00e9rique permet \u00e0 chaque utilisateur de CHOISIR individuellement un RITME qui convient parfaitement \u00e0 sa capacit\u00e9 d'apprentissage.<\/li>\n<li>Il n'y a plus de BUREAUX ou de salles d'exposition VIDES, car les CONNAISSANCES arrivent \u00e0 l'utilisateur par voie NUM\u00c9RIQUE. Ainsi, il n'y a pas non plus de FRAIS DE VOYAGE.<\/li>\n<li>Een INTELLIGENT gebruik van Q &amp; A&#8217;s geeft niet enkel de gebruiker INSTANT FEEDBACK, maar ook het bedrijf kan op die manier METEN wat de KENNISGRAAD is van het TEAM\u00a0en waar er extra coaching of opleiding nodig is.<\/li>\n<\/ul>\n\t\t<h3>ProfitX2 Digital Sales Coaching est l'OUTIL ID\u00c9AL<\/h3>\t\t\n\t\t\t<p>pour mettre les CONNAISSANCES dans la t\u00eate de vos \u00c9QUIPES et donner \u00e0 votre entreprise le retour d'information dont elle a besoin pour savoir o\u00f9 elle se situe<\/p>\n<p>&nbsp;<\/p>\n\t\t\t\t<img decoding=\"async\" src=\"http:\/\/profitx2.com\/wp-content\/uploads\/2021\/08\/1_3_02-175x300.png\" alt=\"1_3_02\" itemprop=\"image\" title=\"1_3_02\" onerror=\"this.style.display='none'\"  \/>\n\t<p>Le coaching num\u00e9rique prend environ 1\/3 DU TEMPS par rapport \u00e0 une formation classique<\/p>\n\t\t\t\t<img decoding=\"async\" src=\"http:\/\/profitx2.com\/wp-content\/uploads\/2021\/09\/x5_nieuw-228x300.png\" alt=\"x5_nieuw\" itemprop=\"image\" title=\"x5_nieuw\" onerror=\"this.style.display='none'\"  \/>\n\t<p>Les r\u00e9sultats chez de grandes entreprises telles qu'IBM montrent que les employ\u00e9s apprennent 5X PLUS lorsqu'ils transmettent des connaissances via une plateforme d'apprentissage num\u00e9rique<\/p>\n\t\t\t\t<img decoding=\"async\" src=\"http:\/\/profitx2.com\/wp-content\/uploads\/2021\/09\/18_nieuw-300x266.png\" alt=\"18_nieuw\" itemprop=\"image\" title=\"18_nieuw\" onerror=\"this.style.display='none'\"  \/>\n\t<p>Les organisations constatent une augmentation de 18 % de l'ENGAGEMENT de leurs employ\u00e9s lorsqu'ils disposent d'un environnement d'apprentissage num\u00e9rique (source : Molly Fletcher Company)<\/p>\n\t\t\t\t<img decoding=\"async\" src=\"http:\/\/profitx2.com\/wp-content\/uploads\/2021\/09\/90_nieuw02-300x255.png\" alt=\"90_nieuw02\" itemprop=\"image\" title=\"90_nieuw02\" onerror=\"this.style.display='none'\"  \/>\n\t<p>Digitaal Leren is goed voor onze wereld. Een studie van Britain&#8217;s Open University toont aan dat Digitale Coaching gemiddeld 90% MINDER ENERGIE verbruikt en 85% MINDER CO2-uitstoot oplevert per gebruiker in vergelijking met traditonele klassikale coaching<\/p>\n\t<h2><strong>Pourquoi ProfitX2 Digitale sales Coaching?<\/strong><\/h2>\n<ul>\n<li>De INHOUD van de Coaching Modules is gebaseerd op meer dan 30 jaar ERVARING in meer dan 30 landen, voor honderden bedrijven en duizenden Medewerkers<\/li>\n<li>Nos formations ont prouv\u00e9 \u00e0 maintes reprises qu'elles apportent PLUS DE CLIENTS, PLUS DE REVENUS et PLUS DE PROFITS<\/li>\n<li>Ces formations sont tr\u00e8s PRATIQUES et peuvent \u00eatre appliqu\u00e9es imm\u00e9diatement dans la communication avec les CLIENTS et les employ\u00e9s<\/li>\n<li>Compar\u00e9 aux autres alternatives, le coaching num\u00e9rique ne co\u00fbte qu'une fraction du prix<\/li>\n<li>De nombreuses possibilit\u00e9s de PERSONNALISER l'environnement d'apprentissage et les modules de coaching en fonction de votre entreprise ou de votre marque<\/li>\n<li>Les employ\u00e9s APPRENNENT \u00e0 leur PROPRE RYTHME, o\u00f9 et quand cela leur convient le mieux<\/li>\n<li>Des MODULES BRANCH\u00c9S ont \u00e9t\u00e9 d\u00e9velopp\u00e9s pour plusieurs secteurs<\/li>\n<li>Les modules de coaching sont d\u00e9velopp\u00e9s dans PLUS et PLUS de langues et mis \u00e0 la disposition des nombreux utilisateurs internationaux<\/li>\n<li>Ceux qui veulent R\u00c9P\u00c9TER ou revoir certains sujets peuvent le faire encore et encore jusqu'\u00e0 ce que le sujet soit compl\u00e8tement int\u00e9gr\u00e9<\/li>\n<li>Pour chaque module, il existe \u00e9galement un cours de R\u00c9P\u00c9TITION qui contient l'essentiel de la formation. Id\u00e9al pour une r\u00e9vision rapide de la mati\u00e8re<\/li>\n<li>Dans chaque coop\u00e9ration, le client est assign\u00e9 \u00e0 un chef de projet sp\u00e9cifique en tant que SPOC (Single Point of Contact), ce qui rend la communication beaucoup plus rapide et facile<\/li>\n<li>Gr\u00e2ce aux cours de R\u00c9P\u00c9TITION et au chef de projet, nous pouvons mettre en place un syst\u00e8me de RAPPEL intelligent bas\u00e9 sur la m\u00e9thodologie de Spaced Repetition du professeur Wozniak. Cela conduit \u00e0 un apport de connaissances de plus de 80%<\/li>\n<\/ul>\n\t\t\t\t\n\t\t\t<p>Une m\u00e9thode de coaching prouv\u00e9e pour de meilleurs r\u00e9sultats de vente<\/p>\n<p>&nbsp;<\/p>","protected":false},"excerpt":{"rendered":"<p>Uw TEAMS hebben KENNIS nodig om OPTIMAAL te kunnen PRESTEREN Medewerkers WILLEN optimaal presteren, maar weten dikwijls niet HOE Op 30 jaar Bedrijfscoaching voor honderden bedrijven in meer dan 30 landen, hebben wij haast nooit te maken gekregen met medewerkers die niet WILLEN presteren.\u00a0 De uitdaging waar medewerkers tegenaan lopen is dat ze niet altijd&hellip;<\/p>","protected":false},"author":1,"featured_media":0,"parent":0,"menu_order":0,"comment_status":"closed","ping_status":"closed","template":"","meta":{"_seopress_robots_primary_cat":"","_seopress_titles_title":"","_seopress_titles_desc":"","_seopress_robots_index":"","footnotes":""},"class_list":["post-87","page","type-page","status-publish","hentry"],"yoast_head":"<!-- This site is optimized with the Yoast SEO plugin v26.3 - https:\/\/yoast.com\/wordpress\/plugins\/seo\/ -->\n<title>Kennis - Welkom bij ProfitX2<\/title>\n<meta name=\"robots\" content=\"index, follow, max-snippet:-1, max-image-preview:large, max-video-preview:-1\" \/>\n<link rel=\"canonical\" href=\"https:\/\/profitx2.com\/fr\/kennis-leid-tot-resultaat\/\" \/>\n<meta property=\"og:locale\" content=\"fr_FR\" \/>\n<meta property=\"og:type\" content=\"article\" \/>\n<meta property=\"og:title\" content=\"Kennis - Welkom bij ProfitX2\" \/>\n<meta property=\"og:description\" content=\"Uw TEAMS hebben KENNIS nodig om OPTIMAAL te kunnen PRESTEREN Medewerkers WILLEN optimaal presteren, maar weten dikwijls niet HOE Op 30 jaar Bedrijfscoaching voor honderden bedrijven in meer dan 30 landen, hebben wij haast nooit te maken gekregen met medewerkers die niet WILLEN presteren.\u00a0 De uitdaging waar medewerkers tegenaan lopen is dat ze niet altijd&hellip;\" \/>\n<meta property=\"og:url\" content=\"https:\/\/profitx2.com\/fr\/kennis-leid-tot-resultaat\/\" \/>\n<meta property=\"og:site_name\" content=\"Welkom bij ProfitX2\" \/>\n<meta property=\"article:modified_time\" content=\"2022-01-18T15:26:55+00:00\" \/>\n<meta property=\"og:image\" content=\"http:\/\/profitx2.com\/wp-content\/uploads\/2021\/08\/1_3_02-175x300.png\" \/>\n<meta name=\"twitter:card\" content=\"summary_large_image\" \/>\n<meta name=\"twitter:label1\" content=\"Dur\u00e9e de lecture est.\" \/>\n\t<meta name=\"twitter:data1\" content=\"3 minutes\" \/>\n<script type=\"application\/ld+json\" class=\"yoast-schema-graph\">{\"@context\":\"https:\/\/schema.org\",\"@graph\":[{\"@type\":\"WebPage\",\"@id\":\"https:\/\/profitx2.com\/kennis-leid-tot-resultaat\/\",\"url\":\"https:\/\/profitx2.com\/kennis-leid-tot-resultaat\/\",\"name\":\"Kennis - Welkom bij ProfitX2\",\"isPartOf\":{\"@id\":\"https:\/\/profitx2.com\/#website\"},\"primaryImageOfPage\":{\"@id\":\"https:\/\/profitx2.com\/kennis-leid-tot-resultaat\/#primaryimage\"},\"image\":{\"@id\":\"https:\/\/profitx2.com\/kennis-leid-tot-resultaat\/#primaryimage\"},\"thumbnailUrl\":\"http:\/\/profitx2.com\/wp-content\/uploads\/2021\/08\/1_3_02-175x300.png\",\"datePublished\":\"2021-07-02T15:41:41+00:00\",\"dateModified\":\"2022-01-18T15:26:55+00:00\",\"breadcrumb\":{\"@id\":\"https:\/\/profitx2.com\/kennis-leid-tot-resultaat\/#breadcrumb\"},\"inLanguage\":\"fr-BE\",\"potentialAction\":[{\"@type\":\"ReadAction\",\"target\":[\"https:\/\/profitx2.com\/kennis-leid-tot-resultaat\/\"]}]},{\"@type\":\"ImageObject\",\"inLanguage\":\"fr-BE\",\"@id\":\"https:\/\/profitx2.com\/kennis-leid-tot-resultaat\/#primaryimage\",\"url\":\"http:\/\/profitx2.com\/wp-content\/uploads\/2021\/08\/1_3_02-175x300.png\",\"contentUrl\":\"http:\/\/profitx2.com\/wp-content\/uploads\/2021\/08\/1_3_02-175x300.png\"},{\"@type\":\"BreadcrumbList\",\"@id\":\"https:\/\/profitx2.com\/kennis-leid-tot-resultaat\/#breadcrumb\",\"itemListElement\":[{\"@type\":\"ListItem\",\"position\":1,\"name\":\"Home\",\"item\":\"https:\/\/profitx2.com\/\"},{\"@type\":\"ListItem\",\"position\":2,\"name\":\"Kennis\"}]},{\"@type\":\"WebSite\",\"@id\":\"https:\/\/profitx2.com\/#website\",\"url\":\"https:\/\/profitx2.com\/\",\"name\":\"Welkom bij ProfitX2\",\"description\":\"Digital Sales and Leadership Coaching\",\"potentialAction\":[{\"@type\":\"SearchAction\",\"target\":{\"@type\":\"EntryPoint\",\"urlTemplate\":\"https:\/\/profitx2.com\/?s={search_term_string}\"},\"query-input\":{\"@type\":\"PropertyValueSpecification\",\"valueRequired\":true,\"valueName\":\"search_term_string\"}}],\"inLanguage\":\"fr-BE\"}]}<\/script>\n<!-- \/ Yoast SEO plugin. -->","yoast_head_json":{"title":"Kennis - Welkom bij ProfitX2","robots":{"index":"index","follow":"follow","max-snippet":"max-snippet:-1","max-image-preview":"max-image-preview:large","max-video-preview":"max-video-preview:-1"},"canonical":"https:\/\/profitx2.com\/fr\/kennis-leid-tot-resultaat\/","og_locale":"fr_FR","og_type":"article","og_title":"Kennis - Welkom bij ProfitX2","og_description":"Uw TEAMS hebben KENNIS nodig om OPTIMAAL te kunnen PRESTEREN Medewerkers WILLEN optimaal presteren, maar weten dikwijls niet HOE Op 30 jaar Bedrijfscoaching voor honderden bedrijven in meer dan 30 landen, hebben wij haast nooit te maken gekregen met medewerkers die niet WILLEN presteren.\u00a0 De uitdaging waar medewerkers tegenaan lopen is dat ze niet altijd&hellip;","og_url":"https:\/\/profitx2.com\/fr\/kennis-leid-tot-resultaat\/","og_site_name":"Welkom bij ProfitX2","article_modified_time":"2022-01-18T15:26:55+00:00","og_image":[{"url":"http:\/\/profitx2.com\/wp-content\/uploads\/2021\/08\/1_3_02-175x300.png","type":"","width":"","height":""}],"twitter_card":"summary_large_image","twitter_misc":{"Dur\u00e9e de lecture est.":"3 minutes"},"schema":{"@context":"https:\/\/schema.org","@graph":[{"@type":"WebPage","@id":"https:\/\/profitx2.com\/kennis-leid-tot-resultaat\/","url":"https:\/\/profitx2.com\/kennis-leid-tot-resultaat\/","name":"Kennis - Welkom bij ProfitX2","isPartOf":{"@id":"https:\/\/profitx2.com\/#website"},"primaryImageOfPage":{"@id":"https:\/\/profitx2.com\/kennis-leid-tot-resultaat\/#primaryimage"},"image":{"@id":"https:\/\/profitx2.com\/kennis-leid-tot-resultaat\/#primaryimage"},"thumbnailUrl":"http:\/\/profitx2.com\/wp-content\/uploads\/2021\/08\/1_3_02-175x300.png","datePublished":"2021-07-02T15:41:41+00:00","dateModified":"2022-01-18T15:26:55+00:00","breadcrumb":{"@id":"https:\/\/profitx2.com\/kennis-leid-tot-resultaat\/#breadcrumb"},"inLanguage":"fr-BE","potentialAction":[{"@type":"ReadAction","target":["https:\/\/profitx2.com\/kennis-leid-tot-resultaat\/"]}]},{"@type":"ImageObject","inLanguage":"fr-BE","@id":"https:\/\/profitx2.com\/kennis-leid-tot-resultaat\/#primaryimage","url":"http:\/\/profitx2.com\/wp-content\/uploads\/2021\/08\/1_3_02-175x300.png","contentUrl":"http:\/\/profitx2.com\/wp-content\/uploads\/2021\/08\/1_3_02-175x300.png"},{"@type":"BreadcrumbList","@id":"https:\/\/profitx2.com\/kennis-leid-tot-resultaat\/#breadcrumb","itemListElement":[{"@type":"ListItem","position":1,"name":"Home","item":"https:\/\/profitx2.com\/"},{"@type":"ListItem","position":2,"name":"Kennis"}]},{"@type":"WebSite","@id":"https:\/\/profitx2.com\/#website","url":"https:\/\/profitx2.com\/","name":"Welkom bij ProfitX2","description":"Digital Sales and Leadership Coaching","potentialAction":[{"@type":"SearchAction","target":{"@type":"EntryPoint","urlTemplate":"https:\/\/profitx2.com\/?s={search_term_string}"},"query-input":{"@type":"PropertyValueSpecification","valueRequired":true,"valueName":"search_term_string"}}],"inLanguage":"fr-BE"}]}},"_links":{"self":[{"href":"https:\/\/profitx2.com\/fr\/wp-json\/wp\/v2\/pages\/87","targetHints":{"allow":["GET"]}}],"collection":[{"href":"https:\/\/profitx2.com\/fr\/wp-json\/wp\/v2\/pages"}],"about":[{"href":"https:\/\/profitx2.com\/fr\/wp-json\/wp\/v2\/types\/page"}],"author":[{"embeddable":true,"href":"https:\/\/profitx2.com\/fr\/wp-json\/wp\/v2\/users\/1"}],"replies":[{"embeddable":true,"href":"https:\/\/profitx2.com\/fr\/wp-json\/wp\/v2\/comments?post=87"}],"version-history":[{"count":0,"href":"https:\/\/profitx2.com\/fr\/wp-json\/wp\/v2\/pages\/87\/revisions"}],"wp:attachment":[{"href":"https:\/\/profitx2.com\/fr\/wp-json\/wp\/v2\/media?parent=87"}],"curies":[{"name":"wp","href":"https:\/\/api.w.org\/{rel}","templated":true}]}}