{"id":563,"date":"2021-09-17T12:33:49","date_gmt":"2021-09-17T12:33:49","guid":{"rendered":"https:\/\/mooof.be\/profitx2\/?page_id=563"},"modified":"2021-12-15T10:12:50","modified_gmt":"2021-12-15T10:12:50","slug":"de-iron-sales-rep","status":"publish","type":"page","link":"https:\/\/profitx2.com\/fr\/de-iron-sales-rep\/","title":{"rendered":"Le Iron Sales Rep"},"content":{"rendered":"<h1>b2B sales programma&#8217;s<\/h1>\n\t<h1>Le Iron Sales Rep<\/h1>\n\t<h6><strong>Dit Programma is ons meest complete Sales-Support-programma.\u00a0 Het bevat niet enkel de Modules uit het voorgaande Sales-ROI-Booster-Programma, maar tevens de Modules Time Management, Gestructureerd Groeien en de Module Value Creation.\u00a0 De extra informatie van deze Modules zal u of uw medewerkers zowel op zakelijk- als op priv\u00e9-vlak ondersteunen want Motivatie is inderdaad een 360\u00b0-concept waarmee je niet enkel jezelf, maar ook je klanten, familieleden en collega&#8217;s mee kan motiveren, en Time Management is uiteraard ook voor een groot deel Life-Management, en vandaar een erg belangrijke Module in ons gamma. <\/strong><br \/>\n<strong>In de Module &#8216;Value Creation&#8217; wordt er tevens aangeleerd hoe je zelf intern een USP-Workshop voor je eigen onderneming kan organiseren om op die manier Unieke Value te cre\u00ebren die uw bedrijf de volgende jaren aan de TOP zal houden.<\/strong><\/h6>\n\t<h1>Ce programme de vente B2C comprend les huit modules suivants :<\/h1>\n\t<ul>\n<li>Culture, mission et vision<\/li>\n<li>Time Management<\/li>\n<li>Excellente ex\u00e9cution<\/li>\n<li>TEAM Building<\/li>\n<li>Motivation 360\u00b0<\/li>\n<li>Croissance structur\u00e9e<\/li>\n<li>Cr\u00e9ation de valeur (avec USP-Workshop)<\/li>\n<li>R\u00e9flexion strat\u00e9gique<\/li>\n<\/ul>\n\t<p><strong>Total<\/strong><\/p>\n<p><strong>144 vid\u00e9os de formation<\/strong><\/p>\n\t<h3>Culture, mission et vision<\/h3>\n<p>Cette formation concerne donc la culture, ou plus pr\u00e9cis\u00e9ment la culture de votre entreprise ou la culture de votre \u00e9quipe de vente. Il s'agit \u00e9galement de la vision de l'avenir et du r\u00f4le que vous voulez jouer avec votre entreprise ou avec votre \u00e9quipe de vente dans cette vision. Quelque chose qui est exprim\u00e9 dans l'\u00e9nonc\u00e9 de mission. Chaque entreprise et chaque \u00e9quipe de vente a \u00e9videmment une culture d'entreprise qui domine et c'est cette culture qui d\u00e9terminera le comportement des employ\u00e9s ou l'attitude qu'ils adopteront en venant travailler chaque jour. Cette attitude d\u00e9terminera pour vos clients leur exp\u00e9rience client dans chaque contact qu'ils ont, de quelque mani\u00e8re que ce soit, avec votre entreprise.\u00a0Et l'exp\u00e9rience client sera un facteur d\u00e9cisif dans la concurrence entre les entreprises dans les ann\u00e9es \u00e0 venir.\u00a0Celui qui peut offrir la meilleure exp\u00e9rience client sera en mesure de convaincre les clients et aura une chance de vendre quelque chose. En y ajoutant un ensemble puissant de convictions, vous obtenez une entreprise ou une \u00e9quipe commerciale capable d'atteindre n'importe quel objectif.<\/p>\n<p><strong>\u00a0<\/strong><\/p>\n<h3>Time Management<\/h3>\n<p>De laatste Module in deze reeks gaat dus over Time Management, of, het zo rendabel mogelijk gebruik maken van je tijd.\u00a0 Het is een opleiding die elke medewerker zal interesseren, want Time Management is ook wel een beetje Life Management en veel van de technieken die medewerkers in deze opleiding leren zullen hen ook in hun priv\u00e9leven helpen om hun tijd veel rendabeler te maken.\u00a0 Wat medewerkers in deze opleiding leren zijn dus allerlei strategie\u00ebn die je kan inzetten, maar ook hier en daar een nieuwe manier van &#8216;denken&#8217; over tijd, die zorgt dat er betere beslissingen genomen worden.\u00a0 Eens een commerci\u00eble medewerker deze vaardigheiden onder de knie heeft zal hij of zij daar automatisch ook andere mensen in hun omgeving mee\u00a0 kunnen inspireren en helpen.<\/p>\n<p>Et comme dans les affaires, le temps est synonyme d'argent (TIME = MONEY), ce module a un impact direct sur la RENDABILIT\u00c9 de l'entreprise.<\/p>\n<p>&nbsp;<\/p>\n<h3>Excellente ex\u00e9cution<\/h3>\n<p>Deze reeks gaat over Excellent Execution of Perfectie in Uitvoering.\u00a0 Het is in het bedrijfsleven, dikwijls de ontbrekende schakel tussen enerzijds de verkopen die door het salesteam gerealiseerd worden, en anderzijds de uiteindelijke realisatie van deze verkochte dossiers.\u00a0 Verkoop en omzet is absoluut noodzakelijk om een bedrijf te laten floreren in een steeds meer competitieve bedrijfswereld.\u00a0 Maar net zo goed is het belangrijk om achteraf de beloftes die gemaakt zijn aan de klanten, als Bedrijf ook na te komen.\u00a0 En, &#8230; dan ook liefst op een manier dat het tevens rendabel is voor het bedrijf.\u00a0 En dat is net waar we in deze module, Excellent Execution, heel uitgebreid op ingaan.\u00a0 Niet enkel het &#8216;verkopen&#8217; van producten en services, want daar hebben we de typische Sales Modules voor, maar eerder het prefect uitvoeren van de zaken die verkocht zijn door het Salesteam.<\/p>\n\n<h3>TEAM Building<\/h3>\n<p>Deze reeks gaat dus over TEAMbuilding en maakt deel uit van de Sales-Support-modules.\u00a0 Logisch toch, want als je als Salesteam of als leider van een Salesteam succesvol wil zijn, dan zal je het TEAM professioneel moeten kunnen aansturen en motiveren.\u00a0 Met de informatie in deze opleiding zal je niet enkel leren wat de voorwaarden zijn voor een goed team en om een goede teamplayer te zijn, maar je zal ook leren hoe je als coach een TEAM kan helpen om succesvol te zijn.\u00a0 Je leert de drie pijlers van een goed functionerend TEAM kennen, Focus, Cohesie en een gedeelde Verantwoordelijkheid, en vooral, &#8230; hoe je deze drie pijlers kan bijsturen en finetunen.<\/p>\n\t<h3>Motivation 360\u00b0<\/h3>\n<p>Eens een commerci\u00eble medewerker de technieken van Motivatie in de vingers heeft, kan hij of zij deze zowel gebruiken om zichzelf te motiveren, om de medewerkers of collega&#8217;s te motiveren en uiteraard ook om de klanten te motiveren om voor de aanbieding en voor uw Bedrijf te kiezen.\u00a0 In deze opleiding wordt een uitgebreid assortiment aan tools en praktische handvaten aangereikt waar een B2B-verkoper onmiddellijk mee aan de slag kan en die snel en vlot resultaten zullen opleveren.\u00a0 Motivatie is in essentie een erg psychologisch gegeven en het is geen een toeval om als Salesrep &#8216;a life on pupose&#8217; te leven.\u00a0 Met de kennis van deze Module is het iets waar de Salesrep bewust naar toe kan werken.<\/p>\n<p>&nbsp;<\/p>\n<h3>Croissance structur\u00e9e<\/h3>\n<p>In de natuur heb je twee soorten materie. Je hebt &#8216;dode&#8217; materie, zoals bijvoorbeeld rotsen en keien, en je hebt levende materie, zoals bijvoorbeeld bomen, planten en bloemen. Als we praten over &#8216;natuurlijke&#8217; materie, dan zijn er opnieuw slechts twee mogelijkheden. Levende materie is &#8216;aan het groeien&#8217; of &#8216;aan het afsterven&#8217;. Er bestaat geen &#8216;status quo&#8217; in de natuur.<\/p>\n<p>Van daaruit kan je stellen dat GROEI iets erg &#8216;natuurlijk&#8217; is en een indicator, of levende materie, nog volop &#8216;in leven&#8217; is of eerder &#8216;stervend&#8217; is.<\/p>\n<p>Ook in de bedrijfswereld zijn zowel mensen als bedrijven in volle groei, of aan het (af)sterven.\u00a0 Deze reeks heeft als doel om het groeiproces te initi\u00ebren en te begeleiden, zodat mensen en bedrijven na deze opleidingsreeks verder konden doorgroeien naar hun volgende level van performantie.\u00a0 Vanuit onze meer dan 30 jaar ervaring in Bedrijfscoaching, weten we dat bepaalde aanpakken steeds opnieuw werken omdat er duidelijk een gezonde en effectieve &#8216;denkwijze&#8217; achter verscholen zat.\u00a0 Het zijn als het ware groei-principes waarmee je in bedrijfs-coaching steeds opnieuw resultaten kon neerzetten, en dat op een erg gestructureerde wijze.<\/p>\n<p>&nbsp;<\/p>\n<h3>Cr\u00e9ation de valeur (avec USP-Workshop)<\/h3>\n<p>De meest ideale hefboom voor bedrijven die willen &#8216;groeien&#8217;, is het cre\u00ebren van meer &#8216;waarde&#8217; voor hun klanten.\u00a0 Als die waarde door de markt ervaren wordt als &#8216;speciaal&#8217; en &#8216;uniek&#8217; voor het merk, dan spreken we van USP&#8217;s (Unique Selling Points) of UVA&#8217;s (Unieke Voordeel Argumenten).\u00a0 Uw Salesteam kan eender wat verkocht krijgen, voor eender welke prijs met een goede marge, op voorwaarde dat zij de klanten kunnen overtuigen dat uw Bedrijf als enige een waarde kan aanbieden die deze specifieke klant als belangrijk voor hem of haar beschouwt.\u00a0 Het gaat dus niet om de prijs &#8230; op voorwaarde dat men exclusieve WAARDE te bieden heeft.\u00a0 Het spreekwoord zegt dan ook terecht: Differentiate with VALUE or Die on PRICE.\u00a0 Alle basis Sales-modules in ons gamma hebben tot doel de klant spontaan JA te doen zeggen tegen het voorstel van de verkoper, Account Manager of Key Account Manager. \u00a0Deze opleidingsreeks is bedoeld om duidelijkheid en nieuwe idee\u00ebn te krijgen over de Unieke Waarde die uw Bedrijf te bieden heeft.<\/p>\n<p>&nbsp;<\/p>\n<h3>R\u00e9flexion strat\u00e9gique<\/h3>\n<p>Cette formation concerne la r\u00e9flexion strat\u00e9gique et, plus pr\u00e9cis\u00e9ment, la r\u00e9flexion de mani\u00e8re \u00e0 ce que les id\u00e9es que vous avez en \u00e9quipe ou en tant qu'entrepreneur soient mises en pratique autant et aussi bien que possible. Les id\u00e9es ne valent rien si elles ne sont pas ex\u00e9cut\u00e9es. C'est un sujet que nous abordons en d\u00e9tail dans le module \"Excellente ex\u00e9cution\". Et pour ex\u00e9cuter une id\u00e9e, vous devrez \u00e9galement d\u00e9terminer une strat\u00e9gie ou un plan d'action.\u00a0Une fois que vous avez une m\u00e9thode pour cela, il est tellement plus facile de transformer les id\u00e9es en une r\u00e9alit\u00e9 tangible. Et une approche strat\u00e9gique comprend des mesures tactiques d'une part, et un aper\u00e7u de la situation d'autre part, afin de garder un \u0153il sur la situation dans son ensemble. Vous apprendrez \u00e0 utiliser toutes ces choses dans cette formation.<\/p>\n\t<p><strong>Votre \u00c9QUIPE DE VENTE ou votre RESPONSABLE obtiendra avec ce programme les CONNAISSANCES suivantes pour : <\/strong><\/p>\n<ul>\n<li>\u00a0 CHANGER les croyances LIMITANTES en croyances encourageantes<\/li>\n<li>Travailler en fonction de LIGNES DIRECTRICES DE CONDUITE sp\u00e9cifiques, qui d\u00e9termineront l'ATTITUDE g\u00e9n\u00e9rale au sein de l'entreprise ou de l'\u00e9quipe de vente<\/li>\n<li>Traduire l'\u00c9NONC\u00c9 DE MISSION en OBJECTIFS concrets et \u00e9laborer les strat\u00e9gies n\u00e9cessaires pour les atteindre<\/li>\n<li>Mieux g\u00e9rer les \u00e9checs, auxquels tout repr\u00e9sentant commercial est confront\u00e9<\/li>\n<li>Partager les meilleures pratiques de personnes qui savent tr\u00e8s bien utiliser leur temps de mani\u00e8re rentable<\/li>\n<li>Les diff\u00e9rentes fa\u00e7ons de planifier et d'\u00e9tablir des priorit\u00e9s plus facilement, car sans priorit\u00e9s, il n'y a pas de bon Time Management<\/li>\n<li>Te werken met KPI&#8217;s om op die manier, enerzijds het Salesproces onder controle te krijgen, en anderzijds, om makkelijker feedback te kunnen geven aan de leidinggevenden van het Bedrijf<\/li>\n<li>Comment, en d\u00e9composant les grands OBJECTIFS en petites CIBLES, vous pouvez obtenir une plus grande responsabilit\u00e9 de la part de l'\u00e9quipe de vente et faire des ajustements plus rapidement si n\u00e9cessaire<\/li>\n<li>Waarom eigenschappen als &#8216;flexibiliteit&#8217; en &#8216;agility&#8217; of &#8216;wendbaar&#8217; zijn, zo belangrijk zijn in een bedrijfswereld die constant in verandering is<\/li>\n<li>Conna\u00eetre les diff\u00e9rences entre une \u00e9quipe TOP et des \u00e9quipes qui fonctionnent moins bien, et \u00e0 partir de l\u00e0, mettre en place les bons changements au sein de votre propre \u00c9QUIPE<\/li>\n<li>Niet meer afhankelijk zijn van &#8216;geluk&#8217;, maar wel van een juiste mix aan vaardigheden en persoonlijkheden door een goed doordacht TEAM samen te stellen<\/li>\n<li>Conna\u00eetre les caract\u00e9ristiques d'un JOUEUR D'\u00c9QUIPE id\u00e9al et, \u00e0 partir de l\u00e0, \u00eatre capable de coacher efficacement les comportements qui s'en \u00e9cartent<\/li>\n<li>Een van nature uit, iets kleiner ZELFBEWUSTZIJN, gigantisch te boosten door de &#8217;turbo&#8217; van het state-management of stemming-controle<\/li>\n<li>Het Pijn-Plezier-principe toe te passen op de zelfmotivatie, de motivatie van collega&#8217;s, en vooral, op de motivatie van klanten door uw bedrijfs-USP&#8217;s af te stemmen op de Pijn- of Plezier-voorkeuren van uw klanten<\/li>\n<li>D\u00e9couvrir ce qu'est la SOURCE de la motivation et comment l'optimiser<\/li>\n<li>Voir \u00e0 quel point il est important de sortir r\u00e9guli\u00e8rement de la ZONE DE CONFORT, \u00e0 la fois en tant que personne et en tant qu'\u00e9quipe, afin de conna\u00eetre une vraie CROISSANCE<\/li>\n<li>Quelles sont les PI\u00c8GES de la CROISSANCE pour une \u00e9quipe de vente, en particulier : croissance trop rapide, croissance sur un seul client et croissance incontr\u00f4l\u00e9e<\/li>\n<li>Comment CRO\u00ceTRE EN \u00c9QUIPE et ce que cette croissance peut signifier pour l'ensemble de l'organisation<\/li>\n<li>Hoe en WAAROM het zo belangrijk is om een onderscheid te maken in VALUE die gericht is op &#8216;Pijn vermijden&#8217; en VALUE die gericht is op &#8216;Plezier winnen&#8217;<\/li>\n<li>HOE het TEAM, of de verschillende TEAMS binnen het Bedrijf, BRAINSTORM-SESSIES kunnen organiseren om nieuwe USP&#8217;s te bedenken<\/li>\n<li>Pourquoi l'\u00e9quipe de vente doit se concentrer sur les \"exp\u00e9riences APR\u00c8S l'achat\" des clients comme arguments principaux pour convaincre les clients<\/li>\n<li>Comment faire en sorte que vous-m\u00eame et votre \u00c9QUIPE r\u00e9fl\u00e9chissiez de mani\u00e8re strat\u00e9gique en posant des questions strat\u00e9giques<\/li>\n<li>Utiliser des mod\u00e8les strat\u00e9giques tels que le Balanced Scorecard ou le ProfitX2 Strategische Map pour obtenir des R\u00c9SULTATS plus rapidement (et de mani\u00e8re strat\u00e9gique)<\/li>\n<li>Hoe je Strategische Talenten kan herkennen binnen je TEAM of Bedrijf en hoe je aan Scenario-thinking kan doen om op alle mogelijke scenario&#8217;s voorbereid te zijn<\/li>\n<\/ul>\n\t<h2>Les modules optionnels les plus int\u00e9ressants de ce programme sont certainement les modules Executive Sales &amp; Crisis Management<\/h2>\n\t<h3>Executive Sales<\/h3>\n<p>Zowel in een B2B- als in een B2C-omgeving, zal het regelmatig gebeuren dat ook zaakvoerders en\/of leidinggevenden, zich in de verkoop-arena moeten plaatsen.\u00a0 Sommige klanten willen nu eenmaal enkel zaken doen met &#8217;the BOSS&#8217; himself.<\/p>\n<p>Ce n'est pas toujours facile pour un chef d'entreprise qui, d'une part, n'a pas l'habitude d'avoir de telles conversations et, d'autre part, a tant d'autres choses \u00e0 faire.\u00a0Cependant, le chef d'entreprise dispose d'un certain nombre d'atouts importants, et s'ils sont bien jou\u00e9s, le chef d'entreprise peut, lui aussi, conclure l'affaire (ou \u00eatre en mesure de le faire) dans presque tous les cas.\u00a0COMMENT le faire sp\u00e9cifiquement en tant que chef d'entreprise ou manager, est ce que vous apprendrez dans cette  formation.<\/p>\n\t<h3>Crisis Management<\/h3>\n<p>Deze reeks gaat over het Managen van een Crisis of, het beter omgaan en anticiperen als bedrijf op Crisissituaties.\u00a0 Tijdens de Corona-lockdown-periode kregen wij haast dagelijks mails van klanten met specifieke vragen.\u00a0 De overheersende trend van deze vragen was duidelijk &#8216;hoe kan ik mijn bedrijf zo goed mogelijk aansturen in dergelijke uitdagende omstandigheden.\u00a0 Rendabiliteit is al decennialang ons hoofdthema geweest, zowel in Sales- als in Leadership-opleidingen en zeker in Crisissituaties dienen bedrijven zich te focussen op een extreme vorm van rendabiliteit.\u00a0 De huidige crisiscultuur legt ondernemers zoveel beperkingen op dat elke fout haast onvergeeflijk wordt.\u00a0 The Time to Play is over, zoveel is wel duidelijk.\u00a0 Bedrijven die deze Corona-storm of eender welke crisis willen doorkomen zullen zich moeten omringen met de juiste medewerkers, &#8230; gebruik maken van de juiste strategie\u00ebn en vooral &#8230; op de juiste manier moeten denken.\u00a0 Met deze opleiding willen wij u graag van een aantal antwoorden voorzien.<\/p>\n\t<h3>Wij spreken graag met u af om deze opleiding of overige Digitale Coaching Programma&#8217;s persoonlijk toe te lichten<\/h3>\n\t\t\t<a href=\"https:\/\/outlook.office365.com\/owa\/calendar\/ProfitX21@cotteleer.be\/bookings\/\" target=\"_blank\" role=\"button\" rel=\"noopener\">\n\t\t\t\t\t\t\tR\u00e9server un appel en ligne ou contactez-nous\n\t\t\t\t\t<\/a>","protected":false},"excerpt":{"rendered":"<p>b2B sales programma&#8217;s De Iron Sales Rep Dit Programma is ons meest complete Sales-Support-programma.\u00a0 Het bevat niet enkel de Modules uit het voorgaande Sales-ROI-Booster-Programma, maar tevens de Modules Time Management, Gestructureerd Groeien en de Module Value Creation.\u00a0 De extra informatie van deze Modules zal u of uw medewerkers zowel op zakelijk- als op priv\u00e9-vlak ondersteunen&hellip;<\/p>","protected":false},"author":1,"featured_media":0,"parent":0,"menu_order":0,"comment_status":"closed","ping_status":"closed","template":"","meta":{"_seopress_robots_primary_cat":"","_seopress_titles_title":"","_seopress_titles_desc":"","_seopress_robots_index":"","footnotes":""},"class_list":["post-563","page","type-page","status-publish","hentry"],"yoast_head":"<!-- This site is optimized with the Yoast SEO plugin v26.3 - https:\/\/yoast.com\/wordpress\/plugins\/seo\/ -->\n<title>De Iron Sales Rep - Welkom bij ProfitX2<\/title>\n<meta name=\"robots\" content=\"index, follow, max-snippet:-1, max-image-preview:large, max-video-preview:-1\" \/>\n<link rel=\"canonical\" href=\"https:\/\/profitx2.com\/fr\/de-iron-sales-rep\/\" \/>\n<meta property=\"og:locale\" content=\"fr_FR\" \/>\n<meta property=\"og:type\" content=\"article\" \/>\n<meta property=\"og:title\" content=\"De Iron Sales Rep - Welkom bij ProfitX2\" \/>\n<meta property=\"og:description\" content=\"b2B sales programma&#8217;s De Iron Sales Rep Dit Programma is ons meest complete Sales-Support-programma.\u00a0 Het bevat niet enkel de Modules uit het voorgaande Sales-ROI-Booster-Programma, maar tevens de Modules Time Management, Gestructureerd Groeien en de Module Value Creation.\u00a0 De extra informatie van deze Modules zal u of uw medewerkers zowel op zakelijk- als op priv\u00e9-vlak ondersteunen&hellip;\" \/>\n<meta property=\"og:url\" content=\"https:\/\/profitx2.com\/fr\/de-iron-sales-rep\/\" \/>\n<meta property=\"og:site_name\" content=\"Welkom bij ProfitX2\" \/>\n<meta property=\"article:modified_time\" content=\"2021-12-15T10:12:50+00:00\" \/>\n<meta name=\"twitter:card\" content=\"summary_large_image\" \/>\n<meta name=\"twitter:label1\" content=\"Dur\u00e9e de lecture est.\" \/>\n\t<meta name=\"twitter:data1\" content=\"9 minutes\" \/>\n<script type=\"application\/ld+json\" class=\"yoast-schema-graph\">{\"@context\":\"https:\/\/schema.org\",\"@graph\":[{\"@type\":\"WebPage\",\"@id\":\"https:\/\/profitx2.com\/de-iron-sales-rep\/\",\"url\":\"https:\/\/profitx2.com\/de-iron-sales-rep\/\",\"name\":\"De Iron Sales Rep - Welkom bij ProfitX2\",\"isPartOf\":{\"@id\":\"https:\/\/profitx2.com\/#website\"},\"datePublished\":\"2021-09-17T12:33:49+00:00\",\"dateModified\":\"2021-12-15T10:12:50+00:00\",\"breadcrumb\":{\"@id\":\"https:\/\/profitx2.com\/de-iron-sales-rep\/#breadcrumb\"},\"inLanguage\":\"fr-BE\",\"potentialAction\":[{\"@type\":\"ReadAction\",\"target\":[\"https:\/\/profitx2.com\/de-iron-sales-rep\/\"]}]},{\"@type\":\"BreadcrumbList\",\"@id\":\"https:\/\/profitx2.com\/de-iron-sales-rep\/#breadcrumb\",\"itemListElement\":[{\"@type\":\"ListItem\",\"position\":1,\"name\":\"Home\",\"item\":\"https:\/\/profitx2.com\/\"},{\"@type\":\"ListItem\",\"position\":2,\"name\":\"De Iron Sales Rep\"}]},{\"@type\":\"WebSite\",\"@id\":\"https:\/\/profitx2.com\/#website\",\"url\":\"https:\/\/profitx2.com\/\",\"name\":\"Welkom bij ProfitX2\",\"description\":\"Digital Sales and Leadership Coaching\",\"potentialAction\":[{\"@type\":\"SearchAction\",\"target\":{\"@type\":\"EntryPoint\",\"urlTemplate\":\"https:\/\/profitx2.com\/?s={search_term_string}\"},\"query-input\":{\"@type\":\"PropertyValueSpecification\",\"valueRequired\":true,\"valueName\":\"search_term_string\"}}],\"inLanguage\":\"fr-BE\"}]}<\/script>\n<!-- \/ Yoast SEO plugin. -->","yoast_head_json":{"title":"De Iron Sales Rep - Welkom bij ProfitX2","robots":{"index":"index","follow":"follow","max-snippet":"max-snippet:-1","max-image-preview":"max-image-preview:large","max-video-preview":"max-video-preview:-1"},"canonical":"https:\/\/profitx2.com\/fr\/de-iron-sales-rep\/","og_locale":"fr_FR","og_type":"article","og_title":"De Iron Sales Rep - Welkom bij ProfitX2","og_description":"b2B sales programma&#8217;s De Iron Sales Rep Dit Programma is ons meest complete Sales-Support-programma.\u00a0 Het bevat niet enkel de Modules uit het voorgaande Sales-ROI-Booster-Programma, maar tevens de Modules Time Management, Gestructureerd Groeien en de Module Value Creation.\u00a0 De extra informatie van deze Modules zal u of uw medewerkers zowel op zakelijk- als op priv\u00e9-vlak ondersteunen&hellip;","og_url":"https:\/\/profitx2.com\/fr\/de-iron-sales-rep\/","og_site_name":"Welkom bij ProfitX2","article_modified_time":"2021-12-15T10:12:50+00:00","twitter_card":"summary_large_image","twitter_misc":{"Dur\u00e9e de lecture est.":"9 minutes"},"schema":{"@context":"https:\/\/schema.org","@graph":[{"@type":"WebPage","@id":"https:\/\/profitx2.com\/de-iron-sales-rep\/","url":"https:\/\/profitx2.com\/de-iron-sales-rep\/","name":"De Iron Sales Rep - Welkom bij ProfitX2","isPartOf":{"@id":"https:\/\/profitx2.com\/#website"},"datePublished":"2021-09-17T12:33:49+00:00","dateModified":"2021-12-15T10:12:50+00:00","breadcrumb":{"@id":"https:\/\/profitx2.com\/de-iron-sales-rep\/#breadcrumb"},"inLanguage":"fr-BE","potentialAction":[{"@type":"ReadAction","target":["https:\/\/profitx2.com\/de-iron-sales-rep\/"]}]},{"@type":"BreadcrumbList","@id":"https:\/\/profitx2.com\/de-iron-sales-rep\/#breadcrumb","itemListElement":[{"@type":"ListItem","position":1,"name":"Home","item":"https:\/\/profitx2.com\/"},{"@type":"ListItem","position":2,"name":"De Iron Sales Rep"}]},{"@type":"WebSite","@id":"https:\/\/profitx2.com\/#website","url":"https:\/\/profitx2.com\/","name":"Welkom bij ProfitX2","description":"Digital Sales and Leadership Coaching","potentialAction":[{"@type":"SearchAction","target":{"@type":"EntryPoint","urlTemplate":"https:\/\/profitx2.com\/?s={search_term_string}"},"query-input":{"@type":"PropertyValueSpecification","valueRequired":true,"valueName":"search_term_string"}}],"inLanguage":"fr-BE"}]}},"_links":{"self":[{"href":"https:\/\/profitx2.com\/fr\/wp-json\/wp\/v2\/pages\/563","targetHints":{"allow":["GET"]}}],"collection":[{"href":"https:\/\/profitx2.com\/fr\/wp-json\/wp\/v2\/pages"}],"about":[{"href":"https:\/\/profitx2.com\/fr\/wp-json\/wp\/v2\/types\/page"}],"author":[{"embeddable":true,"href":"https:\/\/profitx2.com\/fr\/wp-json\/wp\/v2\/users\/1"}],"replies":[{"embeddable":true,"href":"https:\/\/profitx2.com\/fr\/wp-json\/wp\/v2\/comments?post=563"}],"version-history":[{"count":0,"href":"https:\/\/profitx2.com\/fr\/wp-json\/wp\/v2\/pages\/563\/revisions"}],"wp:attachment":[{"href":"https:\/\/profitx2.com\/fr\/wp-json\/wp\/v2\/media?parent=563"}],"curies":[{"name":"wp","href":"https:\/\/api.w.org\/{rel}","templated":true}]}}