{"id":557,"date":"2021-09-17T12:28:57","date_gmt":"2021-09-17T12:28:57","guid":{"rendered":"https:\/\/mooof.be\/profitx2\/?page_id=557"},"modified":"2021-12-15T10:12:31","modified_gmt":"2021-12-15T10:12:31","slug":"de-sales-roi-booster","status":"publish","type":"page","link":"https:\/\/profitx2.com\/fr\/de-sales-roi-booster\/","title":{"rendered":"Le Sales-ROI-Booster"},"content":{"rendered":"<h1>SALES SUPPORT Programma&#8217;s<\/h1>\n\t\t\t\t<img decoding=\"async\" src=\"http:\/\/profitx2.com\/wp-content\/uploads\/2021\/07\/bestseller.png\" alt=\"bestseller\" itemprop=\"image\" title=\"bestseller\" onerror=\"this.style.display='none'\"  \/>\n\t<h1>Le Sales-ROI-Booster<\/h1>\n\t<h6><strong>Dit Programma is een erg &#8216;compleet&#8217; programma dat volledig los staat van de pure Sales-communicatie Programma&#8217;s.\u00a0 Met de informatie van deze SUPPORT Programma&#8217;s zal een Salesteam of een Sales Manager, op een meer gestructureerde manier kunnen werken en het TEAM aansturen.\u00a0 TEAMWORK makes the DREAM work, maar enkel op voorwaarde dat het bouwen van een TEAM, de Missie en de Visie van het TEAM, de doestellingen en de bijhorende strategie\u00ebn om deze doelen te bereiken, op een professionele manier worden ingezet.\u00a0<\/strong><\/h6>\n\t<h1>Ce programme de vente B2C comprend les cinq modules suivants :<\/h1>\n\t<ul>\n<li>Culture, mission et vision<\/li>\n<li>Excellente ex\u00e9cution<\/li>\n<li>TEAM Building<\/li>\n<li>R\u00e9flexion strat\u00e9gique<\/li>\n<li>Motivation 360\u00b0<\/li>\n<\/ul>\n\t<p><strong>Total<\/strong><\/p>\n<p><strong>90 vid\u00e9os de formation<\/strong><\/p>\n\t<h3>Culture, mission et vision<\/h3>\n<p>Cette formation concerne donc la culture, ou plus pr\u00e9cis\u00e9ment la culture de votre entreprise ou la culture de votre \u00e9quipe de vente. Il s'agit \u00e9galement de la vision de l'avenir et du r\u00f4le que vous voulez jouer avec votre entreprise ou avec votre \u00e9quipe de vente dans cette vision. Quelque chose qui est exprim\u00e9 dans l'\u00e9nonc\u00e9 de mission. Chaque entreprise et chaque \u00e9quipe de vente a \u00e9videmment une culture d'entreprise qui domine et c'est cette culture qui d\u00e9terminera le comportement des employ\u00e9s ou l'attitude qu'ils adopteront en venant travailler chaque jour. Cette attitude d\u00e9terminera pour vos clients leur exp\u00e9rience client dans chaque contact qu'ils ont, de quelque mani\u00e8re que ce soit, avec votre entreprise.\u00a0Et l'exp\u00e9rience client sera un facteur d\u00e9cisif dans la concurrence entre les entreprises dans les ann\u00e9es \u00e0 venir.\u00a0Celui qui peut offrir la meilleure exp\u00e9rience client sera en mesure de convaincre les clients et aura une chance de vendre quelque chose. En y ajoutant un ensemble puissant de convictions, vous obtenez une entreprise ou une \u00e9quipe commerciale capable d'atteindre n'importe quel objectif.<\/p>\n\n<h3>Excellente ex\u00e9cution<\/h3>\n<p>Deze reeks gaat over Excellent Execution of Perfectie in Uitvoering.\u00a0 Het is in het bedrijfsleven, dikwijls de ontbrekende schakel tussen enerzijds de verkopen die door het salesteam gerealiseerd worden, en anderzijds de uiteindelijke realisatie van deze verkochte dossiers.\u00a0 Verkoop en omzet is absoluut noodzakelijk om een bedrijf te laten floreren in een steeds meer competitieve bedrijfswereld.\u00a0 Maar net zo goed is het belangrijk om achteraf de beloftes die gemaakt zijn aan de klanten, als Bedrijf ook na te komen.\u00a0 En, &#8230; dan ook liefst op een manier dat het tevens rendabel is voor het bedrijf.\u00a0 En dat is net waar we in deze module, Excellent Execution, heel uitgebreid op ingaan.\u00a0 Niet enkel het &#8216;verkopen&#8217; van producten en services, want daar hebben we de typische Sales Modules voor, maar eerder het prefect uitvoeren van de zaken die verkocht zijn door het Salesteam.<\/p>\n<p><strong>\u00a0<\/strong><\/p>\n<h3>TEAM Building<\/h3>\n<p>Deze reeks gaat dus over TEAMbuilding en maakt deel uit van de Sales-Support-modules.\u00a0 Logisch toch, want als je als Salesteam of als leider van een Salesteam succesvol wil zijn, dan zal je het TEAM professioneel moeten kunnen aansturen en motiveren.\u00a0 Met de informatie in deze opleiding zal je niet enkel leren wat de voorwaarden zijn voor een goed team en om een goede teamplayer te zijn, maar je zal ook leren hoe je als coach een TEAM kan helpen om succesvol te zijn.\u00a0 Je leert de drie pijlers van een goed functionerend TEAM kennen, Focus, Cohesie en een gedeelde Verantwoordelijkheid, en vooral, &#8230; hoe je deze drie pijlers kan bijsturen en finetunen.<\/p>\n\t<h3>R\u00e9flexion strat\u00e9gique<\/h3>\n<p>Cette formation concerne la r\u00e9flexion strat\u00e9gique et, plus pr\u00e9cis\u00e9ment, la r\u00e9flexion de mani\u00e8re \u00e0 ce que les id\u00e9es que vous avez en \u00e9quipe ou en tant qu'entrepreneur soient mises en pratique autant et aussi bien que possible. Les id\u00e9es ne valent rien si elles ne sont pas ex\u00e9cut\u00e9es. C'est un sujet que nous abordons en d\u00e9tail dans le module \"Excellente ex\u00e9cution\". Et pour ex\u00e9cuter une id\u00e9e, vous devrez \u00e9galement d\u00e9terminer une strat\u00e9gie ou un plan d'action.\u00a0Une fois que vous avez une m\u00e9thode pour cela, il est tellement plus facile de transformer les id\u00e9es en une r\u00e9alit\u00e9 tangible. Et une approche strat\u00e9gique comprend des mesures tactiques d'une part, et un aper\u00e7u de la situation d'autre part, afin de garder un \u0153il sur la situation dans son ensemble. Vous apprendrez \u00e0 utiliser toutes ces choses dans cette formation.<\/p>\n<p>&nbsp;<\/p>\n<h3>Motivation 360\u00b0<\/h3>\n<p>Eens een commerci\u00eble medewerker de technieken van Motivatie in de vingers heeft, kan hij of zij deze zowel gebruiken om zichzelf te motiveren, om de medewerkers of collega&#8217;s te motiveren en uiteraard ook om de klanten te motiveren om voor de aanbieding en voor uw Bedrijf te kiezen.\u00a0 In deze opleiding wordt een uitgebreid assortiment aan tools en praktische handvaten aangereikt waar een B2B-verkoper onmiddellijk mee aan de slag kan en die snel en vlot resultaten zullen opleveren.\u00a0 Motivatie is in essentie een erg psychologisch gegeven en het is geen een toeval om als Salesrep &#8216;a life on pupose&#8217; te leven.\u00a0 Met de kennis van deze Module is het iets waar de Salesrep bewust naar toe kan werken.<\/p>\n\t<p><strong>Votre \u00c9QUIPE DE VENTE ou votre RESPONSABLE obtiendra avec ce programme les CONNAISSANCES suivantes pour : <\/strong><\/p>\n<ul>\n<li>CHANGER les croyances LIMITANTES en croyances encourageantes<\/li>\n<li>Travailler en fonction de LIGNES DIRECTRICES DE CONDUITE sp\u00e9cifiques, qui d\u00e9termineront l'ATTITUDE g\u00e9n\u00e9rale au sein de l'entreprise ou de l'\u00e9quipe de vente<\/li>\n<li>Traduire l'\u00c9NONC\u00c9 DE MISSION en OBJECTIFS concrets et \u00e9laborer les strat\u00e9gies n\u00e9cessaires pour les atteindre<\/li>\n<li>Te werken met KPI&#8217;s om op die manier, enerzijds het Salesproces onder controle te krijgen, en anderzijds, om makkelijker feedback te kunnen geven aan de leidinggevenden van het Bedrijf<\/li>\n<li>Comment, en d\u00e9composant les grands OBJECTIFS en petites CIBLES, vous pouvez obtenir une plus grande responsabilit\u00e9 de la part de l'\u00e9quipe de vente et faire des ajustements plus rapidement si n\u00e9cessaire<\/li>\n<li>Waarom eigenschappen als &#8216;flexibiliteit&#8217; en &#8216;agility&#8217; of &#8216;wendbaar&#8217; zijn, zo belangrijk zijn in een bedrijfswereld die constant in verandering is<\/li>\n<li>Conna\u00eetre les diff\u00e9rences entre une \u00e9quipe TOP et des \u00e9quipes qui fonctionnent moins bien, et \u00e0 partir de l\u00e0, mettre en place les bons changements au sein de votre propre \u00c9QUIPE<\/li>\n<li>Niet meer afhankelijk zijn van &#8216;geluk&#8217;, maar wel van een juiste mix aan vaardigheden en persoonlijkheden door een goed doordacht TEAM samen te stellen<\/li>\n<li>Conna\u00eetre les caract\u00e9ristiques d'un JOUEUR D'\u00c9QUIPE id\u00e9al et, \u00e0 partir de l\u00e0, \u00eatre capable de coacher efficacement les comportements qui s'en \u00e9cartent<\/li>\n<li>Comment faire en sorte que vous-m\u00eame et votre \u00c9QUIPE r\u00e9fl\u00e9chissiez de mani\u00e8re strat\u00e9gique en posant des questions strat\u00e9giques<\/li>\n<li>Utiliser des mod\u00e8les strat\u00e9giques tels que le Balanced Scorecard ou le ProfitX2 Strategische Map pour obtenir des R\u00c9SULTATS plus rapidement (et de mani\u00e8re strat\u00e9gique)<\/li>\n<li>Hoe je Strategische Talenten kan herkennen binnen je TEAM of Bedrijf en hoe je aan Scenario-thinking kan doen om op alle mogelijke scenario&#8217;s voorbereid te zijn<\/li>\n<li>Een van nature uit, iets kleiner ZELFBEWUSTZIJN, gigantisch te boosten door de &#8217;turbo&#8217; van het state-management of stemming-controle<\/li>\n<li>Het Pijn-Plezier-principe toe te passen op de zelfmotivatie, de motivatie van collega&#8217;s, en vooral, op de motivatie van klanten door uw bedrijfs-USP&#8217;s af te stemmen op de Pijn- of Plezier-voorkeuren van uw klanten<\/li>\n<li>D\u00e9couvrir ce qu'est la SOURCE de la motivation et comment l'optimiser<\/li>\n<\/ul>\n\t<h2>Les modules optionnels les plus int\u00e9ressants de ce programme sont certainement les modules Executive Sales &amp; Crisis Management<\/h2>\n\t<h3>Executive Sales<\/h3>\n<p>Zowel in een B2B- als in een B2C-omgeving, zal het regelmatig gebeuren dat ook zaakvoerders en\/of leidinggevenden, zich in de verkoop-arena moeten plaatsen.\u00a0 Sommige klanten willen nu eenmaal enkel zaken doen met &#8217;the BOSS&#8217; himself.<\/p>\n<p>Ce n'est pas toujours facile pour un chef d'entreprise qui, d'une part, n'a pas l'habitude d'avoir de telles conversations et, d'autre part, a tant d'autres choses \u00e0 faire.\u00a0Cependant, le chef d'entreprise dispose d'un certain nombre d'atouts importants, et s'ils sont bien jou\u00e9s, le chef d'entreprise peut, lui aussi, conclure l'affaire (ou \u00eatre en mesure de le faire) dans presque tous les cas.\u00a0COMMENT le faire sp\u00e9cifiquement en tant que chef d'entreprise ou manager, est ce que vous apprendrez dans cette  formation.<\/p>\n\t<h3>Crisis Management<\/h3>\n<p>Deze reeks gaat over het Managen van een Crisis of, het beter omgaan en anticiperen als bedrijf op Crisissituaties.\u00a0 Tijdens de Corona-lockdown-periode kregen wij haast dagelijks mails van klanten met specifieke vragen.\u00a0 De overheersende trend van deze vragen was duidelijk &#8216;hoe kan ik mijn bedrijf zo goed mogelijk aansturen in dergelijke uitdagende omstandigheden.\u00a0 Rendabiliteit is al decennialang ons hoofdthema geweest, zowel in Sales- als in Leadership-opleidingen en zeker in Crisissituaties dienen bedrijven zich te focussen op een extreme vorm van rendabiliteit.\u00a0 De huidige crisiscultuur legt ondernemers zoveel beperkingen op dat elke fout haast onvergeeflijk wordt.\u00a0 The Time to Play is over, zoveel is wel duidelijk.\u00a0 Bedrijven die deze Corona-storm of eender welke crisis willen doorkomen zullen zich moeten omringen met de juiste medewerkers, &#8230; gebruik maken van de juiste strategie\u00ebn en vooral &#8230; op de juiste manier moeten denken.\u00a0 Met deze opleiding willen wij u graag van een aantal antwoorden voorzien.<\/p>\n\t<h3>Wij spreken graag met u af om deze opleiding of overige Digitale Coaching Programma&#8217;s persoonlijk toe te lichten<\/h3>\n\t\t\t<a href=\"https:\/\/outlook.office365.com\/owa\/calendar\/ProfitX21@cotteleer.be\/bookings\/\" target=\"_blank\" role=\"button\" rel=\"noopener\">\n\t\t\t\t\t\t\tR\u00e9server un appel en ligne ou contactez-nous\n\t\t\t\t\t<\/a>","protected":false},"excerpt":{"rendered":"<p>SALES SUPPORT Programma&#8217;s De Sales-ROI-Booster Dit Programma is een erg &#8216;compleet&#8217; programma dat volledig los staat van de pure Sales-communicatie Programma&#8217;s.\u00a0 Met de informatie van deze SUPPORT Programma&#8217;s zal een Salesteam of een Sales Manager, op een meer gestructureerde manier kunnen werken en het TEAM aansturen.\u00a0 TEAMWORK makes the DREAM work, maar enkel op voorwaarde&hellip;<\/p>","protected":false},"author":1,"featured_media":0,"parent":0,"menu_order":0,"comment_status":"closed","ping_status":"closed","template":"","meta":{"_seopress_robots_primary_cat":"","_seopress_titles_title":"","_seopress_titles_desc":"","_seopress_robots_index":"","footnotes":""},"class_list":["post-557","page","type-page","status-publish","hentry"],"yoast_head":"<!-- This site is optimized with the Yoast SEO plugin v26.3 - https:\/\/yoast.com\/wordpress\/plugins\/seo\/ -->\n<title>De Sales-ROI-Booster - Welkom bij ProfitX2<\/title>\n<meta name=\"robots\" content=\"index, follow, max-snippet:-1, max-image-preview:large, max-video-preview:-1\" \/>\n<link rel=\"canonical\" href=\"https:\/\/profitx2.com\/fr\/de-sales-roi-booster\/\" \/>\n<meta property=\"og:locale\" content=\"fr_FR\" \/>\n<meta property=\"og:type\" content=\"article\" \/>\n<meta property=\"og:title\" content=\"De Sales-ROI-Booster - Welkom bij ProfitX2\" \/>\n<meta property=\"og:description\" content=\"SALES SUPPORT Programma&#8217;s De Sales-ROI-Booster Dit Programma is een erg &#8216;compleet&#8217; programma dat volledig los staat van de pure Sales-communicatie Programma&#8217;s.\u00a0 Met de informatie van deze SUPPORT Programma&#8217;s zal een Salesteam of een Sales Manager, op een meer gestructureerde manier kunnen werken en het TEAM aansturen.\u00a0 TEAMWORK makes the DREAM work, maar enkel op voorwaarde&hellip;\" \/>\n<meta property=\"og:url\" content=\"https:\/\/profitx2.com\/fr\/de-sales-roi-booster\/\" \/>\n<meta property=\"og:site_name\" content=\"Welkom bij ProfitX2\" \/>\n<meta property=\"article:modified_time\" content=\"2021-12-15T10:12:31+00:00\" \/>\n<meta property=\"og:image\" content=\"http:\/\/profitx2.com\/wp-content\/uploads\/2021\/07\/bestseller.png\" \/>\n<meta name=\"twitter:card\" content=\"summary_large_image\" \/>\n<script type=\"application\/ld+json\" class=\"yoast-schema-graph\">{\"@context\":\"https:\/\/schema.org\",\"@graph\":[{\"@type\":\"WebPage\",\"@id\":\"https:\/\/profitx2.com\/de-sales-roi-booster\/\",\"url\":\"https:\/\/profitx2.com\/de-sales-roi-booster\/\",\"name\":\"De Sales-ROI-Booster - Welkom bij ProfitX2\",\"isPartOf\":{\"@id\":\"https:\/\/profitx2.com\/#website\"},\"primaryImageOfPage\":{\"@id\":\"https:\/\/profitx2.com\/de-sales-roi-booster\/#primaryimage\"},\"image\":{\"@id\":\"https:\/\/profitx2.com\/de-sales-roi-booster\/#primaryimage\"},\"thumbnailUrl\":\"http:\/\/profitx2.com\/wp-content\/uploads\/2021\/07\/bestseller.png\",\"datePublished\":\"2021-09-17T12:28:57+00:00\",\"dateModified\":\"2021-12-15T10:12:31+00:00\",\"breadcrumb\":{\"@id\":\"https:\/\/profitx2.com\/de-sales-roi-booster\/#breadcrumb\"},\"inLanguage\":\"fr-BE\",\"potentialAction\":[{\"@type\":\"ReadAction\",\"target\":[\"https:\/\/profitx2.com\/de-sales-roi-booster\/\"]}]},{\"@type\":\"ImageObject\",\"inLanguage\":\"fr-BE\",\"@id\":\"https:\/\/profitx2.com\/de-sales-roi-booster\/#primaryimage\",\"url\":\"http:\/\/profitx2.com\/wp-content\/uploads\/2021\/07\/bestseller.png\",\"contentUrl\":\"http:\/\/profitx2.com\/wp-content\/uploads\/2021\/07\/bestseller.png\"},{\"@type\":\"BreadcrumbList\",\"@id\":\"https:\/\/profitx2.com\/de-sales-roi-booster\/#breadcrumb\",\"itemListElement\":[{\"@type\":\"ListItem\",\"position\":1,\"name\":\"Home\",\"item\":\"https:\/\/profitx2.com\/\"},{\"@type\":\"ListItem\",\"position\":2,\"name\":\"De Sales-ROI-Booster\"}]},{\"@type\":\"WebSite\",\"@id\":\"https:\/\/profitx2.com\/#website\",\"url\":\"https:\/\/profitx2.com\/\",\"name\":\"Welkom bij ProfitX2\",\"description\":\"Digital Sales and Leadership Coaching\",\"potentialAction\":[{\"@type\":\"SearchAction\",\"target\":{\"@type\":\"EntryPoint\",\"urlTemplate\":\"https:\/\/profitx2.com\/?s={search_term_string}\"},\"query-input\":{\"@type\":\"PropertyValueSpecification\",\"valueRequired\":true,\"valueName\":\"search_term_string\"}}],\"inLanguage\":\"fr-BE\"}]}<\/script>\n<!-- \/ Yoast SEO plugin. -->","yoast_head_json":{"title":"De Sales-ROI-Booster - Welkom bij ProfitX2","robots":{"index":"index","follow":"follow","max-snippet":"max-snippet:-1","max-image-preview":"max-image-preview:large","max-video-preview":"max-video-preview:-1"},"canonical":"https:\/\/profitx2.com\/fr\/de-sales-roi-booster\/","og_locale":"fr_FR","og_type":"article","og_title":"De Sales-ROI-Booster - Welkom bij ProfitX2","og_description":"SALES SUPPORT Programma&#8217;s De Sales-ROI-Booster Dit Programma is een erg &#8216;compleet&#8217; programma dat volledig los staat van de pure Sales-communicatie Programma&#8217;s.\u00a0 Met de informatie van deze SUPPORT Programma&#8217;s zal een Salesteam of een Sales Manager, op een meer gestructureerde manier kunnen werken en het TEAM aansturen.\u00a0 TEAMWORK makes the DREAM work, maar enkel op voorwaarde&hellip;","og_url":"https:\/\/profitx2.com\/fr\/de-sales-roi-booster\/","og_site_name":"Welkom bij ProfitX2","article_modified_time":"2021-12-15T10:12:31+00:00","og_image":[{"url":"http:\/\/profitx2.com\/wp-content\/uploads\/2021\/07\/bestseller.png","type":"","width":"","height":""}],"twitter_card":"summary_large_image","schema":{"@context":"https:\/\/schema.org","@graph":[{"@type":"WebPage","@id":"https:\/\/profitx2.com\/de-sales-roi-booster\/","url":"https:\/\/profitx2.com\/de-sales-roi-booster\/","name":"De Sales-ROI-Booster - Welkom bij ProfitX2","isPartOf":{"@id":"https:\/\/profitx2.com\/#website"},"primaryImageOfPage":{"@id":"https:\/\/profitx2.com\/de-sales-roi-booster\/#primaryimage"},"image":{"@id":"https:\/\/profitx2.com\/de-sales-roi-booster\/#primaryimage"},"thumbnailUrl":"http:\/\/profitx2.com\/wp-content\/uploads\/2021\/07\/bestseller.png","datePublished":"2021-09-17T12:28:57+00:00","dateModified":"2021-12-15T10:12:31+00:00","breadcrumb":{"@id":"https:\/\/profitx2.com\/de-sales-roi-booster\/#breadcrumb"},"inLanguage":"fr-BE","potentialAction":[{"@type":"ReadAction","target":["https:\/\/profitx2.com\/de-sales-roi-booster\/"]}]},{"@type":"ImageObject","inLanguage":"fr-BE","@id":"https:\/\/profitx2.com\/de-sales-roi-booster\/#primaryimage","url":"http:\/\/profitx2.com\/wp-content\/uploads\/2021\/07\/bestseller.png","contentUrl":"http:\/\/profitx2.com\/wp-content\/uploads\/2021\/07\/bestseller.png"},{"@type":"BreadcrumbList","@id":"https:\/\/profitx2.com\/de-sales-roi-booster\/#breadcrumb","itemListElement":[{"@type":"ListItem","position":1,"name":"Home","item":"https:\/\/profitx2.com\/"},{"@type":"ListItem","position":2,"name":"De Sales-ROI-Booster"}]},{"@type":"WebSite","@id":"https:\/\/profitx2.com\/#website","url":"https:\/\/profitx2.com\/","name":"Welkom bij ProfitX2","description":"Digital Sales and Leadership Coaching","potentialAction":[{"@type":"SearchAction","target":{"@type":"EntryPoint","urlTemplate":"https:\/\/profitx2.com\/?s={search_term_string}"},"query-input":{"@type":"PropertyValueSpecification","valueRequired":true,"valueName":"search_term_string"}}],"inLanguage":"fr-BE"}]}},"_links":{"self":[{"href":"https:\/\/profitx2.com\/fr\/wp-json\/wp\/v2\/pages\/557","targetHints":{"allow":["GET"]}}],"collection":[{"href":"https:\/\/profitx2.com\/fr\/wp-json\/wp\/v2\/pages"}],"about":[{"href":"https:\/\/profitx2.com\/fr\/wp-json\/wp\/v2\/types\/page"}],"author":[{"embeddable":true,"href":"https:\/\/profitx2.com\/fr\/wp-json\/wp\/v2\/users\/1"}],"replies":[{"embeddable":true,"href":"https:\/\/profitx2.com\/fr\/wp-json\/wp\/v2\/comments?post=557"}],"version-history":[{"count":0,"href":"https:\/\/profitx2.com\/fr\/wp-json\/wp\/v2\/pages\/557\/revisions"}],"wp:attachment":[{"href":"https:\/\/profitx2.com\/fr\/wp-json\/wp\/v2\/media?parent=557"}],"curies":[{"name":"wp","href":"https:\/\/api.w.org\/{rel}","templated":true}]}}