{"id":543,"date":"2021-09-17T12:12:02","date_gmt":"2021-09-17T12:12:02","guid":{"rendered":"https:\/\/mooof.be\/profitx2\/?page_id=543"},"modified":"2022-01-18T15:32:44","modified_gmt":"2022-01-18T15:32:44","slug":"b2b-sales-gladiator-opleiding","status":"publish","type":"page","link":"https:\/\/profitx2.com\/fr\/b2b-sales-gladiator-opleiding\/","title":{"rendered":"Formation en vente B2B \"Gladiator\""},"content":{"rendered":"<h1>b2B sales programma&#8217;s<\/h1>\n\t<h1>Formation en vente B2B \"Gladiator\"<\/h1>\n\t<p><strong>Dit Programma is specifiek ontwikkeld voor commerci\u00eble medewerkers die op handelsbeurzen meteen resultaten willen neerzetten.\u00a0 Waar sommige bedrijven enkel huiswaarts keren van een beurs met een hoop &#8216;adressen&#8217;, hebben collega&#8217;s al voor vele honderden duizenden aan omzet gegenereerd omdat hun Salesteam opgeleid was om op beurzen te verkopen.\u00a0 Gun uw bedrijf een direct meetbaar rendement op de beurs en laat uw Beurs-TEAM deze digitale opleiding volgen.\u00a0 Het zal een enorme impact hebben op het totaal resultaat van uw beursdeelname.\u00a0\u00a0\u00a0<\/strong><\/p>\n\t<h1>Ce programme de vente B2B comprend les quatre modules suivants :<\/h1>\n\t<ul>\n<li>Prospection, G\u00e9n\u00e9ration de Leads &amp; R\u00e9seautage<\/li>\n<li>Pitching avec ROI (Return On Investment)<\/li>\n<li>Parler le langage corporel<\/li>\n<li>Participation rentable aux foires<\/li>\n<\/ul>\n\t<p><strong>Total<\/strong><\/p>\n<p><strong>72 vid\u00e9os de formation<\/strong><\/p>\n\t<h3>Prospection, G\u00e9n\u00e9ration de Leads &amp; R\u00e9seautage<\/h3>\n<p>Prospecteren is zelfs voor ervaren verkopers een heikel thema.\u00a0 Na het volgen van deze module kan een verkoper zoveel effectiever nieuwe Prospects genereren, vooral door zijn kennis over &#8216;segmenteren&#8217; en het afstemmen van zijn of haar &#8216;approach&#8217; op de specifieke klanten-segmenten.\u00a0 Lead Generation kan gebeuren op eender welk moment (bvb. ook in de priv\u00e9-sfeer van de Salesrep) en levert de meest rendabele klanten op.\u00a0 Deze klanten hebben niets gekost aan marketing en hebben al vertrouwen vanuit de referentie.\u00a0 Wie leert om vlot contacten te leggen, bijvoorbeeld op netwerk-events, kan hier constant de vruchten van plukken tijdens de ganse sales-carri\u00e8re.\u00a0 Deze Module zal voor de instroom van uw sales-funnel een krachtige &#8216;booster&#8217; zijn.<\/p>\n\n<p>&nbsp;<\/p>\n<h3>Pitching avec ROI (Return On Investment)<\/h3>\n<p>Le pitching avec ROI est un module cl\u00e9. Tout d'abord, vous recherchez des clients potentiels en faisant du networking ou de la prospection. Vous esp\u00e9rez ensuite vendre votre id\u00e9e, votre produit ou vos services \u00e0 ces prospects et \u00e9tablir une relation \u00e0 long terme avec vos nouveaux clients. Votre pitch sera la cl\u00e9 de votre succ\u00e8s. Pendant ce pitch, le client va consciemment ou inconsciemment faire certains mouvements et c'est \u00e0 vous de faire les bons contre mouvements car, comme dans un jeu d'\u00e9checs, le pitching est une affaire tr\u00e8s strat\u00e9gique qui implique beaucoup de psychologie et d'expertise. Dans tous les cas, il s'agit d'un module tr\u00e8s int\u00e9ressant pour tous les vendeurs B2B qui souhaitent se pr\u00e9senter avec conviction \u00e0 leurs clients potentiels.<\/p>\n\t<h3>Parler le langage corporel<\/h3>\n<p>Sommige onderzoekers praten over 50, andere over 80% van uw communicatie die bepaald zou worden door uw lichaamstaal.\u00a0 Belangrijk genoeg voor elke verkoper om dieper in te gaan op dit onderwerp.\u00a0 Lichaamstaal is een taal die je enerzijds kan leren &#8216;lezen&#8217; bij je klanten en anderzijds, zoals in deze Digitale Coaching Module, kan leren &#8216;spreken&#8217; naar je klanten toe.\u00a0 Alle politiekers en media-figuren hebben het geleerd, en nu is het de beurt aan de verkoper.\u00a0 Wie zijn boodschap ondersteund met de juiste lichaamstaal komt zoveel krachtiger en betrouwbaarder over bij zijn klanten, waardoor het resultaat niet lang op zich zal laten wachten.<\/p>\n<h3>Participation rentable aux foires<\/h3>\n<p>Cette formation num\u00e9rique concerne donc une participation r\u00e9ussie \u00e0 des foires commerciales, ou une participation \u00e0 des foires commerciales de mani\u00e8re \u00e0 ce que vous, en tant qu'entreprise, obteniez un rendement maximal de votre participation. Les foires commerciales co\u00fbtent beaucoup d'argent, et ce n'est que si vous faites les choses correctement avant, pendant et apr\u00e8s la foire que ce co\u00fbt s'av\u00e9rera \u00eatre un tr\u00e8s bon investissement. Les participants apprendront les meilleures pratiques des plus de 30 ans d'exp\u00e9rience dans le coaching international d'\u00e9quipes commerciales, qui, gr\u00e2ce \u00e0 leur approche professionnelle, ont fait des foires commerciales de leurs entreprises respectives un succ\u00e8s.<\/p>\n<p>&nbsp;<\/p>\n\t<p><strong>Votre \u00c9QUIPE DE VENTE obtiendra avec ce programme les CONNAISSANCES suivantes pour : <\/strong><\/p>\n<ul>\n<li>Een KOUDE prospectie om te vormen naar een WARME prospectie, waardoor er ook veel minder &#8216;weerstand&#8217; zal zijn om te prospecteren<\/li>\n<li>Ils apprennent la structure et l'importance d'un bon SCRIPT D'APPEL qui sera leur guide dans la prospection t\u00e9l\u00e9phonique<\/li>\n<li>Dans ce module, ils apprendront \u00e9galement \u00e0 cr\u00e9er les CONDITIONS IDEALES pour une conversation de vente OPTIMALE<\/li>\n<li>Hoe te reageren op bewuste en onbewuste &#8216;moves&#8217; die potenti\u00eble klanten maken tijdens het Pitchen van je Bedrijf<\/li>\n<li>Comment donner un ELEVATOR-Pitch puissant en quelques minutes<\/li>\n<li>Comment conclure un pitch avec une CL\u00d4TURE puissante pour obtenir un retour maximal sur vos pitchs<\/li>\n<li>Het &#8216;ankeren&#8217; van een ideale verkoop-stemming door middel van auditieve, visuele &amp; kinesthetische ankers en door het bijsturen van de &#8216;interne dialoog&#8217; (selftalk), iets dat zeker op een beursstand van zeer groot belang is<\/li>\n<li>Utiliser le bon langage corporel pour gagner rapidement la CONFIANCE des clients<\/li>\n<li>\u00c9viter, par nervosit\u00e9, d'utiliser un langage corporel sur le stand qui aurait l'effet inverse, c'est-\u00e0-dire que le vendeur soit per\u00e7u comme peu cr\u00e9dible par les visiteurs du stand<\/li>\n<li>Rekening houden met de Do&#8217;s en Don&#8217;ts van een beursdeelname, iets dat het rendement van uw beursdeelname zeker ten goede zal komen.<\/li>\n<\/ul>\n\t<h2>Les modules optionnels les plus int\u00e9ressants de ce programme sont certainement les modules Techniques de cl\u00f4ture et Traitement d'objections<\/h2>\n<p>Ces modules sont initialement destin\u00e9s aux <strong>vendeurs B2C travaillant dans le secteur de la vente au d\u00e9tail haut de gamme<\/strong> et donc de <strong>la vente de produits de valeur<\/strong> aan particuliere klanten.\u00a0 In deze Digitale Coaching Module leer ik commerci\u00eble medewerkers om op een zachte manier, maar wel erg duidelijk, te &#8216;closen&#8217; en aansluitend, ook om te gaan met eventuele objecties of aankoopaarzelingen (nadenken, te duur, vergelijken, etc&#8230;) van klanten.\u00a0<strong> Bien entendu, ces informations sont \u00e9galement tr\u00e8s int\u00e9ressantes pour les vendeurs B2B<\/strong>, si ce n'est pour leurs situations de vente personnelles, c'est souvent pour aider leurs clients en leur fournissant des informations sur la mani\u00e8re de vendre plus facilement.<\/p>\n<p><strong>De cette fa\u00e7on, votre vendeur B2B devient une source d'information pr\u00e9cieuse pour les distributeurs respectifs de vos produits et services.\u00a0\u00a0<\/strong><\/p>\n\t\t\t\t<img decoding=\"async\" src=\"http:\/\/profitx2.com\/wp-content\/uploads\/2021\/09\/handschudden.jpg\" alt=\"Close-up image of a firm handshake. Man standing for a trusted partnership.\" itemprop=\"image\" title=\"Handshake isolated on business background\" onerror=\"this.style.display='none'\"  \/>\n\t<h3>Wij spreken graag met u af om deze opleiding of overige Digitale Coaching Programma&#8217;s persoonlijk toe te lichten<\/h3>\n\t\t\t<a href=\"https:\/\/outlook.office365.com\/owa\/calendar\/ProfitX21@cotteleer.be\/bookings\/\" target=\"_blank\" role=\"button\" rel=\"noopener\">\n\t\t\t\t\t\t\tR\u00e9server un appel en ligne ou contactez-nous\n\t\t\t\t\t<\/a>","protected":false},"excerpt":{"rendered":"<p>b2B sales programma&#8217;s B2B Sales Gladiator Opleiding Dit Programma is specifiek ontwikkeld voor commerci\u00eble medewerkers die op handelsbeurzen meteen resultaten willen neerzetten.\u00a0 Waar sommige bedrijven enkel huiswaarts keren van een beurs met een hoop &#8216;adressen&#8217;, hebben collega&#8217;s al voor vele honderden duizenden aan omzet gegenereerd omdat hun Salesteam opgeleid was om op beurzen te verkopen.\u00a0&hellip;<\/p>","protected":false},"author":1,"featured_media":0,"parent":0,"menu_order":0,"comment_status":"closed","ping_status":"closed","template":"","meta":{"_seopress_robots_primary_cat":"","_seopress_titles_title":"","_seopress_titles_desc":"","_seopress_robots_index":"","footnotes":""},"class_list":["post-543","page","type-page","status-publish","hentry"],"yoast_head":"<!-- This site is optimized with the Yoast SEO plugin v26.3 - https:\/\/yoast.com\/wordpress\/plugins\/seo\/ -->\n<title>B2B Sales Gladiator Opleiding - Welkom bij ProfitX2<\/title>\n<meta name=\"robots\" content=\"index, follow, max-snippet:-1, max-image-preview:large, max-video-preview:-1\" \/>\n<link rel=\"canonical\" href=\"https:\/\/profitx2.com\/fr\/b2b-sales-gladiator-opleiding\/\" \/>\n<meta property=\"og:locale\" content=\"fr_FR\" \/>\n<meta property=\"og:type\" content=\"article\" \/>\n<meta property=\"og:title\" content=\"B2B Sales Gladiator Opleiding - Welkom bij ProfitX2\" \/>\n<meta property=\"og:description\" content=\"b2B sales programma&#8217;s B2B Sales Gladiator Opleiding Dit Programma is specifiek ontwikkeld voor commerci\u00eble medewerkers die op handelsbeurzen meteen resultaten willen neerzetten.\u00a0 Waar sommige bedrijven enkel huiswaarts keren van een beurs met een hoop &#8216;adressen&#8217;, hebben collega&#8217;s al voor vele honderden duizenden aan omzet gegenereerd omdat hun Salesteam opgeleid was om op beurzen te verkopen.\u00a0&hellip;\" \/>\n<meta property=\"og:url\" content=\"https:\/\/profitx2.com\/fr\/b2b-sales-gladiator-opleiding\/\" \/>\n<meta property=\"og:site_name\" content=\"Welkom bij ProfitX2\" \/>\n<meta property=\"article:modified_time\" content=\"2022-01-18T15:32:44+00:00\" \/>\n<meta property=\"og:image\" content=\"http:\/\/profitx2.com\/wp-content\/uploads\/2021\/09\/handschudden.jpg\" \/>\n<meta name=\"twitter:card\" content=\"summary_large_image\" \/>\n<script type=\"application\/ld+json\" class=\"yoast-schema-graph\">{\"@context\":\"https:\/\/schema.org\",\"@graph\":[{\"@type\":\"WebPage\",\"@id\":\"https:\/\/profitx2.com\/b2b-sales-gladiator-opleiding\/\",\"url\":\"https:\/\/profitx2.com\/b2b-sales-gladiator-opleiding\/\",\"name\":\"B2B Sales Gladiator Opleiding - Welkom bij ProfitX2\",\"isPartOf\":{\"@id\":\"https:\/\/profitx2.com\/#website\"},\"primaryImageOfPage\":{\"@id\":\"https:\/\/profitx2.com\/b2b-sales-gladiator-opleiding\/#primaryimage\"},\"image\":{\"@id\":\"https:\/\/profitx2.com\/b2b-sales-gladiator-opleiding\/#primaryimage\"},\"thumbnailUrl\":\"http:\/\/profitx2.com\/wp-content\/uploads\/2021\/09\/handschudden.jpg\",\"datePublished\":\"2021-09-17T12:12:02+00:00\",\"dateModified\":\"2022-01-18T15:32:44+00:00\",\"breadcrumb\":{\"@id\":\"https:\/\/profitx2.com\/b2b-sales-gladiator-opleiding\/#breadcrumb\"},\"inLanguage\":\"fr-BE\",\"potentialAction\":[{\"@type\":\"ReadAction\",\"target\":[\"https:\/\/profitx2.com\/b2b-sales-gladiator-opleiding\/\"]}]},{\"@type\":\"ImageObject\",\"inLanguage\":\"fr-BE\",\"@id\":\"https:\/\/profitx2.com\/b2b-sales-gladiator-opleiding\/#primaryimage\",\"url\":\"http:\/\/profitx2.com\/wp-content\/uploads\/2021\/09\/handschudden.jpg\",\"contentUrl\":\"http:\/\/profitx2.com\/wp-content\/uploads\/2021\/09\/handschudden.jpg\"},{\"@type\":\"BreadcrumbList\",\"@id\":\"https:\/\/profitx2.com\/b2b-sales-gladiator-opleiding\/#breadcrumb\",\"itemListElement\":[{\"@type\":\"ListItem\",\"position\":1,\"name\":\"Home\",\"item\":\"https:\/\/profitx2.com\/\"},{\"@type\":\"ListItem\",\"position\":2,\"name\":\"B2B Sales Gladiator Opleiding\"}]},{\"@type\":\"WebSite\",\"@id\":\"https:\/\/profitx2.com\/#website\",\"url\":\"https:\/\/profitx2.com\/\",\"name\":\"Welkom bij ProfitX2\",\"description\":\"Digital Sales and Leadership Coaching\",\"potentialAction\":[{\"@type\":\"SearchAction\",\"target\":{\"@type\":\"EntryPoint\",\"urlTemplate\":\"https:\/\/profitx2.com\/?s={search_term_string}\"},\"query-input\":{\"@type\":\"PropertyValueSpecification\",\"valueRequired\":true,\"valueName\":\"search_term_string\"}}],\"inLanguage\":\"fr-BE\"}]}<\/script>\n<!-- \/ Yoast SEO plugin. -->","yoast_head_json":{"title":"B2B Sales Gladiator Opleiding - Welkom bij ProfitX2","robots":{"index":"index","follow":"follow","max-snippet":"max-snippet:-1","max-image-preview":"max-image-preview:large","max-video-preview":"max-video-preview:-1"},"canonical":"https:\/\/profitx2.com\/fr\/b2b-sales-gladiator-opleiding\/","og_locale":"fr_FR","og_type":"article","og_title":"B2B Sales Gladiator Opleiding - Welkom bij ProfitX2","og_description":"b2B sales programma&#8217;s B2B Sales Gladiator Opleiding Dit Programma is specifiek ontwikkeld voor commerci\u00eble medewerkers die op handelsbeurzen meteen resultaten willen neerzetten.\u00a0 Waar sommige bedrijven enkel huiswaarts keren van een beurs met een hoop &#8216;adressen&#8217;, hebben collega&#8217;s al voor vele honderden duizenden aan omzet gegenereerd omdat hun Salesteam opgeleid was om op beurzen te verkopen.\u00a0&hellip;","og_url":"https:\/\/profitx2.com\/fr\/b2b-sales-gladiator-opleiding\/","og_site_name":"Welkom bij ProfitX2","article_modified_time":"2022-01-18T15:32:44+00:00","og_image":[{"url":"http:\/\/profitx2.com\/wp-content\/uploads\/2021\/09\/handschudden.jpg","type":"","width":"","height":""}],"twitter_card":"summary_large_image","schema":{"@context":"https:\/\/schema.org","@graph":[{"@type":"WebPage","@id":"https:\/\/profitx2.com\/b2b-sales-gladiator-opleiding\/","url":"https:\/\/profitx2.com\/b2b-sales-gladiator-opleiding\/","name":"B2B Sales Gladiator Opleiding - Welkom bij ProfitX2","isPartOf":{"@id":"https:\/\/profitx2.com\/#website"},"primaryImageOfPage":{"@id":"https:\/\/profitx2.com\/b2b-sales-gladiator-opleiding\/#primaryimage"},"image":{"@id":"https:\/\/profitx2.com\/b2b-sales-gladiator-opleiding\/#primaryimage"},"thumbnailUrl":"http:\/\/profitx2.com\/wp-content\/uploads\/2021\/09\/handschudden.jpg","datePublished":"2021-09-17T12:12:02+00:00","dateModified":"2022-01-18T15:32:44+00:00","breadcrumb":{"@id":"https:\/\/profitx2.com\/b2b-sales-gladiator-opleiding\/#breadcrumb"},"inLanguage":"fr-BE","potentialAction":[{"@type":"ReadAction","target":["https:\/\/profitx2.com\/b2b-sales-gladiator-opleiding\/"]}]},{"@type":"ImageObject","inLanguage":"fr-BE","@id":"https:\/\/profitx2.com\/b2b-sales-gladiator-opleiding\/#primaryimage","url":"http:\/\/profitx2.com\/wp-content\/uploads\/2021\/09\/handschudden.jpg","contentUrl":"http:\/\/profitx2.com\/wp-content\/uploads\/2021\/09\/handschudden.jpg"},{"@type":"BreadcrumbList","@id":"https:\/\/profitx2.com\/b2b-sales-gladiator-opleiding\/#breadcrumb","itemListElement":[{"@type":"ListItem","position":1,"name":"Home","item":"https:\/\/profitx2.com\/"},{"@type":"ListItem","position":2,"name":"B2B Sales Gladiator Opleiding"}]},{"@type":"WebSite","@id":"https:\/\/profitx2.com\/#website","url":"https:\/\/profitx2.com\/","name":"Welkom bij ProfitX2","description":"Digital Sales and Leadership Coaching","potentialAction":[{"@type":"SearchAction","target":{"@type":"EntryPoint","urlTemplate":"https:\/\/profitx2.com\/?s={search_term_string}"},"query-input":{"@type":"PropertyValueSpecification","valueRequired":true,"valueName":"search_term_string"}}],"inLanguage":"fr-BE"}]}},"_links":{"self":[{"href":"https:\/\/profitx2.com\/fr\/wp-json\/wp\/v2\/pages\/543","targetHints":{"allow":["GET"]}}],"collection":[{"href":"https:\/\/profitx2.com\/fr\/wp-json\/wp\/v2\/pages"}],"about":[{"href":"https:\/\/profitx2.com\/fr\/wp-json\/wp\/v2\/types\/page"}],"author":[{"embeddable":true,"href":"https:\/\/profitx2.com\/fr\/wp-json\/wp\/v2\/users\/1"}],"replies":[{"embeddable":true,"href":"https:\/\/profitx2.com\/fr\/wp-json\/wp\/v2\/comments?post=543"}],"version-history":[{"count":0,"href":"https:\/\/profitx2.com\/fr\/wp-json\/wp\/v2\/pages\/543\/revisions"}],"wp:attachment":[{"href":"https:\/\/profitx2.com\/fr\/wp-json\/wp\/v2\/media?parent=543"}],"curies":[{"name":"wp","href":"https:\/\/api.w.org\/{rel}","templated":true}]}}