{"id":532,"date":"2021-09-17T12:03:45","date_gmt":"2021-09-17T12:03:45","guid":{"rendered":"https:\/\/mooof.be\/profitx2\/?page_id=532"},"modified":"2022-01-18T15:29:59","modified_gmt":"2022-01-18T15:29:59","slug":"practitioner-opleiding-in-b2b-sales","status":"publish","type":"page","link":"https:\/\/profitx2.com\/fr\/practitioner-opleiding-in-b2b-sales\/","title":{"rendered":"Formation praticien en vente B2B"},"content":{"rendered":"<h1>b2B sales programma&#8217;s<\/h1>\n\t<h1>Formation praticien en vente B2B<\/h1>\n\t<p><strong>Dit Programma is ons instap-programma met slechts 2 Digitale Coaching Modules.\u00a0 Desalniettemin, twee erg belangrijke Modules, want een Salesrep zal altijd eerst moeten zaaien om straks te kunnen oogsten en die &#8216;zaaien&#8217; is voor een B2B-Salesrep heet Prospecteren, het genereren van Leads en het netwerken.\u00a0 Op die manier ontstaan er Prospects waarmee hij of zij afspraken kan maken om een krachtige Pitch te brengen die perfect weergeeft wat uw bedrijf zou kunnen betekenen voor deze potenti\u00eble klant.\u00a0<\/strong><\/p>\n<p><strong>Le module sur le pitching professionnel aura un impact \u00e9norme sur les r\u00e9sultats.\u00a0Une fois que vous aurez fourni \u00e0 votre \u00e9quipe de vente ces connaissances n\u00e9cessaires, vous verrez le score moyen s'am\u00e9liorer imm\u00e9diatement.\u00a0<\/strong><\/p>\n\t<h1>Ce programme de vente B2B comprend les deux modules suivants :<\/h1>\n\t<ul>\n<li>Prospection, G\u00e9n\u00e9ration de Leads &amp; R\u00e9seautage<\/li>\n<li>Pitching avec ROI (Return On Investment)<\/li>\n<\/ul>\n\t<p><strong>Total<\/strong><\/p>\n<p><strong>36 vid\u00e9os de formation<\/strong><\/p>\n\t<h3>Prospection, G\u00e9n\u00e9ration de Leads &amp; R\u00e9seautage<\/h3>\n<p>Prospecteren is zelfs voor ervaren verkopers een heikel thema.\u00a0 Na het volgen van deze module kan een verkoper zoveel effectiever nieuwe Prospects genereren, vooral door zijn kennis over &#8216;segmenteren&#8217; en het afstemmen van zijn of haar &#8216;approach&#8217; op de specifieke klanten-segmenten.\u00a0 Lead Generation kan gebeuren op eender welk moment (bvb. ook in de priv\u00e9-sfeer van de Salesrep) en levert de meest rendabele klanten op.\u00a0 Deze klanten hebben niets gekost aan marketing en hebben al vertrouwen vanuit de referentie.\u00a0 Wie leert om vlot contacten te leggen, bijvoorbeeld op netwerk-events, kan hier constant de vruchten van plukken tijdens de ganse sales-carri\u00e8re.\u00a0 Deze Module zal voor de instroom van uw sales-funnel een krachtige &#8216;booster&#8217; zijn.<\/p>\n\t<h3>Pitching avec ROI (Return On Investment)<\/h3>\n<p>Le pitching avec ROI est un module cl\u00e9. Tout d'abord, vous recherchez des clients potentiels en faisant du networking ou de la prospection. Vous esp\u00e9rez ensuite vendre votre id\u00e9e, votre produit ou vos services \u00e0 ces prospects et \u00e9tablir une relation \u00e0 long terme avec vos nouveaux clients. Votre pitch sera la cl\u00e9 de votre succ\u00e8s. Pendant ce pitch, le client va consciemment ou inconsciemment faire certains mouvements et c'est \u00e0 vous de faire les bons contre mouvements car, comme dans un jeu d'\u00e9checs, le pitching est une affaire tr\u00e8s strat\u00e9gique qui implique beaucoup de psychologie et d'expertise. Dans tous les cas, il s'agit d'un module tr\u00e8s int\u00e9ressant pour tous les vendeurs B2B qui souhaitent se pr\u00e9senter avec conviction \u00e0 leurs clients potentiels.<\/p>\n\t<p><strong>Votre \u00c9QUIPE DE VENTE obtiendra avec ce programme les CONNAISSANCES suivantes pour : <\/strong><\/p>\n<ul>\n<li>Een KOUDE prospectie om te vormen naar een WARME prospectie, waardoor er ook veel minder &#8216;weerstand&#8217; zal zijn om te prospecteren<\/li>\n<li>Ils apprennent la structure et l'importance d'un bon SCRIPT D'APPEL qui sera leur guide dans la prospection t\u00e9l\u00e9phonique<\/li>\n<li>Dans ce module, ils apprendront \u00e9galement \u00e0 cr\u00e9er les CONDITIONS IDEALES pour une conversation de vente OPTIMALE<\/li>\n<li>Hoe te reageren op bewuste en onbewuste &#8216;moves&#8217; die potenti\u00eble klanten maken tijdens het Pitchen van je Bedrijf<\/li>\n<li>Comment donner un ELEVATOR-Pitch puissant en quelques minutes<\/li>\n<li>Comment conclure un pitch avec une CL\u00d4TURE puissante pour obtenir un retour maximal sur vos pitchs<\/li>\n<\/ul>\n\t<h2>Les modules optionnels les plus int\u00e9ressants de ce programme sont certainement les modules Techniques de cl\u00f4ture et Traitement d'objections<\/h2>\n<p>Ces modules sont initialement destin\u00e9s aux <strong>vendeurs B2C travaillant dans le secteur de la vente au d\u00e9tail haut de gamme<\/strong> et donc de <strong>la vente de produits de valeur<\/strong> aan particuliere klanten.\u00a0 In deze Digitale Coaching Module leer ik commerci\u00eble medewerkers om op een zachte manier, maar wel erg duidelijk, te &#8216;closen&#8217; en aansluitend, ook om te gaan met eventuele objecties of aankoopaarzelingen (nadenken, te duur, vergelijken, etc&#8230;) van klanten.\u00a0<strong> Bien entendu, ces informations sont \u00e9galement tr\u00e8s int\u00e9ressantes pour les vendeurs B2B<\/strong>, si ce n'est pour leurs situations de vente personnelles, c'est souvent pour aider leurs clients en leur fournissant des informations sur la mani\u00e8re de vendre plus facilement.<\/p>\n<p><strong>De cette fa\u00e7on, votre vendeur B2B devient une source d'information pr\u00e9cieuse pour les distributeurs respectifs de vos produits et services.\u00a0\u00a0<\/strong><\/p>\n\t\t\t\t<img decoding=\"async\" src=\"http:\/\/profitx2.com\/wp-content\/uploads\/2021\/09\/handschudden.jpg\" alt=\"Close-up image of a firm handshake. Man standing for a trusted partnership.\" itemprop=\"image\" title=\"Handshake isolated on business background\" onerror=\"this.style.display='none'\"  \/>\n\t<h3>Wij spreken graag met u af om deze opleiding of overige Digitale Coaching Programma&#8217;s persoonlijk toe te lichten<\/h3>\n\t\t\t<a href=\"https:\/\/outlook.office365.com\/owa\/calendar\/ProfitX21@cotteleer.be\/bookings\/\" target=\"_blank\" role=\"button\" rel=\"noopener\">\n\t\t\t\t\t\t\tR\u00e9server un appel en ligne ou contactez-nous\n\t\t\t\t\t<\/a>","protected":false},"excerpt":{"rendered":"<p>b2B sales programma&#8217;s Practitioner Opleiding in B2B Sales Dit Programma is ons instap-programma met slechts 2 Digitale Coaching Modules.\u00a0 Desalniettemin, twee erg belangrijke Modules, want een Salesrep zal altijd eerst moeten zaaien om straks te kunnen oogsten en die &#8216;zaaien&#8217; is voor een B2B-Salesrep heet Prospecteren, het genereren van Leads en het netwerken.\u00a0 Op die&hellip;<\/p>","protected":false},"author":1,"featured_media":0,"parent":0,"menu_order":0,"comment_status":"closed","ping_status":"closed","template":"","meta":{"_seopress_robots_primary_cat":"","_seopress_titles_title":"","_seopress_titles_desc":"","_seopress_robots_index":"","footnotes":""},"class_list":["post-532","page","type-page","status-publish","hentry"],"yoast_head":"<!-- This site is optimized with the Yoast SEO plugin v26.3 - https:\/\/yoast.com\/wordpress\/plugins\/seo\/ -->\n<title>Practitioner Opleiding in B2B Sales - Welkom bij ProfitX2<\/title>\n<meta name=\"robots\" content=\"index, follow, max-snippet:-1, max-image-preview:large, max-video-preview:-1\" \/>\n<link rel=\"canonical\" href=\"https:\/\/profitx2.com\/fr\/practitioner-opleiding-in-b2b-sales\/\" \/>\n<meta property=\"og:locale\" content=\"fr_FR\" \/>\n<meta property=\"og:type\" content=\"article\" \/>\n<meta property=\"og:title\" content=\"Practitioner Opleiding in B2B Sales - Welkom bij ProfitX2\" \/>\n<meta property=\"og:description\" content=\"b2B sales programma&#8217;s Practitioner Opleiding in B2B Sales Dit Programma is ons instap-programma met slechts 2 Digitale Coaching Modules.\u00a0 Desalniettemin, twee erg belangrijke Modules, want een Salesrep zal altijd eerst moeten zaaien om straks te kunnen oogsten en die &#8216;zaaien&#8217; is voor een B2B-Salesrep heet Prospecteren, het genereren van Leads en het netwerken.\u00a0 Op die&hellip;\" \/>\n<meta property=\"og:url\" content=\"https:\/\/profitx2.com\/fr\/practitioner-opleiding-in-b2b-sales\/\" \/>\n<meta property=\"og:site_name\" content=\"Welkom bij ProfitX2\" \/>\n<meta property=\"article:modified_time\" content=\"2022-01-18T15:29:59+00:00\" \/>\n<meta property=\"og:image\" content=\"http:\/\/profitx2.com\/wp-content\/uploads\/2021\/09\/handschudden.jpg\" \/>\n<meta name=\"twitter:card\" content=\"summary_large_image\" \/>\n<script type=\"application\/ld+json\" class=\"yoast-schema-graph\">{\"@context\":\"https:\/\/schema.org\",\"@graph\":[{\"@type\":\"WebPage\",\"@id\":\"https:\/\/profitx2.com\/practitioner-opleiding-in-b2b-sales\/\",\"url\":\"https:\/\/profitx2.com\/practitioner-opleiding-in-b2b-sales\/\",\"name\":\"Practitioner Opleiding in B2B Sales - Welkom bij ProfitX2\",\"isPartOf\":{\"@id\":\"https:\/\/profitx2.com\/#website\"},\"primaryImageOfPage\":{\"@id\":\"https:\/\/profitx2.com\/practitioner-opleiding-in-b2b-sales\/#primaryimage\"},\"image\":{\"@id\":\"https:\/\/profitx2.com\/practitioner-opleiding-in-b2b-sales\/#primaryimage\"},\"thumbnailUrl\":\"http:\/\/profitx2.com\/wp-content\/uploads\/2021\/09\/handschudden.jpg\",\"datePublished\":\"2021-09-17T12:03:45+00:00\",\"dateModified\":\"2022-01-18T15:29:59+00:00\",\"breadcrumb\":{\"@id\":\"https:\/\/profitx2.com\/practitioner-opleiding-in-b2b-sales\/#breadcrumb\"},\"inLanguage\":\"fr-BE\",\"potentialAction\":[{\"@type\":\"ReadAction\",\"target\":[\"https:\/\/profitx2.com\/practitioner-opleiding-in-b2b-sales\/\"]}]},{\"@type\":\"ImageObject\",\"inLanguage\":\"fr-BE\",\"@id\":\"https:\/\/profitx2.com\/practitioner-opleiding-in-b2b-sales\/#primaryimage\",\"url\":\"http:\/\/profitx2.com\/wp-content\/uploads\/2021\/09\/handschudden.jpg\",\"contentUrl\":\"http:\/\/profitx2.com\/wp-content\/uploads\/2021\/09\/handschudden.jpg\"},{\"@type\":\"BreadcrumbList\",\"@id\":\"https:\/\/profitx2.com\/practitioner-opleiding-in-b2b-sales\/#breadcrumb\",\"itemListElement\":[{\"@type\":\"ListItem\",\"position\":1,\"name\":\"Home\",\"item\":\"https:\/\/profitx2.com\/\"},{\"@type\":\"ListItem\",\"position\":2,\"name\":\"Practitioner Opleiding in B2B Sales\"}]},{\"@type\":\"WebSite\",\"@id\":\"https:\/\/profitx2.com\/#website\",\"url\":\"https:\/\/profitx2.com\/\",\"name\":\"Welkom bij ProfitX2\",\"description\":\"Digital Sales and Leadership Coaching\",\"potentialAction\":[{\"@type\":\"SearchAction\",\"target\":{\"@type\":\"EntryPoint\",\"urlTemplate\":\"https:\/\/profitx2.com\/?s={search_term_string}\"},\"query-input\":{\"@type\":\"PropertyValueSpecification\",\"valueRequired\":true,\"valueName\":\"search_term_string\"}}],\"inLanguage\":\"fr-BE\"}]}<\/script>\n<!-- \/ Yoast SEO plugin. -->","yoast_head_json":{"title":"Practitioner Opleiding in B2B Sales - Welkom bij ProfitX2","robots":{"index":"index","follow":"follow","max-snippet":"max-snippet:-1","max-image-preview":"max-image-preview:large","max-video-preview":"max-video-preview:-1"},"canonical":"https:\/\/profitx2.com\/fr\/practitioner-opleiding-in-b2b-sales\/","og_locale":"fr_FR","og_type":"article","og_title":"Practitioner Opleiding in B2B Sales - Welkom bij ProfitX2","og_description":"b2B sales programma&#8217;s Practitioner Opleiding in B2B Sales Dit Programma is ons instap-programma met slechts 2 Digitale Coaching Modules.\u00a0 Desalniettemin, twee erg belangrijke Modules, want een Salesrep zal altijd eerst moeten zaaien om straks te kunnen oogsten en die &#8216;zaaien&#8217; is voor een B2B-Salesrep heet Prospecteren, het genereren van Leads en het netwerken.\u00a0 Op die&hellip;","og_url":"https:\/\/profitx2.com\/fr\/practitioner-opleiding-in-b2b-sales\/","og_site_name":"Welkom bij ProfitX2","article_modified_time":"2022-01-18T15:29:59+00:00","og_image":[{"url":"http:\/\/profitx2.com\/wp-content\/uploads\/2021\/09\/handschudden.jpg","type":"","width":"","height":""}],"twitter_card":"summary_large_image","schema":{"@context":"https:\/\/schema.org","@graph":[{"@type":"WebPage","@id":"https:\/\/profitx2.com\/practitioner-opleiding-in-b2b-sales\/","url":"https:\/\/profitx2.com\/practitioner-opleiding-in-b2b-sales\/","name":"Practitioner Opleiding in B2B Sales - Welkom bij ProfitX2","isPartOf":{"@id":"https:\/\/profitx2.com\/#website"},"primaryImageOfPage":{"@id":"https:\/\/profitx2.com\/practitioner-opleiding-in-b2b-sales\/#primaryimage"},"image":{"@id":"https:\/\/profitx2.com\/practitioner-opleiding-in-b2b-sales\/#primaryimage"},"thumbnailUrl":"http:\/\/profitx2.com\/wp-content\/uploads\/2021\/09\/handschudden.jpg","datePublished":"2021-09-17T12:03:45+00:00","dateModified":"2022-01-18T15:29:59+00:00","breadcrumb":{"@id":"https:\/\/profitx2.com\/practitioner-opleiding-in-b2b-sales\/#breadcrumb"},"inLanguage":"fr-BE","potentialAction":[{"@type":"ReadAction","target":["https:\/\/profitx2.com\/practitioner-opleiding-in-b2b-sales\/"]}]},{"@type":"ImageObject","inLanguage":"fr-BE","@id":"https:\/\/profitx2.com\/practitioner-opleiding-in-b2b-sales\/#primaryimage","url":"http:\/\/profitx2.com\/wp-content\/uploads\/2021\/09\/handschudden.jpg","contentUrl":"http:\/\/profitx2.com\/wp-content\/uploads\/2021\/09\/handschudden.jpg"},{"@type":"BreadcrumbList","@id":"https:\/\/profitx2.com\/practitioner-opleiding-in-b2b-sales\/#breadcrumb","itemListElement":[{"@type":"ListItem","position":1,"name":"Home","item":"https:\/\/profitx2.com\/"},{"@type":"ListItem","position":2,"name":"Practitioner Opleiding in B2B Sales"}]},{"@type":"WebSite","@id":"https:\/\/profitx2.com\/#website","url":"https:\/\/profitx2.com\/","name":"Welkom bij ProfitX2","description":"Digital Sales and Leadership Coaching","potentialAction":[{"@type":"SearchAction","target":{"@type":"EntryPoint","urlTemplate":"https:\/\/profitx2.com\/?s={search_term_string}"},"query-input":{"@type":"PropertyValueSpecification","valueRequired":true,"valueName":"search_term_string"}}],"inLanguage":"fr-BE"}]}},"_links":{"self":[{"href":"https:\/\/profitx2.com\/fr\/wp-json\/wp\/v2\/pages\/532","targetHints":{"allow":["GET"]}}],"collection":[{"href":"https:\/\/profitx2.com\/fr\/wp-json\/wp\/v2\/pages"}],"about":[{"href":"https:\/\/profitx2.com\/fr\/wp-json\/wp\/v2\/types\/page"}],"author":[{"embeddable":true,"href":"https:\/\/profitx2.com\/fr\/wp-json\/wp\/v2\/users\/1"}],"replies":[{"embeddable":true,"href":"https:\/\/profitx2.com\/fr\/wp-json\/wp\/v2\/comments?post=532"}],"version-history":[{"count":0,"href":"https:\/\/profitx2.com\/fr\/wp-json\/wp\/v2\/pages\/532\/revisions"}],"wp:attachment":[{"href":"https:\/\/profitx2.com\/fr\/wp-json\/wp\/v2\/media?parent=532"}],"curies":[{"name":"wp","href":"https:\/\/api.w.org\/{rel}","templated":true}]}}