{"id":469,"date":"2021-09-14T18:54:38","date_gmt":"2021-09-14T18:54:38","guid":{"rendered":"https:\/\/mooof.be\/profitx2\/?page_id=469"},"modified":"2021-12-15T09:53:38","modified_gmt":"2021-12-15T09:53:38","slug":"b2c-sales-gladiator-opleiding","status":"publish","type":"page","link":"https:\/\/profitx2.com\/fr\/b2c-sales-gladiator-opleiding\/","title":{"rendered":"Formation en vente B2C \"Gladiator\""},"content":{"rendered":"<h1>b2c sales programma&#8217;s<\/h1>\n\t<h1><strong>Formation en vente B2C \"Gladiator\"<\/strong><\/h1>\n\t<h6><strong>Dit Programma is specifiek ontwikkeld voor commerci\u00eble medewerkers die op handelsbeurzen meteen resultaten willen neerzetten.  Waar sommige bedrijven enkel huiswaarts keren van een beurs met een hoop &#8216;adressen&#8217;, hebben collega&#8217;s al voor vele honderden duizenden aan omzet gegenereerd omdat hun Salesteam opgeleid was om op beurzen te verkopen.  Gun uw bedrijf een direct meetbaar rendement op de beurs en laat uw Beurs-TEAM deze digitale opleiding volgen.  Het zal een enorme impact hebben op het totaal resultaat van uw beursdeelname.    <\/strong><\/h6>\n\t<h1>Ce programme de vente B2C comprend les quatre modules suivants :<\/h1>\n\t<ul>\n<li>Techniques de cl\u00f4ture<\/li>\n<li>Traitement d'objections<\/li>\n<li>Parler le langage corporel<\/li>\n<li>Participation rentable aux foires<\/li>\n<\/ul>\n\t<p><strong>Total<\/strong><\/p>\n<p><strong>72 vid\u00e9os de formation<\/strong><\/p>\n\t<h3><strong>Techniques de cl\u00f4ture<\/strong><\/h3>\n<p>Afsluiten is zelfs voor ervaren verkopers een heikel thema.\u00a0 Na het volgen van deze module kan een verkoper afsluiten op verschillende manieren en vooral op een manier die &#8216;smooth&#8217; overkomt bij de klanten.\u00a0 Afsluiten, het herkennen van koopsignalen en anticiperen op de toekomst (afsluiten zonder de afsluitende vraag te stellen) zullen behoren tot de vaardigheden van elke verkoper die deze Digitale Coaching Module volgt.\u00a0 Wie niet vlot leert afsluiten blijft zijn ganse sales-carri\u00e8re hangen op het niveau van een offerteaanbieder.\u00a0 Een hoge score is enkel weggelegd voor wie soepel en vlot leert &#8216;closen&#8217;.<\/p>\n\n<h3><strong>Traitement d'objections<\/strong><\/h3>\n<p>Op een afsluitende vraag volgt een &#8216;ja&#8217; of &#8216;een objectie&#8217;.\u00a0 Objecties komen in vele vormen.\u00a0 Denk maar even aan objecties als &#8216;nadenken&#8217;, &#8217;te duur&#8217;, &#8216;prijs vergelijken&#8217; of &#8216;wij beslissen nooit van de eerste keer&#8217;.\u00a0 Als verkoper heb je twee keuzes.\u00a0 Ofwel &#8216;koop&#8217; je de objectie van de klant (die heel dikwijls een &#8216;fake&#8217; objectie is) en &#8216;hoop&#8217; je dat je klant de volgende week terug komt.\u00a0 Of je leert omgaan met objecties, bijvoorbeeld door het volgend van deze Digitale Coaching Module, en dan &#8216;begint&#8217; de verkoop pas op het moment dat de eerste objectie boven water komt.<\/p>\n\t<h3><strong>Participation rentable aux foires<\/strong><\/h3>\n<p>Cette formation num\u00e9rique concerne donc une participation r\u00e9ussie \u00e0 des foires commerciales, ou une participation \u00e0 des foires commerciales de mani\u00e8re \u00e0 ce que vous, en tant qu'entreprise, obteniez un rendement maximal de votre participation. Les foires commerciales co\u00fbtent beaucoup d'argent, et ce n'est que si vous faites les choses correctement avant, pendant et apr\u00e8s la foire que ce co\u00fbt s'av\u00e9rera \u00eatre un tr\u00e8s bon investissement. Les participants apprendront les meilleures pratiques des plus de 30 ans d'exp\u00e9rience dans le coaching international d'\u00e9quipes commerciales, qui, gr\u00e2ce \u00e0 leur approche professionnelle, ont fait des foires commerciales de leurs entreprises respectives un succ\u00e8s.<\/p>\n<h3><strong>Parler le langage corporel<\/strong><\/h3>\n<p>Sommige onderzoekers praten over 50, andere over 80% van uw communicatie die bepaald zou worden door uw lichaamstaal.\u00a0 Belangrijk genoeg voor elke verkoper om dieper in te gaan op dit onderwerp.\u00a0 Lichaamstaal is een taal die je enerzijds kan leren &#8216;lezen&#8217; bij je klanten en anderzijds, zoals in deze Digitale Coaching Module, kan leren &#8216;spreken&#8217; naar je klanten toe.\u00a0 Alle politiekers en media-figuren hebben het geleerd, en nu is het de beurt aan de verkoper.\u00a0 Wie zijn boodschap ondersteund met de juiste lichaamstaal komt zoveel krachtiger en betrouwbaarder over bij zijn klanten, waardoor het resultaat niet lang op zich zal laten wachten.<\/p>\n\t<p><strong>Votre \u00c9QUIPE DE VENTE obtiendra avec ce programme les CONNAISSANCES suivantes pour : <\/strong><\/p>\n<ul>\n<li>Demander la commande d'une mani\u00e8re douce et respectueuse, mais aussi tr\u00e8s claire<\/li>\n<li>Tijdens het gesprek, door middel van een &#8217;trial-close&#8217; al te weten of een mogelijke verkoop vandaag mogelijk is<\/li>\n<li>Al binnen de eerste 10 minuten, dankzij de &#8216;starttechniek&#8217; al weten of aan de criteria voldaan is om vandaag aan deze klanten te verkopen<\/li>\n<li>POURQUOI il est si important d'apprendre et d'utiliser ces techniques de cl\u00f4ture de mani\u00e8re efficace<\/li>\n<li>HOE ze kunnen anticiperen op OBJECTIES als &#8216;nadenken&#8217;, &#8217;te duur&#8217;, &#8216;ergens anders een betere prijs&#8217; of een objectie als &#8216;vergelijken&#8217;<\/li>\n<li>Door gebruik te maken van de &#8216;isolatietechniek&#8217; meteen te weten of een objectie een &#8216;ware&#8217; of een &#8216;fake&#8217; objectie is<\/li>\n<li>Het &#8216;ankeren&#8217; van een ideale verkoop-stemming door middel van auditieve, visuele &amp; kinesthetische ankers en door het bijsturen van de &#8216;interne dialoog&#8217; (selftalk), iets dat zeker op een beursstand van zeer groot belang is<\/li>\n<li>Utiliser le bon langage corporel pour gagner rapidement la CONFIANCE des clients<\/li>\n<li>\u00c9viter, par nervosit\u00e9, d'utiliser un langage corporel sur le stand qui aurait l'effet inverse, c'est-\u00e0-dire que le vendeur soit per\u00e7u comme peu cr\u00e9dible par les visiteurs du stand<\/li>\n<li>Rekening houden met de Do&#8217;s en Don&#8217;ts van een beursdeelname, iets dat het rendement van uw beursdeelname zeker ten goede zal komen.<\/li>\n<\/ul>\n\t<h2>Un module optionnel tr\u00e8s int\u00e9ressant pour ce programme est sans aucun doute : Le Salesgame<\/h2>\n<p>&nbsp;<\/p>\n<p>In deze Digitale Coaching Module &#8216;<strong>The Salesgame&#8217;<\/strong> leer ik uw commerci\u00eble medewerkers een verkoop-spel spelen waarin afsluiten en objecties behandelen op een aangename manier &#8216;gespeeld&#8217; kan worden.\u00a0 Dit geeft al snel een bepaalde &#8216;routine&#8217; en het spelelement zorgt voor een ontspannen manier van leren.\u00a0 Dit spel kan dan verder enkele keren per week gespeeld worden (bvb. tijdens de middagpauze) waarna uw salesteam zal merken dat het behandelen van klanten-objecties al snel op automatische piloot zal verlopen.<\/p>\n<p><strong>Vous pouvez \u00e9galement commander le jeu physique que nous avons d\u00e9velopp\u00e9 avec les cartes et les jetons de casino chez nous.\u00a0<\/strong><\/p>\n\t\t\t\t<img decoding=\"async\" src=\"http:\/\/profitx2.com\/wp-content\/uploads\/2021\/09\/image.png\" alt=\"image\" itemprop=\"image\" title=\"image\" onerror=\"this.style.display='none'\"  \/>\n\t<h3>Wij spreken graag met u af om deze opleiding of overige Digitale Coaching Programma&#8217;s persoonlijk toe te lichten<\/h3>","protected":false},"excerpt":{"rendered":"<p>b2c sales programma&#8217;s B2C Sales Gladiator Opleiding Dit Programma is specifiek ontwikkeld voor commerci\u00eble medewerkers die op handelsbeurzen meteen resultaten willen neerzetten. Waar sommige bedrijven enkel huiswaarts keren van een beurs met een hoop &#8216;adressen&#8217;, hebben collega&#8217;s al voor vele honderden duizenden aan omzet gegenereerd omdat hun Salesteam opgeleid was om op beurzen te verkopen.&hellip;<\/p>","protected":false},"author":1,"featured_media":0,"parent":0,"menu_order":0,"comment_status":"closed","ping_status":"closed","template":"","meta":{"_seopress_robots_primary_cat":"","_seopress_titles_title":"","_seopress_titles_desc":"","_seopress_robots_index":"","footnotes":""},"class_list":["post-469","page","type-page","status-publish","hentry"],"yoast_head":"<!-- This site is optimized with the Yoast SEO plugin v26.3 - https:\/\/yoast.com\/wordpress\/plugins\/seo\/ -->\n<title>B2C Sales Gladiator Opleiding - Welkom bij ProfitX2<\/title>\n<meta name=\"robots\" content=\"index, follow, max-snippet:-1, max-image-preview:large, max-video-preview:-1\" \/>\n<link rel=\"canonical\" href=\"https:\/\/profitx2.com\/fr\/b2c-sales-gladiator-opleiding\/\" \/>\n<meta property=\"og:locale\" content=\"fr_FR\" \/>\n<meta property=\"og:type\" content=\"article\" \/>\n<meta property=\"og:title\" content=\"B2C Sales Gladiator Opleiding - Welkom bij ProfitX2\" \/>\n<meta property=\"og:description\" content=\"b2c sales programma&#8217;s B2C Sales Gladiator Opleiding Dit Programma is specifiek ontwikkeld voor commerci\u00eble medewerkers die op handelsbeurzen meteen resultaten willen neerzetten. Waar sommige bedrijven enkel huiswaarts keren van een beurs met een hoop &#8216;adressen&#8217;, hebben collega&#8217;s al voor vele honderden duizenden aan omzet gegenereerd omdat hun Salesteam opgeleid was om op beurzen te verkopen.&hellip;\" \/>\n<meta property=\"og:url\" content=\"https:\/\/profitx2.com\/fr\/b2c-sales-gladiator-opleiding\/\" \/>\n<meta property=\"og:site_name\" content=\"Welkom bij ProfitX2\" \/>\n<meta property=\"article:modified_time\" content=\"2021-12-15T09:53:38+00:00\" \/>\n<meta property=\"og:image\" content=\"http:\/\/profitx2.com\/wp-content\/uploads\/2021\/09\/image.png\" \/>\n<meta name=\"twitter:card\" content=\"summary_large_image\" \/>\n<script type=\"application\/ld+json\" class=\"yoast-schema-graph\">{\"@context\":\"https:\/\/schema.org\",\"@graph\":[{\"@type\":\"WebPage\",\"@id\":\"https:\/\/profitx2.com\/b2c-sales-gladiator-opleiding\/\",\"url\":\"https:\/\/profitx2.com\/b2c-sales-gladiator-opleiding\/\",\"name\":\"B2C Sales Gladiator Opleiding - Welkom bij ProfitX2\",\"isPartOf\":{\"@id\":\"https:\/\/profitx2.com\/#website\"},\"primaryImageOfPage\":{\"@id\":\"https:\/\/profitx2.com\/b2c-sales-gladiator-opleiding\/#primaryimage\"},\"image\":{\"@id\":\"https:\/\/profitx2.com\/b2c-sales-gladiator-opleiding\/#primaryimage\"},\"thumbnailUrl\":\"http:\/\/profitx2.com\/wp-content\/uploads\/2021\/09\/image.png\",\"datePublished\":\"2021-09-14T18:54:38+00:00\",\"dateModified\":\"2021-12-15T09:53:38+00:00\",\"breadcrumb\":{\"@id\":\"https:\/\/profitx2.com\/b2c-sales-gladiator-opleiding\/#breadcrumb\"},\"inLanguage\":\"fr-BE\",\"potentialAction\":[{\"@type\":\"ReadAction\",\"target\":[\"https:\/\/profitx2.com\/b2c-sales-gladiator-opleiding\/\"]}]},{\"@type\":\"ImageObject\",\"inLanguage\":\"fr-BE\",\"@id\":\"https:\/\/profitx2.com\/b2c-sales-gladiator-opleiding\/#primaryimage\",\"url\":\"http:\/\/profitx2.com\/wp-content\/uploads\/2021\/09\/image.png\",\"contentUrl\":\"http:\/\/profitx2.com\/wp-content\/uploads\/2021\/09\/image.png\"},{\"@type\":\"BreadcrumbList\",\"@id\":\"https:\/\/profitx2.com\/b2c-sales-gladiator-opleiding\/#breadcrumb\",\"itemListElement\":[{\"@type\":\"ListItem\",\"position\":1,\"name\":\"Home\",\"item\":\"https:\/\/profitx2.com\/\"},{\"@type\":\"ListItem\",\"position\":2,\"name\":\"B2C Sales Gladiator Opleiding\"}]},{\"@type\":\"WebSite\",\"@id\":\"https:\/\/profitx2.com\/#website\",\"url\":\"https:\/\/profitx2.com\/\",\"name\":\"Welkom bij ProfitX2\",\"description\":\"Digital Sales and Leadership Coaching\",\"potentialAction\":[{\"@type\":\"SearchAction\",\"target\":{\"@type\":\"EntryPoint\",\"urlTemplate\":\"https:\/\/profitx2.com\/?s={search_term_string}\"},\"query-input\":{\"@type\":\"PropertyValueSpecification\",\"valueRequired\":true,\"valueName\":\"search_term_string\"}}],\"inLanguage\":\"fr-BE\"}]}<\/script>\n<!-- \/ Yoast SEO plugin. -->","yoast_head_json":{"title":"B2C Sales Gladiator Opleiding - Welkom bij ProfitX2","robots":{"index":"index","follow":"follow","max-snippet":"max-snippet:-1","max-image-preview":"max-image-preview:large","max-video-preview":"max-video-preview:-1"},"canonical":"https:\/\/profitx2.com\/fr\/b2c-sales-gladiator-opleiding\/","og_locale":"fr_FR","og_type":"article","og_title":"B2C Sales Gladiator Opleiding - Welkom bij ProfitX2","og_description":"b2c sales programma&#8217;s B2C Sales Gladiator Opleiding Dit Programma is specifiek ontwikkeld voor commerci\u00eble medewerkers die op handelsbeurzen meteen resultaten willen neerzetten. Waar sommige bedrijven enkel huiswaarts keren van een beurs met een hoop &#8216;adressen&#8217;, hebben collega&#8217;s al voor vele honderden duizenden aan omzet gegenereerd omdat hun Salesteam opgeleid was om op beurzen te verkopen.&hellip;","og_url":"https:\/\/profitx2.com\/fr\/b2c-sales-gladiator-opleiding\/","og_site_name":"Welkom bij ProfitX2","article_modified_time":"2021-12-15T09:53:38+00:00","og_image":[{"url":"http:\/\/profitx2.com\/wp-content\/uploads\/2021\/09\/image.png","type":"","width":"","height":""}],"twitter_card":"summary_large_image","schema":{"@context":"https:\/\/schema.org","@graph":[{"@type":"WebPage","@id":"https:\/\/profitx2.com\/b2c-sales-gladiator-opleiding\/","url":"https:\/\/profitx2.com\/b2c-sales-gladiator-opleiding\/","name":"B2C Sales Gladiator Opleiding - Welkom bij ProfitX2","isPartOf":{"@id":"https:\/\/profitx2.com\/#website"},"primaryImageOfPage":{"@id":"https:\/\/profitx2.com\/b2c-sales-gladiator-opleiding\/#primaryimage"},"image":{"@id":"https:\/\/profitx2.com\/b2c-sales-gladiator-opleiding\/#primaryimage"},"thumbnailUrl":"http:\/\/profitx2.com\/wp-content\/uploads\/2021\/09\/image.png","datePublished":"2021-09-14T18:54:38+00:00","dateModified":"2021-12-15T09:53:38+00:00","breadcrumb":{"@id":"https:\/\/profitx2.com\/b2c-sales-gladiator-opleiding\/#breadcrumb"},"inLanguage":"fr-BE","potentialAction":[{"@type":"ReadAction","target":["https:\/\/profitx2.com\/b2c-sales-gladiator-opleiding\/"]}]},{"@type":"ImageObject","inLanguage":"fr-BE","@id":"https:\/\/profitx2.com\/b2c-sales-gladiator-opleiding\/#primaryimage","url":"http:\/\/profitx2.com\/wp-content\/uploads\/2021\/09\/image.png","contentUrl":"http:\/\/profitx2.com\/wp-content\/uploads\/2021\/09\/image.png"},{"@type":"BreadcrumbList","@id":"https:\/\/profitx2.com\/b2c-sales-gladiator-opleiding\/#breadcrumb","itemListElement":[{"@type":"ListItem","position":1,"name":"Home","item":"https:\/\/profitx2.com\/"},{"@type":"ListItem","position":2,"name":"B2C Sales Gladiator Opleiding"}]},{"@type":"WebSite","@id":"https:\/\/profitx2.com\/#website","url":"https:\/\/profitx2.com\/","name":"Welkom bij ProfitX2","description":"Digital Sales and Leadership Coaching","potentialAction":[{"@type":"SearchAction","target":{"@type":"EntryPoint","urlTemplate":"https:\/\/profitx2.com\/?s={search_term_string}"},"query-input":{"@type":"PropertyValueSpecification","valueRequired":true,"valueName":"search_term_string"}}],"inLanguage":"fr-BE"}]}},"_links":{"self":[{"href":"https:\/\/profitx2.com\/fr\/wp-json\/wp\/v2\/pages\/469","targetHints":{"allow":["GET"]}}],"collection":[{"href":"https:\/\/profitx2.com\/fr\/wp-json\/wp\/v2\/pages"}],"about":[{"href":"https:\/\/profitx2.com\/fr\/wp-json\/wp\/v2\/types\/page"}],"author":[{"embeddable":true,"href":"https:\/\/profitx2.com\/fr\/wp-json\/wp\/v2\/users\/1"}],"replies":[{"embeddable":true,"href":"https:\/\/profitx2.com\/fr\/wp-json\/wp\/v2\/comments?post=469"}],"version-history":[{"count":0,"href":"https:\/\/profitx2.com\/fr\/wp-json\/wp\/v2\/pages\/469\/revisions"}],"wp:attachment":[{"href":"https:\/\/profitx2.com\/fr\/wp-json\/wp\/v2\/media?parent=469"}],"curies":[{"name":"wp","href":"https:\/\/api.w.org\/{rel}","templated":true}]}}