{"id":452,"date":"2021-09-14T18:37:49","date_gmt":"2021-09-14T18:37:49","guid":{"rendered":"https:\/\/mooof.be\/profitx2\/?page_id=452"},"modified":"2021-12-15T09:55:11","modified_gmt":"2021-12-15T09:55:11","slug":"practitioner-opleiding-in-b2c-sales","status":"publish","type":"page","link":"https:\/\/profitx2.com\/fr\/practitioner-opleiding-in-b2c-sales\/","title":{"rendered":"Formation praticien en vente B2C"},"content":{"rendered":"<h1>b2c sales programma&#8217;s<\/h1>\n\t<h1><strong>Formation praticien en vente B2C<\/strong><\/h1>\n\t<h6><strong>Dit Programma is ons instap-programma meet slechts 2 Digitale Coaching Modules.  Desalniettemin, twee erg belangrijke Modules, want als een Salesrep niet kan &#8216;closen&#8217; en niet kan omgaan met de aankoop-aarzelingen of objecties van klanten, heeft dat een enorme impact op zijn of haar resultaten.  Eens u uw Salesteam van deze noodzakelijke kennis voorziet, zal u ook de gemiddelde score meteen zien verbeteren.  \u00a0<\/strong><\/h6>\n\t<h1>Ce programme de vente B2C comprend les deux modules suivants :<\/h1>\n\t<ul>\n<li> Techniques de cl\u00f4ture<\/li>\n<li> Traitement d'objections<\/li>\n<\/ul>\n\t<p><strong>Total<\/strong><\/p>\n<p><strong>36 vid\u00e9os de formation<\/strong><\/p>\n\t<h3><strong>Techniques de cl\u00f4ture<\/strong><\/h3>\n<p>Afsluiten is zelfs voor ervaren verkopers een heikel thema.\u00a0 Na het volgen van deze module kan een verkoper afsluiten op verschillende manieren en vooral op een manier die &#8216;smooth&#8217; overkomt bij de klanten.\u00a0 Afsluiten, het herkennen van koopsignalen en anticiperen op de toekomst (afsluiten zonder de afsluitende vraag te stellen) zullen behoren tot de vaardigheden van elke verkoper die deze Digitale Coaching Module volgt.\u00a0 Wie niet vlot leert afsluiten blijft zijn ganse sales-carri\u00e8re hangen op het niveau van een offerteaanbieder.\u00a0 Een hoge score is enkel weggelegd voor wie soepel en vlot leert &#8216;closen&#8217;.<\/p>\n\t<h3><strong>Traitement d'objections<\/strong><\/h3>\n<p>Op een afsluitende vraag volgt een &#8216;ja&#8217; of &#8216;een objectie&#8217;.\u00a0 Objecties komen in vele vormen.\u00a0 Denk maar even aan objecties als &#8216;nadenken&#8217;, &#8217;te duur&#8217;, &#8216;prijs vergelijken&#8217; of &#8216;wij beslissen nooit van de eerste keer&#8217;.\u00a0 Als verkoper heb je twee keuzes.\u00a0 Ofwel &#8216;koop&#8217; je de objectie van de klant (die heel dikwijls een &#8216;fake&#8217; objectie is) en &#8216;hoop&#8217; je dat je klant de volgende week terug komt.\u00a0 Of je leert omgaan met objecties, bijvoorbeeld door het volgend van deze Digitale Coaching Module, en dan &#8216;begint&#8217; de verkoop pas op het moment dat de eerste objectie boven water komt.<\/p>\n\t<p><strong>Votre \u00c9QUIPE DE VENTE obtiendra avec ce programme les CONNAISSANCES suivantes pour : <\/strong><\/p>\n<ul>\n<li>Demander la commande d'une mani\u00e8re douce et respectueuse, mais aussi tr\u00e8s claire<\/li>\n<li>Tijdens het gesprek, door middel van een &#8217;trial-close&#8217; al te weten of een mogelijke verkoop vandaag mogelijk is<\/li>\n<li>Al binnen de eerste 10 minuten, dankzij de &#8216;starttechniek&#8217; al weten of aan de criteria voldaan is om vandaag aan deze klanten te verkopen<\/li>\n<li>POURQUOI il est si important d'apprendre et d'utiliser ces techniques de cl\u00f4ture de mani\u00e8re efficace<\/li>\n<li>HOE ze kunnen anticiperen op OBJECTIES als &#8216;nadenken&#8217;, &#8217;te duur&#8217;, &#8216;ergens anders een betere prijs&#8217; of een objectie als &#8216;vergelijken&#8217;<\/li>\n<li>Door gebruik te maken van de &#8216;isolatietechniek&#8217; meteen te weten of een objectie een &#8216;ware&#8217; of een &#8216;fake&#8217; objectie is<\/li>\n<\/ul>\n\t<h2>Un module optionnel tr\u00e8s int\u00e9ressant pour ce programme est sans aucun doute : Le Salesgame<\/h2>\n<p>&nbsp;<\/p>\n<p>In deze Digitale Coaching Module &#8216;<strong>The Salesgame&#8217;<\/strong> leer ik uw commerci\u00eble medewerkers een verkoop-spel spelen waarin afsluiten en objecties behandelen op een aangename manier &#8216;gespeeld&#8217; kan worden.\u00a0 Dit geeft al snel een bepaalde &#8216;routine&#8217; en het spelelement zorgt voor een ontspannen manier van leren.\u00a0 Dit spel kan dan verder enkele keren per week gespeeld worden (bvb. tijdens de middagpauze) waarna uw salesteam zal merken dat het behandelen van klanten-objecties al snel op automatische piloot zal verlopen.<\/p>\n<p><strong>Vous pouvez \u00e9galement commander le jeu physique que nous avons d\u00e9velopp\u00e9 avec les cartes et les jetons de casino chez nous.\u00a0<\/strong><\/p>\n\t\t\t\t<img decoding=\"async\" src=\"http:\/\/profitx2.com\/wp-content\/uploads\/2021\/09\/image.png\" alt=\"image\" itemprop=\"image\" title=\"image\" onerror=\"this.style.display='none'\"  \/>\n\t<h3>Wij spreken graag met u af om deze opleiding of overige Digitale Coaching Programma&#8217;s persoonlijk toe te lichten<\/h3>","protected":false},"excerpt":{"rendered":"<p>b2c sales programma&#8217;s Practitioner Opleiding in B2C Sales Dit Programma is ons instap-programma meet slechts 2 Digitale Coaching Modules. Desalniettemin, twee erg belangrijke Modules, want als een Salesrep niet kan &#8216;closen&#8217; en niet kan omgaan met de aankoop-aarzelingen of objecties van klanten, heeft dat een enorme impact op zijn of haar resultaten. Eens u uw&hellip;<\/p>","protected":false},"author":1,"featured_media":0,"parent":0,"menu_order":0,"comment_status":"closed","ping_status":"closed","template":"","meta":{"_seopress_robots_primary_cat":"","_seopress_titles_title":"","_seopress_titles_desc":"","_seopress_robots_index":"","footnotes":""},"class_list":["post-452","page","type-page","status-publish","hentry"],"yoast_head":"<!-- This site is optimized with the Yoast SEO plugin v26.3 - https:\/\/yoast.com\/wordpress\/plugins\/seo\/ -->\n<title>Practitioner Opleiding in B2C Sales - Welkom bij ProfitX2<\/title>\n<meta name=\"robots\" content=\"index, follow, max-snippet:-1, max-image-preview:large, max-video-preview:-1\" \/>\n<link rel=\"canonical\" href=\"https:\/\/profitx2.com\/fr\/practitioner-opleiding-in-b2c-sales\/\" \/>\n<meta property=\"og:locale\" content=\"fr_FR\" \/>\n<meta property=\"og:type\" content=\"article\" \/>\n<meta property=\"og:title\" content=\"Practitioner Opleiding in B2C Sales - Welkom bij ProfitX2\" \/>\n<meta property=\"og:description\" content=\"b2c sales programma&#8217;s Practitioner Opleiding in B2C Sales Dit Programma is ons instap-programma meet slechts 2 Digitale Coaching Modules. Desalniettemin, twee erg belangrijke Modules, want als een Salesrep niet kan &#8216;closen&#8217; en niet kan omgaan met de aankoop-aarzelingen of objecties van klanten, heeft dat een enorme impact op zijn of haar resultaten. Eens u uw&hellip;\" \/>\n<meta property=\"og:url\" content=\"https:\/\/profitx2.com\/fr\/practitioner-opleiding-in-b2c-sales\/\" \/>\n<meta property=\"og:site_name\" content=\"Welkom bij ProfitX2\" \/>\n<meta property=\"article:modified_time\" content=\"2021-12-15T09:55:11+00:00\" \/>\n<meta property=\"og:image\" content=\"http:\/\/profitx2.com\/wp-content\/uploads\/2021\/09\/image.png\" \/>\n<meta name=\"twitter:card\" content=\"summary_large_image\" \/>\n<script type=\"application\/ld+json\" class=\"yoast-schema-graph\">{\"@context\":\"https:\/\/schema.org\",\"@graph\":[{\"@type\":\"WebPage\",\"@id\":\"https:\/\/profitx2.com\/practitioner-opleiding-in-b2c-sales\/\",\"url\":\"https:\/\/profitx2.com\/practitioner-opleiding-in-b2c-sales\/\",\"name\":\"Practitioner Opleiding in B2C Sales - Welkom bij ProfitX2\",\"isPartOf\":{\"@id\":\"https:\/\/profitx2.com\/#website\"},\"primaryImageOfPage\":{\"@id\":\"https:\/\/profitx2.com\/practitioner-opleiding-in-b2c-sales\/#primaryimage\"},\"image\":{\"@id\":\"https:\/\/profitx2.com\/practitioner-opleiding-in-b2c-sales\/#primaryimage\"},\"thumbnailUrl\":\"http:\/\/profitx2.com\/wp-content\/uploads\/2021\/09\/image.png\",\"datePublished\":\"2021-09-14T18:37:49+00:00\",\"dateModified\":\"2021-12-15T09:55:11+00:00\",\"breadcrumb\":{\"@id\":\"https:\/\/profitx2.com\/practitioner-opleiding-in-b2c-sales\/#breadcrumb\"},\"inLanguage\":\"fr-BE\",\"potentialAction\":[{\"@type\":\"ReadAction\",\"target\":[\"https:\/\/profitx2.com\/practitioner-opleiding-in-b2c-sales\/\"]}]},{\"@type\":\"ImageObject\",\"inLanguage\":\"fr-BE\",\"@id\":\"https:\/\/profitx2.com\/practitioner-opleiding-in-b2c-sales\/#primaryimage\",\"url\":\"http:\/\/profitx2.com\/wp-content\/uploads\/2021\/09\/image.png\",\"contentUrl\":\"http:\/\/profitx2.com\/wp-content\/uploads\/2021\/09\/image.png\"},{\"@type\":\"BreadcrumbList\",\"@id\":\"https:\/\/profitx2.com\/practitioner-opleiding-in-b2c-sales\/#breadcrumb\",\"itemListElement\":[{\"@type\":\"ListItem\",\"position\":1,\"name\":\"Home\",\"item\":\"https:\/\/profitx2.com\/\"},{\"@type\":\"ListItem\",\"position\":2,\"name\":\"Practitioner Opleiding in B2C Sales\"}]},{\"@type\":\"WebSite\",\"@id\":\"https:\/\/profitx2.com\/#website\",\"url\":\"https:\/\/profitx2.com\/\",\"name\":\"Welkom bij ProfitX2\",\"description\":\"Digital Sales and Leadership Coaching\",\"potentialAction\":[{\"@type\":\"SearchAction\",\"target\":{\"@type\":\"EntryPoint\",\"urlTemplate\":\"https:\/\/profitx2.com\/?s={search_term_string}\"},\"query-input\":{\"@type\":\"PropertyValueSpecification\",\"valueRequired\":true,\"valueName\":\"search_term_string\"}}],\"inLanguage\":\"fr-BE\"}]}<\/script>\n<!-- \/ Yoast SEO plugin. -->","yoast_head_json":{"title":"Practitioner Opleiding in B2C Sales - Welkom bij ProfitX2","robots":{"index":"index","follow":"follow","max-snippet":"max-snippet:-1","max-image-preview":"max-image-preview:large","max-video-preview":"max-video-preview:-1"},"canonical":"https:\/\/profitx2.com\/fr\/practitioner-opleiding-in-b2c-sales\/","og_locale":"fr_FR","og_type":"article","og_title":"Practitioner Opleiding in B2C Sales - Welkom bij ProfitX2","og_description":"b2c sales programma&#8217;s Practitioner Opleiding in B2C Sales Dit Programma is ons instap-programma meet slechts 2 Digitale Coaching Modules. Desalniettemin, twee erg belangrijke Modules, want als een Salesrep niet kan &#8216;closen&#8217; en niet kan omgaan met de aankoop-aarzelingen of objecties van klanten, heeft dat een enorme impact op zijn of haar resultaten. Eens u uw&hellip;","og_url":"https:\/\/profitx2.com\/fr\/practitioner-opleiding-in-b2c-sales\/","og_site_name":"Welkom bij ProfitX2","article_modified_time":"2021-12-15T09:55:11+00:00","og_image":[{"url":"http:\/\/profitx2.com\/wp-content\/uploads\/2021\/09\/image.png","type":"","width":"","height":""}],"twitter_card":"summary_large_image","schema":{"@context":"https:\/\/schema.org","@graph":[{"@type":"WebPage","@id":"https:\/\/profitx2.com\/practitioner-opleiding-in-b2c-sales\/","url":"https:\/\/profitx2.com\/practitioner-opleiding-in-b2c-sales\/","name":"Practitioner Opleiding in B2C Sales - Welkom bij ProfitX2","isPartOf":{"@id":"https:\/\/profitx2.com\/#website"},"primaryImageOfPage":{"@id":"https:\/\/profitx2.com\/practitioner-opleiding-in-b2c-sales\/#primaryimage"},"image":{"@id":"https:\/\/profitx2.com\/practitioner-opleiding-in-b2c-sales\/#primaryimage"},"thumbnailUrl":"http:\/\/profitx2.com\/wp-content\/uploads\/2021\/09\/image.png","datePublished":"2021-09-14T18:37:49+00:00","dateModified":"2021-12-15T09:55:11+00:00","breadcrumb":{"@id":"https:\/\/profitx2.com\/practitioner-opleiding-in-b2c-sales\/#breadcrumb"},"inLanguage":"fr-BE","potentialAction":[{"@type":"ReadAction","target":["https:\/\/profitx2.com\/practitioner-opleiding-in-b2c-sales\/"]}]},{"@type":"ImageObject","inLanguage":"fr-BE","@id":"https:\/\/profitx2.com\/practitioner-opleiding-in-b2c-sales\/#primaryimage","url":"http:\/\/profitx2.com\/wp-content\/uploads\/2021\/09\/image.png","contentUrl":"http:\/\/profitx2.com\/wp-content\/uploads\/2021\/09\/image.png"},{"@type":"BreadcrumbList","@id":"https:\/\/profitx2.com\/practitioner-opleiding-in-b2c-sales\/#breadcrumb","itemListElement":[{"@type":"ListItem","position":1,"name":"Home","item":"https:\/\/profitx2.com\/"},{"@type":"ListItem","position":2,"name":"Practitioner Opleiding in B2C Sales"}]},{"@type":"WebSite","@id":"https:\/\/profitx2.com\/#website","url":"https:\/\/profitx2.com\/","name":"Welkom bij ProfitX2","description":"Digital Sales and Leadership Coaching","potentialAction":[{"@type":"SearchAction","target":{"@type":"EntryPoint","urlTemplate":"https:\/\/profitx2.com\/?s={search_term_string}"},"query-input":{"@type":"PropertyValueSpecification","valueRequired":true,"valueName":"search_term_string"}}],"inLanguage":"fr-BE"}]}},"_links":{"self":[{"href":"https:\/\/profitx2.com\/fr\/wp-json\/wp\/v2\/pages\/452","targetHints":{"allow":["GET"]}}],"collection":[{"href":"https:\/\/profitx2.com\/fr\/wp-json\/wp\/v2\/pages"}],"about":[{"href":"https:\/\/profitx2.com\/fr\/wp-json\/wp\/v2\/types\/page"}],"author":[{"embeddable":true,"href":"https:\/\/profitx2.com\/fr\/wp-json\/wp\/v2\/users\/1"}],"replies":[{"embeddable":true,"href":"https:\/\/profitx2.com\/fr\/wp-json\/wp\/v2\/comments?post=452"}],"version-history":[{"count":0,"href":"https:\/\/profitx2.com\/fr\/wp-json\/wp\/v2\/pages\/452\/revisions"}],"wp:attachment":[{"href":"https:\/\/profitx2.com\/fr\/wp-json\/wp\/v2\/media?parent=452"}],"curies":[{"name":"wp","href":"https:\/\/api.w.org\/{rel}","templated":true}]}}