{"id":398,"date":"2021-09-13T06:52:37","date_gmt":"2021-09-13T06:52:37","guid":{"rendered":"https:\/\/mooof.be\/profitx2\/?page_id=398"},"modified":"2021-10-20T08:23:26","modified_gmt":"2021-10-20T08:23:26","slug":"hoe-werkt-digital-sales-coaching-in-de-praktijk","status":"publish","type":"page","link":"https:\/\/profitx2.com\/fr\/hoe-werkt-digital-sales-coaching-in-de-praktijk\/","title":{"rendered":"Comment fonctionne le coaching de vente num\u00e9rique dans la pratique"},"content":{"rendered":"<h1>Comment fonctionne le coaching de vente num\u00e9rique dans la pratique ?<\/h1>\n\t\t\t\t<img loading=\"lazy\" decoding=\"async\" src=\"http:\/\/profitx2.com\/wp-content\/uploads\/2021\/09\/1-150x150.png\" alt=\"1\" itemprop=\"image\" height=\"150\" width=\"150\" title=\"1\" onerror=\"this.style.display='none'\"  \/>\n\t<h1><b>Vos employ\u00e9s se connectent \u00e0 l'application ProfitX2-Mobietrain<\/b><\/h1>\n\t<ul>\n<li>CONNEXION SIMPLE possible en scannant le code QR<\/li>\n<li>Les formations peuvent \u00eatre suivies via un SMARTPHONE, une tablette ou un ordinateur<\/li>\n<li>Identifiant unique avec mot de passe (\u00e0 choisir par l'utilisateur)<\/li>\n<li>Une multitude de langues est disponible dans l'application<\/li>\n<li>Mat\u00e9riel de promotion pour assurer un lancement r\u00e9ussi<\/li>\n<\/ul>\n\t\t\t\t<img loading=\"lazy\" decoding=\"async\" src=\"http:\/\/profitx2.com\/wp-content\/uploads\/2021\/09\/341.png\" alt=\"341\" itemprop=\"image\" height=\"900\" width=\"1200\" title=\"341\" onerror=\"this.style.display='none'\"  \/>\n\t<h1>Vos<strong> employ\u00e9s se familiarisent avec les cours de formation que vous avez choisis pour eux <\/strong><\/h1>\n\t\t\t\t<img loading=\"lazy\" decoding=\"async\" src=\"http:\/\/profitx2.com\/wp-content\/uploads\/2021\/09\/2-150x150.png\" alt=\"2\" itemprop=\"image\" height=\"150\" width=\"150\" title=\"2\" onerror=\"this.style.display='none'\"  \/>\n\t\t\t\t<img loading=\"lazy\" decoding=\"async\" src=\"http:\/\/profitx2.com\/wp-content\/uploads\/2021\/09\/ProfitX2_Web_hand.png\" alt=\"ProfitX2_Web_hand\" itemprop=\"image\" height=\"929\" width=\"1200\" title=\"ProfitX2_Web_hand\" onerror=\"this.style.display='none'\"  \/>\n\t<ul>\n<li>Verscheidene Programma&#8217;s in functie van de doelgroep (B2C, B2B, Sales Support)<\/li>\n<li>MAATWERK Programma&#8217;s samen te stellen in functie van de noden<\/li>\n<li>Possibilit\u00e9s de PERSONNALISATION pour l'environnement d'apprentissage et le contenu<\/li>\n<li>Plusieurs modules ont \u00e9t\u00e9 d\u00e9velopp\u00e9s pour des BRANCHES SP\u00c9CIFIQUES<\/li>\n<li>Les modules de coaching sont disponibles en PLUSIEURS LANGUES<\/li>\n<\/ul>\n\t\t\t\t<img loading=\"lazy\" decoding=\"async\" src=\"http:\/\/profitx2.com\/wp-content\/uploads\/2021\/09\/3.png\" alt=\"3\" itemprop=\"image\" height=\"295\" width=\"293\" title=\"3\" onerror=\"this.style.display='none'\"  \/>\n\t<h1><b>Vos \u00e9quipes apprennent \u00e0 leur propre rythme et quand cela leur convient le mieux<\/b><\/h1>\n\t<ul>\n<li>A partir de maintenant, la CONNAISSANCE continuera \u00e0 couler dans la t\u00eate de vos employ\u00e9s<\/li>\n<li>Plus de connaissances m\u00e8nent toujours \u00e0 de meilleurs R\u00c9SULTATS<\/li>\n<li>Vos employ\u00e9s re\u00e7oivent un RETOUR D'INFORMATION INSTANTAN\u00c9 pendant le processus d'apprentissage<\/li>\n<li>Les progr\u00e8s de l'\u00c9QUIPE sont suivis et vous sont communiqu\u00e9s<\/li>\n<\/ul>\n\t\t\t\t<img loading=\"lazy\" decoding=\"async\" src=\"http:\/\/profitx2.com\/wp-content\/uploads\/2021\/09\/Profitx2_leren.jpg\" alt=\"Close up a guy in black shirt using laptop for work, he is watch\" itemprop=\"image\" height=\"798\" width=\"1200\" title=\"Close up a guy in black shirt using laptop for work, he is watch\" onerror=\"this.style.display='none'\"  \/>\n\t<h1><b>Vos \u00e9quipes obtiennent de meilleurs R\u00c9SULTATS<\/b><\/h1>\n\t\t\t\t<img loading=\"lazy\" decoding=\"async\" src=\"http:\/\/profitx2.com\/wp-content\/uploads\/2021\/09\/4.png\" alt=\"4\" itemprop=\"image\" height=\"295\" width=\"293\" title=\"4\" onerror=\"this.style.display='none'\"  \/>\n\t\t\t\t<img loading=\"lazy\" decoding=\"async\" src=\"http:\/\/profitx2.com\/wp-content\/uploads\/2021\/09\/teams_resultaat.jpg\" alt=\"Successful happy business group of people at work in office\" itemprop=\"image\" height=\"723\" width=\"1200\" title=\"Successful business group of people at work in office\" onerror=\"this.style.display='none'\"  \/>\n\t<ul>\n<li>Vos employ\u00e9s se sentent MIEUX et ont plus d'options pour r\u00e9agir aux situations<\/li>\n<li>Gr\u00e2ce \u00e0 la CONNAISSANCE qu'ils obtiennent, il y a plus de FLEXIBILIT\u00c9 et plus de POSSIBILIT\u00c9S pour faire face aux d\u00e9fis<\/li>\n<li>Des R\u00c9SULTATS MESURABLES sont d\u00e9j\u00e0 obtenus apr\u00e8s avoir suivi les premiers modules de coaching num\u00e9rique<\/li>\n<\/ul>\n\t\t\t\t<img loading=\"lazy\" decoding=\"async\" src=\"http:\/\/profitx2.com\/wp-content\/uploads\/2021\/09\/5.png\" alt=\"5\" itemprop=\"image\" height=\"295\" width=\"293\" title=\"5\" onerror=\"this.style.display='none'\"  \/>\n\t<h1><b>Vous serez en mesure d'\u00e9valuer la CONNAISSANCE de vos \u00e9quipes de mani\u00e8re RAPIDE et FACILE<\/b><\/h1>\n\t<ul>\n<li>Nos rapports d'\u00e9valuation trimestriels vous donnent des informations sur les PROGR\u00c8S de votre \u00e9quipe<\/li>\n<li>Vous remarquerez aussi imm\u00e9diatement o\u00f9 il y a encore des FAIBLESSES dans la CONNAISSANCE g\u00e9n\u00e9rale de l'\u00e9quipe<\/li>\n<li>Vous pouvez comparer diff\u00e9rentes branches ou pays entre eux<\/li>\n<li>La GAMIFICATION cr\u00e9e une atmosph\u00e8re de COMP\u00c9TITION sportive<\/li>\n<\/ul>\n\t\t\t\t<img loading=\"lazy\" decoding=\"async\" src=\"http:\/\/profitx2.com\/wp-content\/uploads\/2021\/09\/Results_mobietrain.jpg\" alt=\"Results_mobietrain\" itemprop=\"image\" height=\"900\" width=\"1200\" title=\"Results_mobietrain\" onerror=\"this.style.display='none'\"  \/>\n\t\t<h3>ProfitX2 Digital Sales Coaching est l'OUTIL ID\u00c9AL<\/h3>\t\t\n\t\t\t<p>pour mettre les CONNAISSANCES dans la t\u00eate de vos \u00c9QUIPES et donner \u00e0 votre entreprise le retour d'information dont elle a besoin pour savoir o\u00f9 elle se situe<\/p>\n<p>&nbsp;<\/p>\n\t\t\t<a href=\"mailto:info@profitx2.com\" target=\"_blank\" role=\"button\" rel=\"noopener\">\n\t\t\t\t\t\tSouhaitez-vous une d\u00e9monstration de notre application num\u00e9rique de coaching de vente ? Cliquez ici !\n\t\t\t\t\t<\/a>","protected":false},"excerpt":{"rendered":"<p>Hoe werkt digital sales coaching in de praktijk? Uw Medewerkers loggen in op de ProfitX2-Mobietrain-app MAKKELIJK INLOGGEN mogelijk via scannen van de QR-Code Opleidingen kunnen via SMARTPHONE, tablet of PC gevolgd worden Unieke inlog met (zelf te kiezen) Paswoord Een veelheid aan inlog-talen is beschikbaar binnen de app Promo-materiaal om een succesvolle Kick-off te garanderen&hellip;<\/p>","protected":false},"author":1,"featured_media":0,"parent":0,"menu_order":0,"comment_status":"closed","ping_status":"closed","template":"","meta":{"_seopress_robots_primary_cat":"","_seopress_titles_title":"","_seopress_titles_desc":"","_seopress_robots_index":"","footnotes":""},"class_list":["post-398","page","type-page","status-publish","hentry"],"yoast_head":"<!-- This site is optimized with the Yoast SEO plugin v26.3 - https:\/\/yoast.com\/wordpress\/plugins\/seo\/ -->\n<title>Hoe werkt digital sales coaching in de praktijk - Welkom bij ProfitX2<\/title>\n<meta name=\"robots\" content=\"index, follow, max-snippet:-1, max-image-preview:large, max-video-preview:-1\" \/>\n<link rel=\"canonical\" href=\"https:\/\/profitx2.com\/fr\/hoe-werkt-digital-sales-coaching-in-de-praktijk\/\" \/>\n<meta property=\"og:locale\" content=\"fr_FR\" \/>\n<meta property=\"og:type\" content=\"article\" \/>\n<meta property=\"og:title\" content=\"Hoe werkt digital sales coaching in de praktijk - Welkom bij ProfitX2\" \/>\n<meta property=\"og:description\" content=\"Hoe werkt digital sales coaching in de praktijk? Uw Medewerkers loggen in op de ProfitX2-Mobietrain-app MAKKELIJK INLOGGEN mogelijk via scannen van de QR-Code Opleidingen kunnen via SMARTPHONE, tablet of PC gevolgd worden Unieke inlog met (zelf te kiezen) Paswoord Een veelheid aan inlog-talen is beschikbaar binnen de app Promo-materiaal om een succesvolle Kick-off te garanderen&hellip;\" \/>\n<meta property=\"og:url\" content=\"https:\/\/profitx2.com\/fr\/hoe-werkt-digital-sales-coaching-in-de-praktijk\/\" \/>\n<meta property=\"og:site_name\" content=\"Welkom bij ProfitX2\" \/>\n<meta property=\"article:modified_time\" content=\"2021-10-20T08:23:26+00:00\" \/>\n<meta property=\"og:image\" content=\"http:\/\/profitx2.com\/wp-content\/uploads\/2021\/09\/1-150x150.png\" \/>\n<meta name=\"twitter:card\" content=\"summary_large_image\" \/>\n<meta name=\"twitter:label1\" content=\"Dur\u00e9e de lecture est.\" \/>\n\t<meta name=\"twitter:data1\" content=\"2 minutes\" \/>\n<script type=\"application\/ld+json\" class=\"yoast-schema-graph\">{\"@context\":\"https:\/\/schema.org\",\"@graph\":[{\"@type\":\"WebPage\",\"@id\":\"https:\/\/profitx2.com\/hoe-werkt-digital-sales-coaching-in-de-praktijk\/\",\"url\":\"https:\/\/profitx2.com\/hoe-werkt-digital-sales-coaching-in-de-praktijk\/\",\"name\":\"Hoe werkt digital sales coaching in de praktijk - Welkom bij ProfitX2\",\"isPartOf\":{\"@id\":\"https:\/\/profitx2.com\/#website\"},\"primaryImageOfPage\":{\"@id\":\"https:\/\/profitx2.com\/hoe-werkt-digital-sales-coaching-in-de-praktijk\/#primaryimage\"},\"image\":{\"@id\":\"https:\/\/profitx2.com\/hoe-werkt-digital-sales-coaching-in-de-praktijk\/#primaryimage\"},\"thumbnailUrl\":\"http:\/\/profitx2.com\/wp-content\/uploads\/2021\/09\/1-150x150.png\",\"datePublished\":\"2021-09-13T06:52:37+00:00\",\"dateModified\":\"2021-10-20T08:23:26+00:00\",\"breadcrumb\":{\"@id\":\"https:\/\/profitx2.com\/hoe-werkt-digital-sales-coaching-in-de-praktijk\/#breadcrumb\"},\"inLanguage\":\"fr-BE\",\"potentialAction\":[{\"@type\":\"ReadAction\",\"target\":[\"https:\/\/profitx2.com\/hoe-werkt-digital-sales-coaching-in-de-praktijk\/\"]}]},{\"@type\":\"ImageObject\",\"inLanguage\":\"fr-BE\",\"@id\":\"https:\/\/profitx2.com\/hoe-werkt-digital-sales-coaching-in-de-praktijk\/#primaryimage\",\"url\":\"http:\/\/profitx2.com\/wp-content\/uploads\/2021\/09\/1-150x150.png\",\"contentUrl\":\"http:\/\/profitx2.com\/wp-content\/uploads\/2021\/09\/1-150x150.png\"},{\"@type\":\"BreadcrumbList\",\"@id\":\"https:\/\/profitx2.com\/hoe-werkt-digital-sales-coaching-in-de-praktijk\/#breadcrumb\",\"itemListElement\":[{\"@type\":\"ListItem\",\"position\":1,\"name\":\"Home\",\"item\":\"https:\/\/profitx2.com\/\"},{\"@type\":\"ListItem\",\"position\":2,\"name\":\"Hoe werkt digital sales coaching in de praktijk\"}]},{\"@type\":\"WebSite\",\"@id\":\"https:\/\/profitx2.com\/#website\",\"url\":\"https:\/\/profitx2.com\/\",\"name\":\"Welkom bij ProfitX2\",\"description\":\"Digital Sales and Leadership Coaching\",\"potentialAction\":[{\"@type\":\"SearchAction\",\"target\":{\"@type\":\"EntryPoint\",\"urlTemplate\":\"https:\/\/profitx2.com\/?s={search_term_string}\"},\"query-input\":{\"@type\":\"PropertyValueSpecification\",\"valueRequired\":true,\"valueName\":\"search_term_string\"}}],\"inLanguage\":\"fr-BE\"}]}<\/script>\n<!-- \/ Yoast SEO plugin. -->","yoast_head_json":{"title":"Hoe werkt digital sales coaching in de praktijk - Welkom bij ProfitX2","robots":{"index":"index","follow":"follow","max-snippet":"max-snippet:-1","max-image-preview":"max-image-preview:large","max-video-preview":"max-video-preview:-1"},"canonical":"https:\/\/profitx2.com\/fr\/hoe-werkt-digital-sales-coaching-in-de-praktijk\/","og_locale":"fr_FR","og_type":"article","og_title":"Hoe werkt digital sales coaching in de praktijk - Welkom bij ProfitX2","og_description":"Hoe werkt digital sales coaching in de praktijk? Uw Medewerkers loggen in op de ProfitX2-Mobietrain-app MAKKELIJK INLOGGEN mogelijk via scannen van de QR-Code Opleidingen kunnen via SMARTPHONE, tablet of PC gevolgd worden Unieke inlog met (zelf te kiezen) Paswoord Een veelheid aan inlog-talen is beschikbaar binnen de app Promo-materiaal om een succesvolle Kick-off te garanderen&hellip;","og_url":"https:\/\/profitx2.com\/fr\/hoe-werkt-digital-sales-coaching-in-de-praktijk\/","og_site_name":"Welkom bij ProfitX2","article_modified_time":"2021-10-20T08:23:26+00:00","og_image":[{"url":"http:\/\/profitx2.com\/wp-content\/uploads\/2021\/09\/1-150x150.png","type":"","width":"","height":""}],"twitter_card":"summary_large_image","twitter_misc":{"Dur\u00e9e de lecture est.":"2 minutes"},"schema":{"@context":"https:\/\/schema.org","@graph":[{"@type":"WebPage","@id":"https:\/\/profitx2.com\/hoe-werkt-digital-sales-coaching-in-de-praktijk\/","url":"https:\/\/profitx2.com\/hoe-werkt-digital-sales-coaching-in-de-praktijk\/","name":"Hoe werkt digital sales coaching in de praktijk - Welkom bij ProfitX2","isPartOf":{"@id":"https:\/\/profitx2.com\/#website"},"primaryImageOfPage":{"@id":"https:\/\/profitx2.com\/hoe-werkt-digital-sales-coaching-in-de-praktijk\/#primaryimage"},"image":{"@id":"https:\/\/profitx2.com\/hoe-werkt-digital-sales-coaching-in-de-praktijk\/#primaryimage"},"thumbnailUrl":"http:\/\/profitx2.com\/wp-content\/uploads\/2021\/09\/1-150x150.png","datePublished":"2021-09-13T06:52:37+00:00","dateModified":"2021-10-20T08:23:26+00:00","breadcrumb":{"@id":"https:\/\/profitx2.com\/hoe-werkt-digital-sales-coaching-in-de-praktijk\/#breadcrumb"},"inLanguage":"fr-BE","potentialAction":[{"@type":"ReadAction","target":["https:\/\/profitx2.com\/hoe-werkt-digital-sales-coaching-in-de-praktijk\/"]}]},{"@type":"ImageObject","inLanguage":"fr-BE","@id":"https:\/\/profitx2.com\/hoe-werkt-digital-sales-coaching-in-de-praktijk\/#primaryimage","url":"http:\/\/profitx2.com\/wp-content\/uploads\/2021\/09\/1-150x150.png","contentUrl":"http:\/\/profitx2.com\/wp-content\/uploads\/2021\/09\/1-150x150.png"},{"@type":"BreadcrumbList","@id":"https:\/\/profitx2.com\/hoe-werkt-digital-sales-coaching-in-de-praktijk\/#breadcrumb","itemListElement":[{"@type":"ListItem","position":1,"name":"Home","item":"https:\/\/profitx2.com\/"},{"@type":"ListItem","position":2,"name":"Hoe werkt digital sales coaching in de praktijk"}]},{"@type":"WebSite","@id":"https:\/\/profitx2.com\/#website","url":"https:\/\/profitx2.com\/","name":"Welkom bij ProfitX2","description":"Digital Sales and Leadership Coaching","potentialAction":[{"@type":"SearchAction","target":{"@type":"EntryPoint","urlTemplate":"https:\/\/profitx2.com\/?s={search_term_string}"},"query-input":{"@type":"PropertyValueSpecification","valueRequired":true,"valueName":"search_term_string"}}],"inLanguage":"fr-BE"}]}},"_links":{"self":[{"href":"https:\/\/profitx2.com\/fr\/wp-json\/wp\/v2\/pages\/398","targetHints":{"allow":["GET"]}}],"collection":[{"href":"https:\/\/profitx2.com\/fr\/wp-json\/wp\/v2\/pages"}],"about":[{"href":"https:\/\/profitx2.com\/fr\/wp-json\/wp\/v2\/types\/page"}],"author":[{"embeddable":true,"href":"https:\/\/profitx2.com\/fr\/wp-json\/wp\/v2\/users\/1"}],"replies":[{"embeddable":true,"href":"https:\/\/profitx2.com\/fr\/wp-json\/wp\/v2\/comments?post=398"}],"version-history":[{"count":0,"href":"https:\/\/profitx2.com\/fr\/wp-json\/wp\/v2\/pages\/398\/revisions"}],"wp:attachment":[{"href":"https:\/\/profitx2.com\/fr\/wp-json\/wp\/v2\/media?parent=398"}],"curies":[{"name":"wp","href":"https:\/\/api.w.org\/{rel}","templated":true}]}}