{"id":378,"date":"2021-09-10T12:32:55","date_gmt":"2021-09-10T12:32:55","guid":{"rendered":"https:\/\/mooof.be\/profitx2\/?page_id=378"},"modified":"2021-10-20T08:21:40","modified_gmt":"2021-10-20T08:21:40","slug":"over-bedrijfscoach-chris-cotteleer","status":"publish","type":"page","link":"https:\/\/profitx2.com\/fr\/over-bedrijfscoach-chris-cotteleer\/","title":{"rendered":"\u00c0 propos du coach d'affaires Chris Cotteleer"},"content":{"rendered":"<h1>\u00c0 propos du coach d'affaires Chris Cotteleer<\/h1>\n\t\t\t\t<img loading=\"lazy\" decoding=\"async\" src=\"http:\/\/profitx2.com\/wp-content\/uploads\/2021\/09\/ChrisCotteleer-e1631276729366.png\" alt=\"ChrisCotteleer\" itemprop=\"image\" height=\"655\" width=\"755\" title=\"ChrisCotteleer\" onerror=\"this.style.display='none'\"  \/>\n\t<p><strong>Chris Cotteleer is een gepassioneerde bedrijfscoach met een decennialange ervaring in het coachen van Team&#8217;s binnen bedrijven.\u00a0<\/strong><\/p>\n<p>Zo werkte hij Internationaal voor vele Top-merken als Poggenpohl, Porsche, Mercedes, h\u00fclsta, Audi, VW, SONY, SieMatic, Auping, Caterpillar, &#8230; kortom een lijst veel te lang om volledig op te noemen (maar uiteraard op uw eenvoudig verzoek in detail ter beschikking).\u00a0 Op verzoek van deze merken reisde Chris de wereld rond om lokaal de dealerships te ondersteunen in Sales en Leadership.\u00a0 Deze opdrachten leidden hem tot Australi\u00eb, het Midden-Oosten, Azi\u00eb, Noord Amerika en vele landen van Europa.\u00a0 Chris geeft de coaching-sessies in 4 talen (Nederlands, Engels, Frans en Duits).<\/p>\n\t\t\tAuteur            \n\t<h2>Chris est l'auteur de plusieurs livres sur le coaching de vie, la vente et le leadership :<\/h2>\n\t\t\t\t<img loading=\"lazy\" decoding=\"async\" src=\"http:\/\/profitx2.com\/wp-content\/uploads\/2021\/09\/iron-lifestyle_02-1.jpg\" alt=\"iron lifestyle_02\" itemprop=\"image\" height=\"600\" width=\"448\" title=\"iron lifestyle_02\" onerror=\"this.style.display='none'\"  \/>\n\t<p><strong>Iron Lifestyle<\/strong><\/p>\n<p>(Personal Life Coaching)<\/p>\n\t\t\t\t<img loading=\"lazy\" decoding=\"async\" src=\"http:\/\/profitx2.com\/wp-content\/uploads\/2021\/09\/Chris-Cotteleer_neem-uw-leven-in-eigen-handen.jpg\" alt=\"Chris Cotteleer_neem uw leven in eigen handen\" itemprop=\"image\" height=\"600\" width=\"418\" title=\"Chris Cotteleer_neem uw leven in eigen handen\" onerror=\"this.style.display='none'\"  \/>\n\t<p><strong>Neem uw leven in eigen handen<\/strong><\/p>\n<p>(Personal Life Coaching)<\/p>\n\t\t\t\t<img loading=\"lazy\" decoding=\"async\" src=\"http:\/\/profitx2.com\/wp-content\/uploads\/2021\/09\/26-principles-of-growth-1.jpg\" alt=\"26 principles of growth\" itemprop=\"image\" height=\"600\" width=\"412\" title=\"26 principles of growth\" onerror=\"this.style.display='none'\"  \/>\n\t<p><strong>26 Principles of Growth<\/strong><\/p>\n<p>(Leadership)<\/p>\n\t\t\t\t<img loading=\"lazy\" decoding=\"async\" src=\"http:\/\/profitx2.com\/wp-content\/uploads\/2021\/09\/jazeker.jpg\" alt=\"jazeker\" itemprop=\"image\" height=\"600\" width=\"408\" title=\"jazeker\" onerror=\"this.style.display='none'\"  \/>\n\t<p><strong>Crisis management<\/strong><\/p>\n<p>(Leadership)<\/p>\n\t\t\t\t<img loading=\"lazy\" decoding=\"async\" src=\"http:\/\/profitx2.com\/wp-content\/uploads\/2021\/09\/verkoop-of.jpeg\" alt=\"verkoop of\" itemprop=\"image\" height=\"600\" width=\"426\" title=\"verkoop of\" onerror=\"this.style.display='none'\"  \/>\n\t<p><strong>Verkoop of verdwijn<\/strong><\/p>\n<p>(Sales Coaching)<\/p>\n\t\t\tSportif            \n\t<h2>Chris essaie \u00e9galement chaque technique de coaching mental sur lui-m\u00eame.<\/h2>\n<p>Dat leverde al vele extreme prestaties op met in verhouding, een minimum aan fysieke training (in belangrijke mate gecompenseerd door &#8216;mentale denk-technieken&#8217;).\u00a0 Enkele realisaties:<\/p>\n\n\t<ul>\n<li>26 marathons en 2 ans, r\u00e9partis dans le monde entier et ayant comme objectif de r\u00e9colter 26.200 \u20ac pour un projet caritatif (r\u00e9sultat : +30.000 \u20ac)<\/li>\n<\/ul>\n<p>&nbsp;<\/p>\n<ul>\n<li><strong>Eerste Belg die op alle continenten (dus ook op de Zuidpool &#8211; Antarctica) een marathon liep (7 continents)<\/strong><\/li>\n<\/ul>\n\t<ul>\n<li><strong>Finisseur de plusieurs courses de 100 km et finisseur du marathon Comrades<\/strong> (\u00e9preuve de 90 km en mont\u00e9e en Afrique du Sud)<\/li>\n<\/ul>\n<p>&nbsp;<\/p>\n<ul>\n<li><strong>Finisher van de &#8216;Marathon des Sables&#8217;<\/strong> probablement l'une des \u00e9preuves d'ultrarunning les plus difficiles au monde<\/li>\n<\/ul>\n\t\t\tFormation            \n\t<h2>Chris Cotteleer is Master in Industri\u00eble Vormgeving<\/h2>\n<p>Productontwikkeling &#8211; Cum laude. Chris\u00a0 won verscheidene Design-wedstrijden, o.a.:<\/p>\n\n\t<ul>\n<li>L'\u0152uf d'or : prix pour la cr\u00e9ativit\u00e9 et l'innovation<\/li>\n<li>2 X la m\u00e9daille d'or \u00e0 la foire mondiale des inventions<\/li>\n<li>Prix de la Croix-Rouge pour la conception d'un tricycle orthop\u00e9dique<\/li>\n<\/ul>\n\t<h2>Chris heeft 2 Master-Practitioner degree&#8217;s in N.L.P. (Neuro Linguistisch Programmeren)<\/h2>\n<p>Il a suivi des cours de formation compl\u00e9mentaire chez :<\/p>\n\n\t<ul>\n<li>Richard Bandler (fondateur de la PNL)<\/li>\n<li>Peter Wrycza (Coach transformationnel et auteur de Living Awareness)<\/li>\n<li>Judith Delozier (Co-fondatrice de la PNL)<\/li>\n<\/ul>\n\t<ul>\n<li>Raymond Hostie (Prof Emeritus &#8211; Theoloog)<\/li>\n<li>Jan Ardui (coach international en PNL)<\/li>\n<li>Raymond Stulens (formation d'hypnoth\u00e9rapeute)<\/li>\n<li>Etc&#8230;<\/li>\n<\/ul>\n\t\t\t\t<img decoding=\"async\" src=\"http:\/\/profitx2.com\/wp-content\/plugins\/bb-plugin\/img\/pixel.png\" alt=\"\" itemprop=\"image\" onerror=\"this.style.display='none'\"  \/>\n<h2>\n\t\tContacter Chris\n\t<\/h2>\n\t+32 (0)498 500 885 \n\t\t\t<a href=\"https:\/\/outlook.office365.com\/owa\/calendar\/ProfitX21@cotteleer.be\/bookings\/\" target=\"_blank\" role=\"button\" rel=\"noopener\">\n\t\t\t\t\t\t\tR\u00e9server un appel en ligne\n\t\t\t\t\t<\/a>\n\t\t\t<a href=\"mailto:chris@profitx2.com\" target=\"_blank\" role=\"button\" rel=\"noopener\">\n\t\t\t\t\t\t\tEnvoyer un e-mail \u00e0 Chris\n\t\t\t\t\t<\/a>","protected":false},"excerpt":{"rendered":"<p>Over Bedrijfscoach Chris Cotteleer Chris Cotteleer is een gepassioneerde bedrijfscoach met een decennialange ervaring in het coachen van Team&#8217;s binnen bedrijven.\u00a0 Zo werkte hij Internationaal voor vele Top-merken als Poggenpohl, Porsche, Mercedes, h\u00fclsta, Audi, VW, SONY, SieMatic, Auping, Caterpillar, &#8230; kortom een lijst veel te lang om volledig op te noemen (maar uiteraard op uw&hellip;<\/p>","protected":false},"author":1,"featured_media":0,"parent":0,"menu_order":0,"comment_status":"closed","ping_status":"closed","template":"","meta":{"_seopress_robots_primary_cat":"","_seopress_titles_title":"","_seopress_titles_desc":"","_seopress_robots_index":"","footnotes":""},"class_list":["post-378","page","type-page","status-publish","hentry"],"yoast_head":"<!-- This site is optimized with the Yoast SEO plugin v26.3 - https:\/\/yoast.com\/wordpress\/plugins\/seo\/ -->\n<title>Over bedrijfscoach Chris Cotteleer - Welkom bij ProfitX2<\/title>\n<meta name=\"robots\" content=\"index, follow, max-snippet:-1, max-image-preview:large, max-video-preview:-1\" \/>\n<link rel=\"canonical\" href=\"https:\/\/profitx2.com\/fr\/over-bedrijfscoach-chris-cotteleer\/\" \/>\n<meta property=\"og:locale\" content=\"fr_FR\" \/>\n<meta property=\"og:type\" content=\"article\" \/>\n<meta property=\"og:title\" content=\"Over bedrijfscoach Chris Cotteleer - Welkom bij ProfitX2\" \/>\n<meta property=\"og:description\" content=\"Over Bedrijfscoach Chris Cotteleer Chris Cotteleer is een gepassioneerde bedrijfscoach met een decennialange ervaring in het coachen van Team&#8217;s binnen bedrijven.\u00a0 Zo werkte hij Internationaal voor vele Top-merken als Poggenpohl, Porsche, Mercedes, h\u00fclsta, Audi, VW, SONY, SieMatic, Auping, Caterpillar, &#8230; kortom een lijst veel te lang om volledig op te noemen (maar uiteraard op uw&hellip;\" \/>\n<meta property=\"og:url\" content=\"https:\/\/profitx2.com\/fr\/over-bedrijfscoach-chris-cotteleer\/\" \/>\n<meta property=\"og:site_name\" content=\"Welkom bij ProfitX2\" \/>\n<meta property=\"article:modified_time\" content=\"2021-10-20T08:21:40+00:00\" \/>\n<meta property=\"og:image\" content=\"http:\/\/profitx2.com\/wp-content\/uploads\/2021\/09\/ChrisCotteleer-e1631276729366.png\" \/>\n<meta name=\"twitter:card\" content=\"summary_large_image\" \/>\n<meta name=\"twitter:label1\" content=\"Dur\u00e9e de lecture est.\" \/>\n\t<meta name=\"twitter:data1\" content=\"2 minutes\" \/>\n<script type=\"application\/ld+json\" class=\"yoast-schema-graph\">{\"@context\":\"https:\/\/schema.org\",\"@graph\":[{\"@type\":\"WebPage\",\"@id\":\"https:\/\/profitx2.com\/over-bedrijfscoach-chris-cotteleer\/\",\"url\":\"https:\/\/profitx2.com\/over-bedrijfscoach-chris-cotteleer\/\",\"name\":\"Over bedrijfscoach Chris Cotteleer - Welkom bij ProfitX2\",\"isPartOf\":{\"@id\":\"https:\/\/profitx2.com\/#website\"},\"primaryImageOfPage\":{\"@id\":\"https:\/\/profitx2.com\/over-bedrijfscoach-chris-cotteleer\/#primaryimage\"},\"image\":{\"@id\":\"https:\/\/profitx2.com\/over-bedrijfscoach-chris-cotteleer\/#primaryimage\"},\"thumbnailUrl\":\"http:\/\/profitx2.com\/wp-content\/uploads\/2021\/09\/ChrisCotteleer-e1631276729366.png\",\"datePublished\":\"2021-09-10T12:32:55+00:00\",\"dateModified\":\"2021-10-20T08:21:40+00:00\",\"breadcrumb\":{\"@id\":\"https:\/\/profitx2.com\/over-bedrijfscoach-chris-cotteleer\/#breadcrumb\"},\"inLanguage\":\"fr-BE\",\"potentialAction\":[{\"@type\":\"ReadAction\",\"target\":[\"https:\/\/profitx2.com\/over-bedrijfscoach-chris-cotteleer\/\"]}]},{\"@type\":\"ImageObject\",\"inLanguage\":\"fr-BE\",\"@id\":\"https:\/\/profitx2.com\/over-bedrijfscoach-chris-cotteleer\/#primaryimage\",\"url\":\"http:\/\/profitx2.com\/wp-content\/uploads\/2021\/09\/ChrisCotteleer-e1631276729366.png\",\"contentUrl\":\"http:\/\/profitx2.com\/wp-content\/uploads\/2021\/09\/ChrisCotteleer-e1631276729366.png\"},{\"@type\":\"BreadcrumbList\",\"@id\":\"https:\/\/profitx2.com\/over-bedrijfscoach-chris-cotteleer\/#breadcrumb\",\"itemListElement\":[{\"@type\":\"ListItem\",\"position\":1,\"name\":\"Home\",\"item\":\"https:\/\/profitx2.com\/\"},{\"@type\":\"ListItem\",\"position\":2,\"name\":\"Over bedrijfscoach Chris Cotteleer\"}]},{\"@type\":\"WebSite\",\"@id\":\"https:\/\/profitx2.com\/#website\",\"url\":\"https:\/\/profitx2.com\/\",\"name\":\"Welkom bij ProfitX2\",\"description\":\"Digital Sales and Leadership Coaching\",\"potentialAction\":[{\"@type\":\"SearchAction\",\"target\":{\"@type\":\"EntryPoint\",\"urlTemplate\":\"https:\/\/profitx2.com\/?s={search_term_string}\"},\"query-input\":{\"@type\":\"PropertyValueSpecification\",\"valueRequired\":true,\"valueName\":\"search_term_string\"}}],\"inLanguage\":\"fr-BE\"}]}<\/script>\n<!-- \/ Yoast SEO plugin. -->","yoast_head_json":{"title":"Over bedrijfscoach Chris Cotteleer - Welkom bij ProfitX2","robots":{"index":"index","follow":"follow","max-snippet":"max-snippet:-1","max-image-preview":"max-image-preview:large","max-video-preview":"max-video-preview:-1"},"canonical":"https:\/\/profitx2.com\/fr\/over-bedrijfscoach-chris-cotteleer\/","og_locale":"fr_FR","og_type":"article","og_title":"Over bedrijfscoach Chris Cotteleer - Welkom bij ProfitX2","og_description":"Over Bedrijfscoach Chris Cotteleer Chris Cotteleer is een gepassioneerde bedrijfscoach met een decennialange ervaring in het coachen van Team&#8217;s binnen bedrijven.\u00a0 Zo werkte hij Internationaal voor vele Top-merken als Poggenpohl, Porsche, Mercedes, h\u00fclsta, Audi, VW, SONY, SieMatic, Auping, Caterpillar, &#8230; kortom een lijst veel te lang om volledig op te noemen (maar uiteraard op uw&hellip;","og_url":"https:\/\/profitx2.com\/fr\/over-bedrijfscoach-chris-cotteleer\/","og_site_name":"Welkom bij ProfitX2","article_modified_time":"2021-10-20T08:21:40+00:00","og_image":[{"url":"http:\/\/profitx2.com\/wp-content\/uploads\/2021\/09\/ChrisCotteleer-e1631276729366.png","type":"","width":"","height":""}],"twitter_card":"summary_large_image","twitter_misc":{"Dur\u00e9e de lecture est.":"2 minutes"},"schema":{"@context":"https:\/\/schema.org","@graph":[{"@type":"WebPage","@id":"https:\/\/profitx2.com\/over-bedrijfscoach-chris-cotteleer\/","url":"https:\/\/profitx2.com\/over-bedrijfscoach-chris-cotteleer\/","name":"Over bedrijfscoach Chris Cotteleer - Welkom bij ProfitX2","isPartOf":{"@id":"https:\/\/profitx2.com\/#website"},"primaryImageOfPage":{"@id":"https:\/\/profitx2.com\/over-bedrijfscoach-chris-cotteleer\/#primaryimage"},"image":{"@id":"https:\/\/profitx2.com\/over-bedrijfscoach-chris-cotteleer\/#primaryimage"},"thumbnailUrl":"http:\/\/profitx2.com\/wp-content\/uploads\/2021\/09\/ChrisCotteleer-e1631276729366.png","datePublished":"2021-09-10T12:32:55+00:00","dateModified":"2021-10-20T08:21:40+00:00","breadcrumb":{"@id":"https:\/\/profitx2.com\/over-bedrijfscoach-chris-cotteleer\/#breadcrumb"},"inLanguage":"fr-BE","potentialAction":[{"@type":"ReadAction","target":["https:\/\/profitx2.com\/over-bedrijfscoach-chris-cotteleer\/"]}]},{"@type":"ImageObject","inLanguage":"fr-BE","@id":"https:\/\/profitx2.com\/over-bedrijfscoach-chris-cotteleer\/#primaryimage","url":"http:\/\/profitx2.com\/wp-content\/uploads\/2021\/09\/ChrisCotteleer-e1631276729366.png","contentUrl":"http:\/\/profitx2.com\/wp-content\/uploads\/2021\/09\/ChrisCotteleer-e1631276729366.png"},{"@type":"BreadcrumbList","@id":"https:\/\/profitx2.com\/over-bedrijfscoach-chris-cotteleer\/#breadcrumb","itemListElement":[{"@type":"ListItem","position":1,"name":"Home","item":"https:\/\/profitx2.com\/"},{"@type":"ListItem","position":2,"name":"Over bedrijfscoach Chris Cotteleer"}]},{"@type":"WebSite","@id":"https:\/\/profitx2.com\/#website","url":"https:\/\/profitx2.com\/","name":"Welkom bij ProfitX2","description":"Digital Sales and Leadership Coaching","potentialAction":[{"@type":"SearchAction","target":{"@type":"EntryPoint","urlTemplate":"https:\/\/profitx2.com\/?s={search_term_string}"},"query-input":{"@type":"PropertyValueSpecification","valueRequired":true,"valueName":"search_term_string"}}],"inLanguage":"fr-BE"}]}},"_links":{"self":[{"href":"https:\/\/profitx2.com\/fr\/wp-json\/wp\/v2\/pages\/378","targetHints":{"allow":["GET"]}}],"collection":[{"href":"https:\/\/profitx2.com\/fr\/wp-json\/wp\/v2\/pages"}],"about":[{"href":"https:\/\/profitx2.com\/fr\/wp-json\/wp\/v2\/types\/page"}],"author":[{"embeddable":true,"href":"https:\/\/profitx2.com\/fr\/wp-json\/wp\/v2\/users\/1"}],"replies":[{"embeddable":true,"href":"https:\/\/profitx2.com\/fr\/wp-json\/wp\/v2\/comments?post=378"}],"version-history":[{"count":0,"href":"https:\/\/profitx2.com\/fr\/wp-json\/wp\/v2\/pages\/378\/revisions"}],"wp:attachment":[{"href":"https:\/\/profitx2.com\/fr\/wp-json\/wp\/v2\/media?parent=378"}],"curies":[{"name":"wp","href":"https:\/\/api.w.org\/{rel}","templated":true}]}}