{"id":364,"date":"2021-09-10T10:03:17","date_gmt":"2021-09-10T10:03:17","guid":{"rendered":"https:\/\/mooof.be\/profitx2\/?page_id=364"},"modified":"2024-07-23T08:44:06","modified_gmt":"2024-07-23T08:44:06","slug":"sales-support-programmas","status":"publish","type":"page","link":"https:\/\/profitx2.com\/fr\/sales-support-programmas\/","title":{"rendered":"Sales support programma&#8217;s"},"content":{"rendered":"<h1>sales support programma&#8217;s<\/h1>\n\t<h1>Coaching de support de vente<\/h1>\n\t<p><strong>Chaque programme comprend un certain nombre de modules. Un module traite un sujet sp\u00e9cifique et contient 13 \u00e0 18 vid\u00e9os de formation accompagn\u00e9es de questions et de conseils.<\/strong><\/p>\n<p>&nbsp;<\/p>\n<p><strong>Hieronder volgt een overzicht van onze meest verkochte Sales Support Programma&#8217;s.<\/strong><\/p>\n<p>Il y a <strong>2 BASIS-Programma&#8217;s in Digitale Sales Support Coaching<\/strong> waarvan u hieronder een kort overzicht kan vinden.\u00a0 Door te klikken op de &#8216;meer info&#8217; link van een programma, komt u op de pagina met de volledige omschrijving.\u00a0\u00a0 Prijzen zijn in functie van het aantal gebruikers per bedrijf, aarzel niet ons te contacteren om u hierover vrijblijvend te informeren.<\/p>\n<p>Aarzel tevens niet om ons te contacteren voor Maatwerk-programma&#8217;s, specifiek voor uw bedrijf.\u00a0 Wij beschikken over +50 Digitale Coaching Modules met onderwerpen als Afsluittechnieken, Pitchen, Lichaamstaal, Rendabel Onderhandelen, en vele andere topics.<\/p>\n\t<h6><img loading=\"lazy\" decoding=\"async\" src=\"http:\/\/profitx2.com\/wp-content\/uploads\/2021\/07\/bestseller-300x300.png\" alt=\"\" width=\"150\" height=\"150\" \/><\/h6>\n<h6><strong>Programme de support de vente : le \"Sales-ROI-Booster\"<\/strong> (5 Modules)<\/h6>\n<ul>\n<li>Culture, mission et vision<\/li>\n<li>Excellente ex\u00e9cution<\/li>\n<li>TEAM Building<\/li>\n<li>R\u00e9flexion strat\u00e9gique<\/li>\n<li>Motivation 360\u00b0<\/li>\n<\/ul>\n\t\t\t<a href=\"http:\/\/profitx2.com\/fr\/de-sales-roi-booster\/\" target=\"_self\" rel=\"noopener\">\n\t\t\t\t\t\tplus d'informations sur ce programme\n\t\t\t\t\t<\/a>\n\t<h6><strong>Programme de support de vente : le \"Iron Sales Rep\"<\/strong> (8 Modules)<\/h6>\n<ul>\n<li>Culture, mission et vision<\/li>\n<li>Time Management<\/li>\n<li>Excellente ex\u00e9cution<\/li>\n<li>TEAM Building<\/li>\n<li>Motivation 360\u00b0<\/li>\n<li>Croissance structur\u00e9e<\/li>\n<li>Cr\u00e9ation de valeur (avec USP-Workshop)<\/li>\n<li>R\u00e9flexion strat\u00e9gique<\/li>\n<\/ul>\n\t\t\t<a href=\"\/fr\/de-iron-sales-rep\/\" target=\"_self\" rel=\"noopener\">\n\t\t\t\t\t\tplus d'informations sur ce programme\n\t\t\t\t\t<\/a>\n\t<h2>MODULES OPTIONNELS DE SUPPORT DE VENTE<\/h2>\n<ul>\n<li>Executive Sales<\/li>\n<li>Crisis Management<\/li>\n<\/ul>\n\t<h3>Wij spreken graag met u af om beide Sales Support Coaching Programma&#8217;s persoonlijk toe te lichten<\/h3>\n\t\t\t<a href=\"https:\/\/outlook.office365.com\/owa\/calendar\/ProfitX21@cotteleer.be\/bookings\/\" target=\"_blank\" rel=\"noopener\">\n\t\t\t\t\t\t\tR\u00e9server un appel en ligne ou contactez-nous\n\t\t\t\t\t<\/a>","protected":false},"excerpt":{"rendered":"<p>sales support programma&#8217;s Sales support Coaching Elk programma bestaat uit een aantal Modules.\u00a0 E\u00e9n Module behandelt telkens \u00e9\u00e9n specifiek onderwerp en bevat een 13- tot 18-tal opleidingsmovies met bijhorende vragen &amp; Tips. &nbsp; Hieronder volgt een overzicht van onze meest verkochte Sales Support Programma&#8217;s. Er zijn 2 BASIS-Programma&#8217;s in Digitale Sales Support Coaching waarvan u&hellip;<\/p>","protected":false},"author":1,"featured_media":0,"parent":0,"menu_order":0,"comment_status":"closed","ping_status":"closed","template":"","meta":{"_seopress_robots_primary_cat":"","_seopress_titles_title":"","_seopress_titles_desc":"","_seopress_robots_index":"","footnotes":""},"class_list":["post-364","page","type-page","status-publish","hentry"],"yoast_head":"<!-- This site is optimized with the Yoast SEO plugin v26.3 - https:\/\/yoast.com\/wordpress\/plugins\/seo\/ -->\n<title>Sales support programma&#039;s - Welkom bij ProfitX2<\/title>\n<meta name=\"robots\" content=\"index, follow, max-snippet:-1, max-image-preview:large, max-video-preview:-1\" \/>\n<link rel=\"canonical\" href=\"https:\/\/profitx2.com\/fr\/sales-support-programmas\/\" \/>\n<meta property=\"og:locale\" content=\"fr_FR\" \/>\n<meta property=\"og:type\" content=\"article\" \/>\n<meta property=\"og:title\" content=\"Sales support programma&#039;s - Welkom bij ProfitX2\" \/>\n<meta property=\"og:description\" content=\"sales support programma&#8217;s Sales support Coaching Elk programma bestaat uit een aantal Modules.\u00a0 E\u00e9n Module behandelt telkens \u00e9\u00e9n specifiek onderwerp en bevat een 13- tot 18-tal opleidingsmovies met bijhorende vragen &amp; Tips. &nbsp; Hieronder volgt een overzicht van onze meest verkochte Sales Support Programma&#8217;s. Er zijn 2 BASIS-Programma&#8217;s in Digitale Sales Support Coaching waarvan u&hellip;\" \/>\n<meta property=\"og:url\" content=\"https:\/\/profitx2.com\/fr\/sales-support-programmas\/\" \/>\n<meta property=\"og:site_name\" content=\"Welkom bij ProfitX2\" \/>\n<meta property=\"article:modified_time\" content=\"2024-07-23T08:44:06+00:00\" \/>\n<meta property=\"og:image\" content=\"http:\/\/profitx2.com\/wp-content\/uploads\/2021\/07\/bestseller-300x300.png\" \/>\n<meta name=\"twitter:card\" content=\"summary_large_image\" \/>\n<meta name=\"twitter:label1\" content=\"Dur\u00e9e de lecture est.\" \/>\n\t<meta name=\"twitter:data1\" content=\"1 minute\" \/>\n<script type=\"application\/ld+json\" class=\"yoast-schema-graph\">{\"@context\":\"https:\/\/schema.org\",\"@graph\":[{\"@type\":\"WebPage\",\"@id\":\"https:\/\/profitx2.com\/sales-support-programmas\/\",\"url\":\"https:\/\/profitx2.com\/sales-support-programmas\/\",\"name\":\"Sales support programma's - Welkom bij ProfitX2\",\"isPartOf\":{\"@id\":\"https:\/\/profitx2.com\/#website\"},\"primaryImageOfPage\":{\"@id\":\"https:\/\/profitx2.com\/sales-support-programmas\/#primaryimage\"},\"image\":{\"@id\":\"https:\/\/profitx2.com\/sales-support-programmas\/#primaryimage\"},\"thumbnailUrl\":\"http:\/\/profitx2.com\/wp-content\/uploads\/2021\/07\/bestseller-300x300.png\",\"datePublished\":\"2021-09-10T10:03:17+00:00\",\"dateModified\":\"2024-07-23T08:44:06+00:00\",\"breadcrumb\":{\"@id\":\"https:\/\/profitx2.com\/sales-support-programmas\/#breadcrumb\"},\"inLanguage\":\"fr-BE\",\"potentialAction\":[{\"@type\":\"ReadAction\",\"target\":[\"https:\/\/profitx2.com\/sales-support-programmas\/\"]}]},{\"@type\":\"ImageObject\",\"inLanguage\":\"fr-BE\",\"@id\":\"https:\/\/profitx2.com\/sales-support-programmas\/#primaryimage\",\"url\":\"http:\/\/profitx2.com\/wp-content\/uploads\/2021\/07\/bestseller-300x300.png\",\"contentUrl\":\"http:\/\/profitx2.com\/wp-content\/uploads\/2021\/07\/bestseller-300x300.png\"},{\"@type\":\"BreadcrumbList\",\"@id\":\"https:\/\/profitx2.com\/sales-support-programmas\/#breadcrumb\",\"itemListElement\":[{\"@type\":\"ListItem\",\"position\":1,\"name\":\"Home\",\"item\":\"https:\/\/profitx2.com\/\"},{\"@type\":\"ListItem\",\"position\":2,\"name\":\"Sales support programma&#8217;s\"}]},{\"@type\":\"WebSite\",\"@id\":\"https:\/\/profitx2.com\/#website\",\"url\":\"https:\/\/profitx2.com\/\",\"name\":\"Welkom bij ProfitX2\",\"description\":\"Digital Sales and Leadership Coaching\",\"potentialAction\":[{\"@type\":\"SearchAction\",\"target\":{\"@type\":\"EntryPoint\",\"urlTemplate\":\"https:\/\/profitx2.com\/?s={search_term_string}\"},\"query-input\":{\"@type\":\"PropertyValueSpecification\",\"valueRequired\":true,\"valueName\":\"search_term_string\"}}],\"inLanguage\":\"fr-BE\"}]}<\/script>\n<!-- \/ Yoast SEO plugin. -->","yoast_head_json":{"title":"Sales support programma's - Welkom bij ProfitX2","robots":{"index":"index","follow":"follow","max-snippet":"max-snippet:-1","max-image-preview":"max-image-preview:large","max-video-preview":"max-video-preview:-1"},"canonical":"https:\/\/profitx2.com\/fr\/sales-support-programmas\/","og_locale":"fr_FR","og_type":"article","og_title":"Sales support programma's - Welkom bij ProfitX2","og_description":"sales support programma&#8217;s Sales support Coaching Elk programma bestaat uit een aantal Modules.\u00a0 E\u00e9n Module behandelt telkens \u00e9\u00e9n specifiek onderwerp en bevat een 13- tot 18-tal opleidingsmovies met bijhorende vragen &amp; Tips. &nbsp; Hieronder volgt een overzicht van onze meest verkochte Sales Support Programma&#8217;s. Er zijn 2 BASIS-Programma&#8217;s in Digitale Sales Support Coaching waarvan u&hellip;","og_url":"https:\/\/profitx2.com\/fr\/sales-support-programmas\/","og_site_name":"Welkom bij ProfitX2","article_modified_time":"2024-07-23T08:44:06+00:00","og_image":[{"url":"http:\/\/profitx2.com\/wp-content\/uploads\/2021\/07\/bestseller-300x300.png","type":"","width":"","height":""}],"twitter_card":"summary_large_image","twitter_misc":{"Dur\u00e9e de lecture est.":"1 minute"},"schema":{"@context":"https:\/\/schema.org","@graph":[{"@type":"WebPage","@id":"https:\/\/profitx2.com\/sales-support-programmas\/","url":"https:\/\/profitx2.com\/sales-support-programmas\/","name":"Sales support programma's - Welkom bij ProfitX2","isPartOf":{"@id":"https:\/\/profitx2.com\/#website"},"primaryImageOfPage":{"@id":"https:\/\/profitx2.com\/sales-support-programmas\/#primaryimage"},"image":{"@id":"https:\/\/profitx2.com\/sales-support-programmas\/#primaryimage"},"thumbnailUrl":"http:\/\/profitx2.com\/wp-content\/uploads\/2021\/07\/bestseller-300x300.png","datePublished":"2021-09-10T10:03:17+00:00","dateModified":"2024-07-23T08:44:06+00:00","breadcrumb":{"@id":"https:\/\/profitx2.com\/sales-support-programmas\/#breadcrumb"},"inLanguage":"fr-BE","potentialAction":[{"@type":"ReadAction","target":["https:\/\/profitx2.com\/sales-support-programmas\/"]}]},{"@type":"ImageObject","inLanguage":"fr-BE","@id":"https:\/\/profitx2.com\/sales-support-programmas\/#primaryimage","url":"http:\/\/profitx2.com\/wp-content\/uploads\/2021\/07\/bestseller-300x300.png","contentUrl":"http:\/\/profitx2.com\/wp-content\/uploads\/2021\/07\/bestseller-300x300.png"},{"@type":"BreadcrumbList","@id":"https:\/\/profitx2.com\/sales-support-programmas\/#breadcrumb","itemListElement":[{"@type":"ListItem","position":1,"name":"Home","item":"https:\/\/profitx2.com\/"},{"@type":"ListItem","position":2,"name":"Sales support programma&#8217;s"}]},{"@type":"WebSite","@id":"https:\/\/profitx2.com\/#website","url":"https:\/\/profitx2.com\/","name":"Welkom bij ProfitX2","description":"Digital Sales and Leadership Coaching","potentialAction":[{"@type":"SearchAction","target":{"@type":"EntryPoint","urlTemplate":"https:\/\/profitx2.com\/?s={search_term_string}"},"query-input":{"@type":"PropertyValueSpecification","valueRequired":true,"valueName":"search_term_string"}}],"inLanguage":"fr-BE"}]}},"_links":{"self":[{"href":"https:\/\/profitx2.com\/fr\/wp-json\/wp\/v2\/pages\/364","targetHints":{"allow":["GET"]}}],"collection":[{"href":"https:\/\/profitx2.com\/fr\/wp-json\/wp\/v2\/pages"}],"about":[{"href":"https:\/\/profitx2.com\/fr\/wp-json\/wp\/v2\/types\/page"}],"author":[{"embeddable":true,"href":"https:\/\/profitx2.com\/fr\/wp-json\/wp\/v2\/users\/1"}],"replies":[{"embeddable":true,"href":"https:\/\/profitx2.com\/fr\/wp-json\/wp\/v2\/comments?post=364"}],"version-history":[{"count":0,"href":"https:\/\/profitx2.com\/fr\/wp-json\/wp\/v2\/pages\/364\/revisions"}],"wp:attachment":[{"href":"https:\/\/profitx2.com\/fr\/wp-json\/wp\/v2\/media?parent=364"}],"curies":[{"name":"wp","href":"https:\/\/api.w.org\/{rel}","templated":true}]}}