{"id":326,"date":"2021-09-09T11:31:05","date_gmt":"2021-09-09T11:31:05","guid":{"rendered":"https:\/\/mooof.be\/profitx2\/?page_id=326"},"modified":"2024-06-17T13:25:46","modified_gmt":"2024-06-17T13:25:46","slug":"een-sterke-ondersteuning-voor-optimale-resultaten","status":"publish","type":"page","link":"https:\/\/profitx2.com\/fr\/een-sterke-ondersteuning-voor-optimale-resultaten\/","title":{"rendered":"Un support solide pour des r\u00e9sultats optimaux"},"content":{"rendered":"<h2>UN SUPPORT SOLIDE POUR DES R\u00c9SULTATS OPTIMAUX<\/h2>\n\t<p>Buiten de specifieke Sales-Programma&#8217;s voor B2B en B2C High Price Retail Verkopers, hebben wij tevens specifieke Digitale Coaching-programma&#8217;s die zorgen voor een sterke ondersteuning van de Verkoper, Accountmanager, Key Accountmananger, Sales Manager of Commerci\u00eble werker.\u00a0 Wat deze ondersteuning zal inhouden voor uw bedrijf is snel te merken in omzetstijging, marge-verbetering en vooral in <strong>une am\u00e9lioration de l'attitude et du comportement de votre \u00e9quipe de vente<\/strong>. Pour de nombreuses entreprises, ce programme a \u00e9t\u00e9 le d\u00e9clencheur d'un ou plusieurs des effets suivants :<\/p>\n<p>&nbsp;<\/p>\n<ul>\n<li>Plus de clients potentiels deviennent effectivement des clients (= un score plus \u00e9lev\u00e9)<\/li>\n<li>Une \u00e9quipe de vente super-motiv\u00e9e avec une attitude optimale<\/li>\n<li>Un doublement du chiffre d'affaires en 2 ans<\/li>\n<li>Evolueren van een &#8216;regionale&#8217; naar een &#8216;nationale&#8217; of &#8216;global player&#8217;<\/li>\n<li>Un doublement du ROM (Return On Marketing)<\/li>\n<li>Une forte am\u00e9lioration de la MARGE<\/li>\n<li>Een meer-verkoop van het &#8216;duurdere&#8217; gamma<\/li>\n<\/ul>\n<p>&nbsp;<\/p>\n<p>Bedrijven die hun commerci\u00eble medewerkers (en leidinggevenden) deze Programma&#8217;s laten doorlopen merken al snel dat deze een krachtige impact hebben op de psychologie van de Sales Rep of de Sales Force van het bedrijf.<\/p>\n<p>&nbsp;<\/p>\n<p><strong>Effet de levier :<\/strong> de verschillende modules hebben tevens een enorme hefboomkracht op elkaar.\u00a0 Zo zal een Module over de werking van motivatie (Motivation 360\u00b0) een enorme hefboomkracht hebben op de module over de werking van een TEAM (TEAM Building), want een Salesteam is \u00e9\u00e9n zaak, een &#8216;gemotiveerd&#8217; Salesteam is nog iets gans anders.\u00a0 Dat is in sport zo, en dat is in de zakenwereld niet anders.<\/p>\n<p>&nbsp;<\/p>\n\t\t<h3>ProfitX2 SALES SUPPORT apporte deux choses \u00e0 votre entreprise<\/h3><p><strong>Plus d'\u00e9nergie et d'enthousiasme<\/strong><\/p>\n<p><strong>Une \u00e9quipe de vente motiv\u00e9e par un objectif<\/strong><\/p>\n<p>&nbsp;<\/p>\n\t<p><strong>L'\u00e9nergie et l'enthousiasme<\/strong> zijn van levensbelang voor een Top-verkoper.\u00a0 Het is als het ware de &#8216;energie&#8217; die uw bedrijf zal uitstralen in de markt, de atmosfeer waarmee nieuwe potenti\u00eble klanten zullen kennis maken of de &#8216;attitude&#8217; waarmee uw commerci\u00eble medewerkers zullen werken.\u00a0 Een uitspraak van Auteur &amp; Salestrainer Brian Tracy, is de volgende:<\/p>\n\t<h1>Sales is a Transfer of Enthusiasm<\/h1>\n\t<p>Cela ne pourrait pas \u00eatre plus vrai, car si le repr\u00e9sentant commercial est enthousiaste \u00e0 propos de sa proposition, l'\u00e9tincelle d'enthousiasme sautera souvent au(x) client(s) et ils deviendront \u00e0 leur tour enthousiastes \u00e0 propos de la proposition.<\/p>\n<p><strong>Parfois, vous faites face \u00e0 l'inverse, un repr\u00e9sentant qui n'est PAS enthousiaste.<\/strong>\u00a0 Je kan niet snel genoeg weg zijn van een dergelijk contact, &#8230; zonde voor het bedrijf dat een dergelijke Sales Rep in dienst neemt.<\/p>\n<p>De plus, une grande dose d'\u00e9nergie est n\u00e9cessaire. Sans \u00e9nergie, pas de charisme, trop peu d'actions et des r\u00e9sultats faibles. La participation \u00e0 des foires commerciales, la prospection du march\u00e9 et faire un pitch \u00e0 de nouveaux clients exigent une bonne dose d'\u00e9nergie. Certains vendeurs ont cela en abondance, mais la plupart des vendeurs doivent faire des efforts pour maintenir cette \u00e9nergie \u00e0 un niveau \u00e9lev\u00e9 et constant. C'est pourquoi il est si important de donner \u00e0 votre personnel commercial le SUPPORT DE VENTE dont ils ont besoin. Il est tr\u00e8s important d'obtenir et de conserver une \u00e9nergie et un enthousiasme optimaux. Si cela fonctionne pour l'\u00e9quipe de vente, cela se r\u00e9pandra dans toute votre entreprise.<\/p>\n<p>&nbsp;<\/p>\n<h3>Realiseer u dat &#8216;elk&#8217; bedrijf, ook uw bedrijf, Energie en Enthousiasme nodig heeft.<\/h3>\n<p>Ces deux \u00e9l\u00e9ments d\u00e9terminent pour une grande part l'apparence de votre entreprise :<\/p>\n<ul>\n<li>Cela d\u00e9finira votre \u00e9quipe\/organisation<\/li>\n<li>Cela cr\u00e9era les conditions dans lesquelles il faudra travailler<\/li>\n<li>Cela vous permettra de filtrer, en quelque sorte, qui est compatible avec l'\u00e9quipe de vente et qui ne l'est pas<\/li>\n<li>Cela aura un impact consid\u00e9rable sur vos r\u00e9sultats<\/li>\n<\/ul>\n<p>&nbsp;<\/p>\n<p>La ma\u00eetrise de l'\u00e9nergie et de l'enthousiasme d\u00e9terminera le comportement de votre \u00e9quipe de vente, et le comportement d\u00e9terminera toujours les r\u00e9sultats.\u00a0 <strong>Ainsi, si vous souhaitez obtenir de meilleurs r\u00e9sultats, vous devrez \u00e9galement travailler sur l'\u00e9nergie et l'enthousiasme de votre \u00e9quipe<\/strong>, ce qui peut rapidement devenir un d\u00e9fi, car votre \u00e9quipe de vente a des habitudes bien ancr\u00e9es. Les changer n'est peut-\u00eatre pas facile, mais pour de nombreuses entreprises, (pouvoir) changer ces habitudes, est une question de vie ou de mort.<\/p>\n<p>&nbsp;<\/p>\n<h3>Une \u00e9quipe de vente motiv\u00e9e par un objectif<\/h3>\n<p>Soms zijn er dingen die je erg graag doet en waar je dan meestal ook erg goed in bent.\u00a0 Zo ontwikkel je bepaalde passies voor sport, ontspanning of &#8230; voor je job als Verkoper, Salesrep, Account Manager of Sales Manager.<\/p>\n<p><strong>Un objectif<\/strong> est donc un m\u00e9lange de Passion, de Travail, de Vocation et de Mission. Les personnes qui vivent leur vie avec une attitude ax\u00e9e sur un objectif, s'\u00e9l\u00e8vent rapidement au-dessus de la moyenne dans tous les domaines. Les employ\u00e9s commerciaux ayant un objectif peuvent \u00eatre reconnus par les 3 caract\u00e9ristiques suivantes :<\/p>\n<p>&nbsp;<\/p>\n<ol>\n<li><strong>\u00c9nergie :<\/strong> ils semblent avoir une \u00e9nergie illimit\u00e9e et ne sont presque jamais fatigu\u00e9s<\/li>\n<li><strong>Optimisme :<\/strong> ils voient la vie \u00e0 travers des lunettes roses et s'attendent toujours \u00e0 ce que des choses positives se produisent<\/li>\n<li><strong>Social :<\/strong> ils sont comme des aimants qui attirent facilement les gens autour d'eux dans leur histoire (objectif)<\/li>\n<\/ol>\n<p>&nbsp;<\/p>\n<p><strong>Si votre \u00e9quipe de vente apprend \u00e0 \u00eatre motiv\u00e9e par un objectif dans leur travail, c'est-\u00e0-dire \u00e0 faire preuve d'\u00e9nergie, d'optimisme et de comp\u00e9tences sociales, leurs chances de convaincre des clients potentiels s'am\u00e9lioreront sensiblement.\u00a0<\/strong><\/p>\n<p>&nbsp;<\/p>\n<p>Om dat te bereiken is KENNIS nodig, want KENNIS leidt altijd tot betere RESULTATEN, de core-belief van onze organisatie.\u00a0 Uw commerci\u00eble medewerkers hebben nood aan informatie over een optimale team-cultuur en hoe zij die zelf kunnen be\u00efnvloeden.\u00a0 Aan de hand van onze Digitale Coaching Modules, beginnen zij meer vooruit te kijken en na te denken over de economische, sociale en technologische veranderingen die gaande zijn in de wereld en waarin zij met hun bedrijf, hun producten en hun services een rol kunnen spelen, of dus, hun missie kunnen realiseren.\u00a0 Met de SALES SUPPORT Modules leren zij werken als een TEAM-Player en zullen ze zowel zichzelf als hun klanten en hun collega&#8217;s kunnen motiveren.\u00a0 Zij leren strategisch denken, iets dat in de &#8216;moeilijkere onderhandelingen&#8217; erg goed van pas kan komen.\u00a0 En ook perfect uitvoeren, wat soms al eens een zwakte kan zijn bij verkopers die &#8216;enkel&#8217; focussen op de verkoop, maar achteraf de verwerking van wat verkocht is, niet foutloos afhandelen.<\/p>\n\t\t\t<a href=\"\/fr\/sales-support-programmas\/\" target=\"_self\" rel=\"noopener\">\n\t\t\t\t\t\tKlik hier voor meer info over onze sales support Programma&#8217;s\n\t\t\t\t\t<\/a>","protected":false},"excerpt":{"rendered":"<p>EEN STERKE ONDERSTEUNING VOOR OPTIMALE RESULTATEN Buiten de specifieke Sales-Programma&#8217;s voor B2B en B2C High Price Retail Verkopers, hebben wij tevens specifieke Digitale Coaching-programma&#8217;s die zorgen voor een sterke ondersteuning van de Verkoper, Accountmanager, Key Accountmananger, Sales Manager of Commerci\u00eble werker.\u00a0 Wat deze ondersteuning zal inhouden voor uw bedrijf is snel te merken in omzetstijging,&hellip;<\/p>","protected":false},"author":1,"featured_media":0,"parent":0,"menu_order":0,"comment_status":"closed","ping_status":"closed","template":"","meta":{"_seopress_robots_primary_cat":"","_seopress_titles_title":"","_seopress_titles_desc":"","_seopress_robots_index":"","footnotes":""},"class_list":["post-326","page","type-page","status-publish","hentry"],"yoast_head":"<!-- This site is optimized with the Yoast SEO plugin v26.3 - https:\/\/yoast.com\/wordpress\/plugins\/seo\/ -->\n<title>Een sterke ondersteuning voor optimale resultaten - Welkom bij ProfitX2<\/title>\n<meta name=\"robots\" content=\"index, follow, max-snippet:-1, max-image-preview:large, max-video-preview:-1\" \/>\n<link rel=\"canonical\" href=\"https:\/\/profitx2.com\/fr\/een-sterke-ondersteuning-voor-optimale-resultaten\/\" \/>\n<meta property=\"og:locale\" content=\"fr_FR\" \/>\n<meta property=\"og:type\" content=\"article\" \/>\n<meta property=\"og:title\" content=\"Een sterke ondersteuning voor optimale resultaten - Welkom bij ProfitX2\" \/>\n<meta property=\"og:description\" content=\"EEN STERKE ONDERSTEUNING VOOR OPTIMALE RESULTATEN Buiten de specifieke Sales-Programma&#8217;s voor B2B en B2C High Price Retail Verkopers, hebben wij tevens specifieke Digitale Coaching-programma&#8217;s die zorgen voor een sterke ondersteuning van de Verkoper, Accountmanager, Key Accountmananger, Sales Manager of Commerci\u00eble werker.\u00a0 Wat deze ondersteuning zal inhouden voor uw bedrijf is snel te merken in omzetstijging,&hellip;\" \/>\n<meta property=\"og:url\" content=\"https:\/\/profitx2.com\/fr\/een-sterke-ondersteuning-voor-optimale-resultaten\/\" \/>\n<meta property=\"og:site_name\" content=\"Welkom bij ProfitX2\" \/>\n<meta property=\"article:modified_time\" content=\"2024-06-17T13:25:46+00:00\" \/>\n<meta name=\"twitter:card\" content=\"summary_large_image\" \/>\n<meta name=\"twitter:label1\" content=\"Dur\u00e9e de lecture est.\" \/>\n\t<meta name=\"twitter:data1\" content=\"5 minutes\" \/>\n<script type=\"application\/ld+json\" class=\"yoast-schema-graph\">{\"@context\":\"https:\/\/schema.org\",\"@graph\":[{\"@type\":\"WebPage\",\"@id\":\"https:\/\/profitx2.com\/een-sterke-ondersteuning-voor-optimale-resultaten\/\",\"url\":\"https:\/\/profitx2.com\/een-sterke-ondersteuning-voor-optimale-resultaten\/\",\"name\":\"Een sterke ondersteuning voor optimale resultaten - Welkom bij ProfitX2\",\"isPartOf\":{\"@id\":\"https:\/\/profitx2.com\/#website\"},\"datePublished\":\"2021-09-09T11:31:05+00:00\",\"dateModified\":\"2024-06-17T13:25:46+00:00\",\"breadcrumb\":{\"@id\":\"https:\/\/profitx2.com\/een-sterke-ondersteuning-voor-optimale-resultaten\/#breadcrumb\"},\"inLanguage\":\"fr-BE\",\"potentialAction\":[{\"@type\":\"ReadAction\",\"target\":[\"https:\/\/profitx2.com\/een-sterke-ondersteuning-voor-optimale-resultaten\/\"]}]},{\"@type\":\"BreadcrumbList\",\"@id\":\"https:\/\/profitx2.com\/een-sterke-ondersteuning-voor-optimale-resultaten\/#breadcrumb\",\"itemListElement\":[{\"@type\":\"ListItem\",\"position\":1,\"name\":\"Home\",\"item\":\"https:\/\/profitx2.com\/\"},{\"@type\":\"ListItem\",\"position\":2,\"name\":\"Een sterke ondersteuning voor optimale resultaten\"}]},{\"@type\":\"WebSite\",\"@id\":\"https:\/\/profitx2.com\/#website\",\"url\":\"https:\/\/profitx2.com\/\",\"name\":\"Welkom bij ProfitX2\",\"description\":\"Digital Sales and Leadership Coaching\",\"potentialAction\":[{\"@type\":\"SearchAction\",\"target\":{\"@type\":\"EntryPoint\",\"urlTemplate\":\"https:\/\/profitx2.com\/?s={search_term_string}\"},\"query-input\":{\"@type\":\"PropertyValueSpecification\",\"valueRequired\":true,\"valueName\":\"search_term_string\"}}],\"inLanguage\":\"fr-BE\"}]}<\/script>\n<!-- \/ Yoast SEO plugin. -->","yoast_head_json":{"title":"Een sterke ondersteuning voor optimale resultaten - Welkom bij ProfitX2","robots":{"index":"index","follow":"follow","max-snippet":"max-snippet:-1","max-image-preview":"max-image-preview:large","max-video-preview":"max-video-preview:-1"},"canonical":"https:\/\/profitx2.com\/fr\/een-sterke-ondersteuning-voor-optimale-resultaten\/","og_locale":"fr_FR","og_type":"article","og_title":"Een sterke ondersteuning voor optimale resultaten - Welkom bij ProfitX2","og_description":"EEN STERKE ONDERSTEUNING VOOR OPTIMALE RESULTATEN Buiten de specifieke Sales-Programma&#8217;s voor B2B en B2C High Price Retail Verkopers, hebben wij tevens specifieke Digitale Coaching-programma&#8217;s die zorgen voor een sterke ondersteuning van de Verkoper, Accountmanager, Key Accountmananger, Sales Manager of Commerci\u00eble werker.\u00a0 Wat deze ondersteuning zal inhouden voor uw bedrijf is snel te merken in omzetstijging,&hellip;","og_url":"https:\/\/profitx2.com\/fr\/een-sterke-ondersteuning-voor-optimale-resultaten\/","og_site_name":"Welkom bij ProfitX2","article_modified_time":"2024-06-17T13:25:46+00:00","twitter_card":"summary_large_image","twitter_misc":{"Dur\u00e9e de lecture est.":"5 minutes"},"schema":{"@context":"https:\/\/schema.org","@graph":[{"@type":"WebPage","@id":"https:\/\/profitx2.com\/een-sterke-ondersteuning-voor-optimale-resultaten\/","url":"https:\/\/profitx2.com\/een-sterke-ondersteuning-voor-optimale-resultaten\/","name":"Een sterke ondersteuning voor optimale resultaten - Welkom bij ProfitX2","isPartOf":{"@id":"https:\/\/profitx2.com\/#website"},"datePublished":"2021-09-09T11:31:05+00:00","dateModified":"2024-06-17T13:25:46+00:00","breadcrumb":{"@id":"https:\/\/profitx2.com\/een-sterke-ondersteuning-voor-optimale-resultaten\/#breadcrumb"},"inLanguage":"fr-BE","potentialAction":[{"@type":"ReadAction","target":["https:\/\/profitx2.com\/een-sterke-ondersteuning-voor-optimale-resultaten\/"]}]},{"@type":"BreadcrumbList","@id":"https:\/\/profitx2.com\/een-sterke-ondersteuning-voor-optimale-resultaten\/#breadcrumb","itemListElement":[{"@type":"ListItem","position":1,"name":"Home","item":"https:\/\/profitx2.com\/"},{"@type":"ListItem","position":2,"name":"Een sterke ondersteuning voor optimale resultaten"}]},{"@type":"WebSite","@id":"https:\/\/profitx2.com\/#website","url":"https:\/\/profitx2.com\/","name":"Welkom bij ProfitX2","description":"Digital Sales and Leadership Coaching","potentialAction":[{"@type":"SearchAction","target":{"@type":"EntryPoint","urlTemplate":"https:\/\/profitx2.com\/?s={search_term_string}"},"query-input":{"@type":"PropertyValueSpecification","valueRequired":true,"valueName":"search_term_string"}}],"inLanguage":"fr-BE"}]}},"_links":{"self":[{"href":"https:\/\/profitx2.com\/fr\/wp-json\/wp\/v2\/pages\/326","targetHints":{"allow":["GET"]}}],"collection":[{"href":"https:\/\/profitx2.com\/fr\/wp-json\/wp\/v2\/pages"}],"about":[{"href":"https:\/\/profitx2.com\/fr\/wp-json\/wp\/v2\/types\/page"}],"author":[{"embeddable":true,"href":"https:\/\/profitx2.com\/fr\/wp-json\/wp\/v2\/users\/1"}],"replies":[{"embeddable":true,"href":"https:\/\/profitx2.com\/fr\/wp-json\/wp\/v2\/comments?post=326"}],"version-history":[{"count":0,"href":"https:\/\/profitx2.com\/fr\/wp-json\/wp\/v2\/pages\/326\/revisions"}],"wp:attachment":[{"href":"https:\/\/profitx2.com\/fr\/wp-json\/wp\/v2\/media?parent=326"}],"curies":[{"name":"wp","href":"https:\/\/api.w.org\/{rel}","templated":true}]}}