{"id":298,"date":"2021-09-08T16:02:26","date_gmt":"2021-09-08T16:02:26","guid":{"rendered":"https:\/\/mooof.be\/profitx2\/?page_id=298"},"modified":"2024-06-17T13:24:20","modified_gmt":"2024-06-17T13:24:20","slug":"sales-force","status":"publish","type":"page","link":"https:\/\/profitx2.com\/fr\/sales-force\/","title":{"rendered":"Boostez votre \u00e9quipe de vente avec un coaching de vente num\u00e9rique"},"content":{"rendered":"<h1>Boostez votre \u00e9quipe de vente avec un coaching num\u00e9rique<\/h1>\n\t<h3><strong>Certains modules de notre gamme de modules de coaching de vente num\u00e9rique :<\/strong><\/h3>\n\t\t\t\t<img decoding=\"async\" src=\"http:\/\/profitx2.com\/wp-content\/uploads\/2021\/09\/CM.jpg\" alt=\"CM\" itemprop=\"image\" title=\"CM\" onerror=\"this.style.display='none'\"  \/>\n\t\t\t\t<img decoding=\"async\" src=\"http:\/\/profitx2.com\/wp-content\/uploads\/2021\/09\/TSG.jpg\" alt=\"TSG\" itemprop=\"image\" title=\"TSG\" onerror=\"this.style.display='none'\"  \/>\n\t\t\t\t<img decoding=\"async\" src=\"http:\/\/profitx2.com\/wp-content\/uploads\/2021\/09\/TM.jpg\" alt=\"TM\" itemprop=\"image\" title=\"TM\" onerror=\"this.style.display='none'\"  \/>\n\t\t\t\t<img decoding=\"async\" src=\"http:\/\/profitx2.com\/wp-content\/uploads\/2021\/09\/RO.jpg\" alt=\"RO\" itemprop=\"image\" title=\"RO\" onerror=\"this.style.display='none'\"  \/>\n\t\t\t\t<img decoding=\"async\" src=\"http:\/\/profitx2.com\/wp-content\/uploads\/2021\/09\/PROI.jpg\" alt=\"PROI\" itemprop=\"image\" title=\"PROI\" onerror=\"this.style.display='none'\"  \/>\n\t\t\t\t<img decoding=\"async\" src=\"http:\/\/profitx2.com\/wp-content\/uploads\/2021\/09\/RDB.jpg\" alt=\"RDB\" itemprop=\"image\" title=\"RDB\" onerror=\"this.style.display='none'\"  \/>\n\t\t\t\t<img decoding=\"async\" src=\"http:\/\/profitx2.com\/wp-content\/uploads\/2021\/09\/PR.jpg\" alt=\"PR\" itemprop=\"image\" title=\"PR\" onerror=\"this.style.display='none'\"  \/>\n\t\t\t\t<img decoding=\"async\" src=\"http:\/\/profitx2.com\/wp-content\/uploads\/2021\/09\/PLN.jpg\" alt=\"PLN\" itemprop=\"image\" title=\"PLN\" onerror=\"this.style.display='none'\"  \/>\n\t\t\t\t<img decoding=\"async\" src=\"http:\/\/profitx2.com\/wp-content\/uploads\/2021\/09\/OB.jpg\" alt=\"OB\" itemprop=\"image\" title=\"OB\" onerror=\"this.style.display='none'\"  \/>\n\t\t\t\t<img decoding=\"async\" src=\"http:\/\/profitx2.com\/wp-content\/uploads\/2021\/09\/OB-Keuken.jpg\" alt=\"OB Keuken\" itemprop=\"image\" title=\"OB Keuken\" onerror=\"this.style.display='none'\"  \/>\n\t\t\t\t<img decoding=\"async\" src=\"http:\/\/profitx2.com\/wp-content\/uploads\/2021\/09\/LS.jpg\" alt=\"LS\" itemprop=\"image\" title=\"LS\" onerror=\"this.style.display='none'\"  \/>\n\t\t\t\t<img decoding=\"async\" src=\"http:\/\/profitx2.com\/wp-content\/uploads\/2021\/09\/AT.jpg\" alt=\"AT\" itemprop=\"image\" title=\"AT\" onerror=\"this.style.display='none'\"  \/>\n\t\t\t\t<img decoding=\"async\" src=\"http:\/\/profitx2.com\/wp-content\/uploads\/2021\/09\/AT-Auto.jpg\" alt=\"AT Auto\" itemprop=\"image\" title=\"AT Auto\" onerror=\"this.style.display='none'\"  \/>\n\t\t\t\t<img decoding=\"async\" src=\"http:\/\/profitx2.com\/wp-content\/uploads\/2021\/09\/AT-Immo.jpg\" alt=\"AT Immo\" itemprop=\"image\" title=\"AT Immo\" onerror=\"this.style.display='none'\"  \/>\n\t\t\t\t<img decoding=\"async\" src=\"http:\/\/profitx2.com\/wp-content\/uploads\/2021\/09\/AT-Keuken.jpg\" alt=\"AT Keuken\" itemprop=\"image\" title=\"AT Keuken\" onerror=\"this.style.display='none'\"  \/>\n\t\t\t\t<img decoding=\"async\" src=\"http:\/\/profitx2.com\/wp-content\/uploads\/2021\/09\/motivation_360.png\" alt=\"motivation_360\" itemprop=\"image\" title=\"motivation_360\" onerror=\"this.style.display='none'\"  \/>\n\t<p>Ces derni\u00e8res ann\u00e9es, de nombreuses \u00e9tudes ont \u00e9t\u00e9 r\u00e9alis\u00e9es sur l'effet de la num\u00e9risation dans le monde des affaires et des \u00e9tudes tr\u00e8s sp\u00e9cifiques sur l'effet de la formation num\u00e9rique des \u00e9quipes de vente au sein des entreprises, comme l'\u00e9tude men\u00e9e par eLearning Industry &amp; Statistics sur pas moins de 2.500 organisations de vente.<\/p>\n<p>Cette \u00e9tude montre \u00e9galement que les entreprises qui ont de <strong>degelijke Digitale Sales Coaching Programma&#8217;s<\/strong> r\u00e9alisent, en moyenne, 218% DE REVENUS SUPPL\u00c9MENTAIRES par repr\u00e9sentant commercial, et cela avec une MARGE SUP\u00c9RIEURE de 24%.<\/p>\n\t\t\t\t<img decoding=\"async\" src=\"http:\/\/profitx2.com\/wp-content\/uploads\/2021\/09\/218-300x255.png\" alt=\"218\" itemprop=\"image\" title=\"218\" onerror=\"this.style.display='none'\"  \/>\n\t<p>Une \u00e9tude men\u00e9e par eLearning Industry &amp; Statistics aupr\u00e8s de 2.500 organisations de vente montre que les entreprises qui ont de <strong>degelijke Digitale Sales Coaching Programma&#8217;s<\/strong> r\u00e9alisent, en moyenne, 218% DE REVENUS SUPPL\u00c9MENTAIRES par repr\u00e9sentant commercial.<\/p>\n\t\t\t\t<img decoding=\"async\" src=\"http:\/\/profitx2.com\/wp-content\/uploads\/2021\/09\/24-300x255.png\" alt=\"24\" itemprop=\"image\" title=\"24\" onerror=\"this.style.display='none'\"  \/>\n\t<p>La m\u00eame \u00e9tude, r\u00e9alis\u00e9e par eLearning Industry &amp; Statistics, montre \u00e9galement que les entreprises qui ont de <strong>degelijke Digitale Sales Coaching Programma&#8217;s<\/strong> r\u00e9alisent, en moyenne, une MARGE SUP\u00c9RIEURE de 24%.<\/p>\n\t\t\t\t<img decoding=\"async\" src=\"http:\/\/profitx2.com\/wp-content\/uploads\/2021\/09\/60-300x255.png\" alt=\"60\" itemprop=\"image\" title=\"60\" onerror=\"this.style.display='none'\"  \/>\n\t<p>Verder zorgt het voorzien van Digitale Sales Coaching voor een sterke VERHOGING van 25 tot 60% van de RETENTIEGRAAD.\u00a0 Met andere woorden, &#8230; het aanbieden van Digitale Sales Coaching, zorgt ervoor dat uw Salesteam langer bij u blijft werken.<\/p>\n\t\t\t\t<img decoding=\"async\" src=\"http:\/\/profitx2.com\/wp-content\/uploads\/2021\/09\/42-300x255.png\" alt=\"42\" itemprop=\"image\" title=\"42\" onerror=\"this.style.display='none'\"  \/>\n\t<p>De plus, en proposant un coaching num\u00e9rique de vente, l'\u00e9quipe de vente ayant une r\u00e9mun\u00e9ration flexible conna\u00eetra une augmentation moyenne de 42 % de ses revenus.<\/p>\n\t<h2>De nos jours, les entreprises travaillent dans un monde num\u00e9rique, et une pand\u00e9mie telle que Covid-19 a, en quelque sorte, acc\u00e9l\u00e9r\u00e9 ce changement. La formation de l'\u00e9quipe de vente pour faire face \u00e0 ces changements num\u00e9riques de mani\u00e8re flexible est cruciale pour le succ\u00e8s de votre entreprise.<\/h2>\n<p>N'est-il alors pas logique de soutenir \u00e9galement votre \u00e9quipe de vente de mani\u00e8re num\u00e9rique avec les connaissances dont elle a besoin pour r\u00e9ussir ?<\/p>\n<p>En ce moment, le nombre de repr\u00e9sentants commerciaux qui poss\u00e8dent les comp\u00e9tences et les connaissances n\u00e9cessaires pour r\u00e9ussir est estim\u00e9 \u00e0 environ 20 %. C'est \u00e9galement l'exp\u00e9rience que nous avons acquise en plus de 30 ans de coaching dans le monde entier.<\/p>\n<p>Bedrijven die gemiddeld lager scoren dan 3 verkopen op 10 aanbiedingen, moeten beseffen dat er nog massa&#8217;s omzet te halen valt binnen het bestaande potenti\u00eble cli\u00ebnteel.\u00a0 De SLEUTEL om dit potentieel te ontluiken, is de KENNIS die nodig is om optimaal te presteren.<\/p>\n\t\t<h3>Il n'y a pas de vendeurs qui NE VEULENT PAS vendre<\/h3><p>Il leur manque seulement la CONNAISSANCE n\u00e9cessaire pour conclure l'affaire MAINTENANT, AUJOURD'HUI.<\/p>\n<p>&nbsp;<\/p>\n\t<h1><strong>Le coaching de vente num\u00e9rique concerne : <\/strong><\/h1>\n<ul>\n<li>G\u00e9n\u00e9rer une premi\u00e8re impression OPTIMALE<\/li>\n<li>Het cre\u00ebren van RAPPORT of de menselijke &#8216;klik&#8217; met klanten<\/li>\n<li>Rendre les BUDGETS discutables<\/li>\n<li>Cl\u00f4turer de mani\u00e8re douce mais claire<\/li>\n<li>Het leren omgaan met STANDAARD OBJECTIES als &#8216;nadenken&#8217;, &#8217;te duur&#8217; e.d.<\/li>\n<li>Soutenir les mots de mani\u00e8re NON VERBALE avec le bon LANGAGE CORPOREL<\/li>\n<li>Het steeds opnieuw kunnen MOTIVEREN van jezelf, je collega&#8217;s en je KLANTEN<\/li>\n<li>Faire un PITCHING professionnel de votre id\u00e9e, entreprise ou proposition de coop\u00e9ration<\/li>\n<li>Het krachtig brengen van je USP&#8217;s, afgestemd op het type van klant<\/li>\n<li>G\u00e9n\u00e9rer des LEADS sur votre base de clients existants<\/li>\n<\/ul>\n\t\t<p>Dans 68% des cas, lorsque les clients n'ach\u00e8tent PAS o\u00f9 ach\u00e8tent AILLEURS, c'est parce qu'ils ont le sentiment que l'ATTITUDE ou le COMPORTEMENT du repr\u00e9sentant commercial n'\u00e9tait pas correct.<\/p>\n<p><strong>Cela peut \u00eatre \u00e9vit\u00e9 gr\u00e2ce \u00e0 un bon coaching de vente num\u00e9rique<\/strong><\/p>\n\t<h1>Comment fonctionne le coaching de vente num\u00e9rique dans la pratique ?<\/h1>\n\n\t\t\t<a href=\"\/fr\/hoe-werkt-digital-sales-coaching-in-de-praktijk\/\" target=\"_self\" rel=\"noopener\">\n\t\t\t\t\t\tCliquez ici pour plus d'informations\n\t\t\t\t\t<\/a>\n\t\t\t\t<img decoding=\"async\" src=\"http:\/\/profitx2.com\/wp-content\/uploads\/2021\/09\/Mobitrain_app_02.png\" alt=\"Mobitrain_app_02\" itemprop=\"image\" title=\"Mobitrain_app_02\" onerror=\"this.style.display='none'\"  \/>","protected":false},"excerpt":{"rendered":"<p>Boost uw sales force met digitale coaching Enkele Modules binnen ons gamma van Digitale Sales Coaching Modules: De voorbije jaren zijn er vele onderzoeken geweest naar het effect van de digitalisering in de bedrijfswereld en erg specifieke onderzoeken, naar het effect van het digitaal opleiden van Salesteams binnen bedrijven, zoals het onderzoek uitgevoerd door eLearning&hellip;<\/p>","protected":false},"author":1,"featured_media":0,"parent":0,"menu_order":0,"comment_status":"closed","ping_status":"closed","template":"","meta":{"_seopress_robots_primary_cat":"","_seopress_titles_title":"","_seopress_titles_desc":"","_seopress_robots_index":"","footnotes":""},"class_list":["post-298","page","type-page","status-publish","hentry"],"yoast_head":"<!-- This site is optimized with the Yoast SEO plugin v26.3 - https:\/\/yoast.com\/wordpress\/plugins\/seo\/ -->\n<title>Boost uw sales force met digitale sales coaching - Welkom bij ProfitX2<\/title>\n<meta name=\"robots\" content=\"index, follow, max-snippet:-1, max-image-preview:large, max-video-preview:-1\" \/>\n<link rel=\"canonical\" href=\"https:\/\/profitx2.com\/fr\/sales-force\/\" \/>\n<meta property=\"og:locale\" content=\"fr_FR\" \/>\n<meta property=\"og:type\" content=\"article\" \/>\n<meta property=\"og:title\" content=\"Boost uw sales force met digitale sales coaching - Welkom bij ProfitX2\" \/>\n<meta property=\"og:description\" content=\"Boost uw sales force met digitale coaching Enkele Modules binnen ons gamma van Digitale Sales Coaching Modules: De voorbije jaren zijn er vele onderzoeken geweest naar het effect van de digitalisering in de bedrijfswereld en erg specifieke onderzoeken, naar het effect van het digitaal opleiden van Salesteams binnen bedrijven, zoals het onderzoek uitgevoerd door eLearning&hellip;\" \/>\n<meta property=\"og:url\" content=\"https:\/\/profitx2.com\/fr\/sales-force\/\" \/>\n<meta property=\"og:site_name\" content=\"Welkom bij ProfitX2\" \/>\n<meta property=\"article:modified_time\" content=\"2024-06-17T13:24:20+00:00\" \/>\n<meta property=\"og:image\" content=\"http:\/\/profitx2.com\/wp-content\/uploads\/2021\/09\/CM.jpg\" \/>\n<meta name=\"twitter:card\" content=\"summary_large_image\" \/>\n<meta name=\"twitter:label1\" content=\"Dur\u00e9e de lecture est.\" \/>\n\t<meta name=\"twitter:data1\" content=\"3 minutes\" \/>\n<script type=\"application\/ld+json\" class=\"yoast-schema-graph\">{\"@context\":\"https:\/\/schema.org\",\"@graph\":[{\"@type\":\"WebPage\",\"@id\":\"https:\/\/profitx2.com\/sales-force\/\",\"url\":\"https:\/\/profitx2.com\/sales-force\/\",\"name\":\"Boost uw sales force met digitale sales coaching - Welkom bij ProfitX2\",\"isPartOf\":{\"@id\":\"https:\/\/profitx2.com\/#website\"},\"primaryImageOfPage\":{\"@id\":\"https:\/\/profitx2.com\/sales-force\/#primaryimage\"},\"image\":{\"@id\":\"https:\/\/profitx2.com\/sales-force\/#primaryimage\"},\"thumbnailUrl\":\"http:\/\/profitx2.com\/wp-content\/uploads\/2021\/09\/CM.jpg\",\"datePublished\":\"2021-09-08T16:02:26+00:00\",\"dateModified\":\"2024-06-17T13:24:20+00:00\",\"breadcrumb\":{\"@id\":\"https:\/\/profitx2.com\/sales-force\/#breadcrumb\"},\"inLanguage\":\"fr-BE\",\"potentialAction\":[{\"@type\":\"ReadAction\",\"target\":[\"https:\/\/profitx2.com\/sales-force\/\"]}]},{\"@type\":\"ImageObject\",\"inLanguage\":\"fr-BE\",\"@id\":\"https:\/\/profitx2.com\/sales-force\/#primaryimage\",\"url\":\"http:\/\/profitx2.com\/wp-content\/uploads\/2021\/09\/CM.jpg\",\"contentUrl\":\"http:\/\/profitx2.com\/wp-content\/uploads\/2021\/09\/CM.jpg\"},{\"@type\":\"BreadcrumbList\",\"@id\":\"https:\/\/profitx2.com\/sales-force\/#breadcrumb\",\"itemListElement\":[{\"@type\":\"ListItem\",\"position\":1,\"name\":\"Home\",\"item\":\"https:\/\/profitx2.com\/\"},{\"@type\":\"ListItem\",\"position\":2,\"name\":\"Boost uw sales force met digitale sales coaching\"}]},{\"@type\":\"WebSite\",\"@id\":\"https:\/\/profitx2.com\/#website\",\"url\":\"https:\/\/profitx2.com\/\",\"name\":\"Welkom bij ProfitX2\",\"description\":\"Digital Sales and Leadership Coaching\",\"potentialAction\":[{\"@type\":\"SearchAction\",\"target\":{\"@type\":\"EntryPoint\",\"urlTemplate\":\"https:\/\/profitx2.com\/?s={search_term_string}\"},\"query-input\":{\"@type\":\"PropertyValueSpecification\",\"valueRequired\":true,\"valueName\":\"search_term_string\"}}],\"inLanguage\":\"fr-BE\"}]}<\/script>\n<!-- \/ Yoast SEO plugin. -->","yoast_head_json":{"title":"Boost uw sales force met digitale sales coaching - Welkom bij ProfitX2","robots":{"index":"index","follow":"follow","max-snippet":"max-snippet:-1","max-image-preview":"max-image-preview:large","max-video-preview":"max-video-preview:-1"},"canonical":"https:\/\/profitx2.com\/fr\/sales-force\/","og_locale":"fr_FR","og_type":"article","og_title":"Boost uw sales force met digitale sales coaching - Welkom bij ProfitX2","og_description":"Boost uw sales force met digitale coaching Enkele Modules binnen ons gamma van Digitale Sales Coaching Modules: De voorbije jaren zijn er vele onderzoeken geweest naar het effect van de digitalisering in de bedrijfswereld en erg specifieke onderzoeken, naar het effect van het digitaal opleiden van Salesteams binnen bedrijven, zoals het onderzoek uitgevoerd door eLearning&hellip;","og_url":"https:\/\/profitx2.com\/fr\/sales-force\/","og_site_name":"Welkom bij ProfitX2","article_modified_time":"2024-06-17T13:24:20+00:00","og_image":[{"url":"http:\/\/profitx2.com\/wp-content\/uploads\/2021\/09\/CM.jpg","type":"","width":"","height":""}],"twitter_card":"summary_large_image","twitter_misc":{"Dur\u00e9e de lecture est.":"3 minutes"},"schema":{"@context":"https:\/\/schema.org","@graph":[{"@type":"WebPage","@id":"https:\/\/profitx2.com\/sales-force\/","url":"https:\/\/profitx2.com\/sales-force\/","name":"Boost uw sales force met digitale sales coaching - Welkom bij ProfitX2","isPartOf":{"@id":"https:\/\/profitx2.com\/#website"},"primaryImageOfPage":{"@id":"https:\/\/profitx2.com\/sales-force\/#primaryimage"},"image":{"@id":"https:\/\/profitx2.com\/sales-force\/#primaryimage"},"thumbnailUrl":"http:\/\/profitx2.com\/wp-content\/uploads\/2021\/09\/CM.jpg","datePublished":"2021-09-08T16:02:26+00:00","dateModified":"2024-06-17T13:24:20+00:00","breadcrumb":{"@id":"https:\/\/profitx2.com\/sales-force\/#breadcrumb"},"inLanguage":"fr-BE","potentialAction":[{"@type":"ReadAction","target":["https:\/\/profitx2.com\/sales-force\/"]}]},{"@type":"ImageObject","inLanguage":"fr-BE","@id":"https:\/\/profitx2.com\/sales-force\/#primaryimage","url":"http:\/\/profitx2.com\/wp-content\/uploads\/2021\/09\/CM.jpg","contentUrl":"http:\/\/profitx2.com\/wp-content\/uploads\/2021\/09\/CM.jpg"},{"@type":"BreadcrumbList","@id":"https:\/\/profitx2.com\/sales-force\/#breadcrumb","itemListElement":[{"@type":"ListItem","position":1,"name":"Home","item":"https:\/\/profitx2.com\/"},{"@type":"ListItem","position":2,"name":"Boost uw sales force met digitale sales coaching"}]},{"@type":"WebSite","@id":"https:\/\/profitx2.com\/#website","url":"https:\/\/profitx2.com\/","name":"Welkom bij ProfitX2","description":"Digital Sales and Leadership Coaching","potentialAction":[{"@type":"SearchAction","target":{"@type":"EntryPoint","urlTemplate":"https:\/\/profitx2.com\/?s={search_term_string}"},"query-input":{"@type":"PropertyValueSpecification","valueRequired":true,"valueName":"search_term_string"}}],"inLanguage":"fr-BE"}]}},"_links":{"self":[{"href":"https:\/\/profitx2.com\/fr\/wp-json\/wp\/v2\/pages\/298","targetHints":{"allow":["GET"]}}],"collection":[{"href":"https:\/\/profitx2.com\/fr\/wp-json\/wp\/v2\/pages"}],"about":[{"href":"https:\/\/profitx2.com\/fr\/wp-json\/wp\/v2\/types\/page"}],"author":[{"embeddable":true,"href":"https:\/\/profitx2.com\/fr\/wp-json\/wp\/v2\/users\/1"}],"replies":[{"embeddable":true,"href":"https:\/\/profitx2.com\/fr\/wp-json\/wp\/v2\/comments?post=298"}],"version-history":[{"count":0,"href":"https:\/\/profitx2.com\/fr\/wp-json\/wp\/v2\/pages\/298\/revisions"}],"wp:attachment":[{"href":"https:\/\/profitx2.com\/fr\/wp-json\/wp\/v2\/media?parent=298"}],"curies":[{"name":"wp","href":"https:\/\/api.w.org\/{rel}","templated":true}]}}