{"id":266,"date":"2021-08-11T14:37:18","date_gmt":"2021-08-11T14:37:18","guid":{"rendered":"https:\/\/mooof.be\/profitx2\/?page_id=266"},"modified":"2021-10-20T08:26:23","modified_gmt":"2021-10-20T08:26:23","slug":"over-profit-x2","status":"publish","type":"page","link":"https:\/\/profitx2.com\/fr\/over-profit-x2\/","title":{"rendered":"\u00c0 propos de ProfitX2"},"content":{"rendered":"<h1><strong>Formation de vente multilingue en format vid\u00e9o<\/strong><\/h1>\n\t<p>La cr\u00e9ation de <strong>ProfitX2<\/strong> est l'\u00e9volution naturelle, via les cours de formation en vente et en leadership du <strong>coach d'entreprise Chris Cotteleer<\/strong>, vers le filmage de ce contenu de formation.<\/p>\n<p>Chris est un coach d'entreprise qui donne <strong>depuis plus de 30 ans des formations internationales<\/strong> verzorgt rond de thema&#8217;s Communicatie, Verkoop &amp; Leadership. Deze opleidingen drijven de resultaten van KMO-ondernemers naar ongekende hoogte.<\/p>\n<p>&nbsp;<\/p>\n<p>Coachingsprogramma&#8217;s worden samengesteld vanuit een modulair systeem met een keuze uit <strong>dizaines de modules\u00a0<\/strong>als Afsluittechnieken, Objectiebehandeling, Lichaamstaal Lezen, Lichaamstaal Spreken, Psycho Selling, PreSales, Pitchen met ROI, en vele andere.\u00a0 Het zal voor elke ondernemer duidelijk zijn dat &#8216;meer klanten overtuigen&#8217; (= beter verkopen), <strong>un \u00e9norme impact <\/strong>sur les<strong> r\u00e9sultats de l'entreprise<\/strong> en g\u00e9n\u00e9ral et sur les <strong>efforts de marketing<\/strong> en particulier. C'est pourquoi ces <strong>cours de formation de vente<\/strong> sont un \u00e9l\u00e9ment important de l'offre de ProfitX2.<\/p>\n\t\t<h2>\u00c9NONC\u00c9 DE MISSION DE PROFITX2<\/h2>\t\t\n\t\t\t<p>Pour <strong>les entreprises et les marques qui visent \u00e0 am\u00e9liorer leur rentabilit\u00e9 et leur visibilit\u00e9,<\/strong> nous proposons <strong>des formations vid\u00e9o multilingues tr\u00e8s efficaces en mati\u00e8re de communication commerciale et de leadership,<\/strong> adapt\u00e9es \u00e0 votre activit\u00e9 et pouvant \u00eatre d\u00e9ploy\u00e9es rapidement et efficacement dans le monde entier dans un environnement d'apprentissage personnalis\u00e9.<\/p>\n<p>De cette mani\u00e8re, nos clients obtiennent <strong>un rendement maximal avec un investissement minimal<\/strong> et nos offres de formation peuvent se d\u00e9velopper en permanence pour cr\u00e9er une valeur de plus en plus mesurable.<\/p>\n\t<p>&nbsp;<\/p>\n<p>Aux <strong>entreprises qui veulent travailler de mani\u00e8re moderne et orient\u00e9e vers l'avenir<\/strong>, ProfitX2 veut offrir la possibilit\u00e9 d'acqu\u00e9rir toutes ces formes de connaissances et de formations n\u00e9cessaires dans un format vid\u00e9o num\u00e9rique, un format qui sera accept\u00e9 avec reconnaissance par les nouvelles g\u00e9n\u00e9rations d'employ\u00e9s. De plus, ProfitX2 veut offrir ce <strong>contenu dans de nombreuses langues,<\/strong> aanbieden opdat zoveel mogelijk medewerkers, wereldwijd, deze opleidingen kunnen volgen in de taal van hun voorkeur.\u00a0 Dat is het idee van &#8216;<strong>formation commerciale multilingue en format vid\u00e9o,<\/strong>&#8216; de core-business van ons bedrijf <strong>ProfitX2<\/strong>.<\/p>\n<p>&nbsp;<\/p>\n<p>En utilisant ces <strong>connaissances num\u00e9ris\u00e9es de ProfitX2,<\/strong> gebruik te maken zullen bedrijven snel en makkelijk, de noodzakelijke kennis om succesvol te zijn, ter beschikking kunnen stellen van hun bestaande en nieuwe medewerkers (veel snellere onboarding-trajecten), hun klanten of hun netwerk van verdelers. Via een professionele en digitale Sales-ondersteuning kan elk bedrijf of Merk nu landen en regio&#8217;s veroveren aan een tempo dat anders ondenkbaar zou zijn.<\/p>\n<p>&nbsp;<\/p>\n<p>Het &#8216;hogere doel&#8217; van ProfitX2, is <strong>l'am\u00e9lioration de la rentabilit\u00e9<\/strong> van bedrijven.\u00a0 Het &#8216;middel&#8217; om dit te bereiken, is het aanbieden van <strong>cours de formation num\u00e9rique multilingue dans le domaine de la vente<\/strong>. D'o\u00f9 notre slogan :<\/p>\n\t\t\t\t<img loading=\"lazy\" decoding=\"async\" src=\"http:\/\/profitx2.com\/wp-content\/uploads\/2021\/09\/Knowledge_results.png\" alt=\"Knowledge_results\" itemprop=\"image\" height=\"285\" width=\"559\" title=\"Knowledge_results\" onerror=\"this.style.display='none'\"  \/>\n\t\t\t\t<img loading=\"lazy\" decoding=\"async\" src=\"http:\/\/profitx2.com\/wp-content\/uploads\/2021\/06\/Vlieger-872x1024.png\" alt=\"Vlieger\" itemprop=\"image\" height=\"1024\" width=\"872\" title=\"Vlieger\" onerror=\"this.style.display='none'\"  \/>","protected":false},"excerpt":{"rendered":"<p>Multilanguage Sales Education in Movie format Het ontstaan van ProfitX2 is de natuurlijke evolutie via de Sales- en Leadership-opleidingen van bedrijfscoach Chris Cotteleer, naar het verfilmen van deze opleidingscontent. Chris is een bedrijfscoach die al meer dan 30 jaar internationaal opleidingen verzorgt rond de thema&#8217;s Communicatie, Verkoop &amp; Leadership. Deze opleidingen drijven de resultaten van&hellip;<\/p>","protected":false},"author":1,"featured_media":0,"parent":0,"menu_order":0,"comment_status":"closed","ping_status":"closed","template":"","meta":{"_seopress_robots_primary_cat":"","_seopress_titles_title":"","_seopress_titles_desc":"","_seopress_robots_index":"","footnotes":""},"class_list":["post-266","page","type-page","status-publish","hentry"],"yoast_head":"<!-- This site is optimized with the Yoast SEO plugin v26.3 - https:\/\/yoast.com\/wordpress\/plugins\/seo\/ -->\n<title>Over ProfitX2 - Welkom bij ProfitX2<\/title>\n<meta name=\"robots\" content=\"index, follow, max-snippet:-1, max-image-preview:large, max-video-preview:-1\" \/>\n<link rel=\"canonical\" href=\"https:\/\/profitx2.com\/fr\/over-profit-x2\/\" \/>\n<meta property=\"og:locale\" content=\"fr_FR\" \/>\n<meta property=\"og:type\" content=\"article\" \/>\n<meta property=\"og:title\" content=\"Over ProfitX2 - Welkom bij ProfitX2\" \/>\n<meta property=\"og:description\" content=\"Multilanguage Sales Education in Movie format Het ontstaan van ProfitX2 is de natuurlijke evolutie via de Sales- en Leadership-opleidingen van bedrijfscoach Chris Cotteleer, naar het verfilmen van deze opleidingscontent. Chris is een bedrijfscoach die al meer dan 30 jaar internationaal opleidingen verzorgt rond de thema&#8217;s Communicatie, Verkoop &amp; Leadership. Deze opleidingen drijven de resultaten van&hellip;\" \/>\n<meta property=\"og:url\" content=\"https:\/\/profitx2.com\/fr\/over-profit-x2\/\" \/>\n<meta property=\"og:site_name\" content=\"Welkom bij ProfitX2\" \/>\n<meta property=\"article:modified_time\" content=\"2021-10-20T08:26:23+00:00\" \/>\n<meta property=\"og:image\" content=\"http:\/\/profitx2.com\/wp-content\/uploads\/2021\/09\/Knowledge_results.png\" \/>\n<meta name=\"twitter:card\" content=\"summary_large_image\" \/>\n<meta name=\"twitter:label1\" content=\"Dur\u00e9e de lecture est.\" \/>\n\t<meta name=\"twitter:data1\" content=\"2 minutes\" \/>\n<script type=\"application\/ld+json\" class=\"yoast-schema-graph\">{\"@context\":\"https:\/\/schema.org\",\"@graph\":[{\"@type\":\"WebPage\",\"@id\":\"https:\/\/profitx2.com\/over-profit-x2\/\",\"url\":\"https:\/\/profitx2.com\/over-profit-x2\/\",\"name\":\"Over ProfitX2 - Welkom bij ProfitX2\",\"isPartOf\":{\"@id\":\"https:\/\/profitx2.com\/#website\"},\"primaryImageOfPage\":{\"@id\":\"https:\/\/profitx2.com\/over-profit-x2\/#primaryimage\"},\"image\":{\"@id\":\"https:\/\/profitx2.com\/over-profit-x2\/#primaryimage\"},\"thumbnailUrl\":\"http:\/\/profitx2.com\/wp-content\/uploads\/2021\/09\/Knowledge_results.png\",\"datePublished\":\"2021-08-11T14:37:18+00:00\",\"dateModified\":\"2021-10-20T08:26:23+00:00\",\"breadcrumb\":{\"@id\":\"https:\/\/profitx2.com\/over-profit-x2\/#breadcrumb\"},\"inLanguage\":\"fr-BE\",\"potentialAction\":[{\"@type\":\"ReadAction\",\"target\":[\"https:\/\/profitx2.com\/over-profit-x2\/\"]}]},{\"@type\":\"ImageObject\",\"inLanguage\":\"fr-BE\",\"@id\":\"https:\/\/profitx2.com\/over-profit-x2\/#primaryimage\",\"url\":\"http:\/\/profitx2.com\/wp-content\/uploads\/2021\/09\/Knowledge_results.png\",\"contentUrl\":\"http:\/\/profitx2.com\/wp-content\/uploads\/2021\/09\/Knowledge_results.png\"},{\"@type\":\"BreadcrumbList\",\"@id\":\"https:\/\/profitx2.com\/over-profit-x2\/#breadcrumb\",\"itemListElement\":[{\"@type\":\"ListItem\",\"position\":1,\"name\":\"Home\",\"item\":\"https:\/\/profitx2.com\/\"},{\"@type\":\"ListItem\",\"position\":2,\"name\":\"Over ProfitX2\"}]},{\"@type\":\"WebSite\",\"@id\":\"https:\/\/profitx2.com\/#website\",\"url\":\"https:\/\/profitx2.com\/\",\"name\":\"Welkom bij ProfitX2\",\"description\":\"Digital Sales and Leadership Coaching\",\"potentialAction\":[{\"@type\":\"SearchAction\",\"target\":{\"@type\":\"EntryPoint\",\"urlTemplate\":\"https:\/\/profitx2.com\/?s={search_term_string}\"},\"query-input\":{\"@type\":\"PropertyValueSpecification\",\"valueRequired\":true,\"valueName\":\"search_term_string\"}}],\"inLanguage\":\"fr-BE\"}]}<\/script>\n<!-- \/ Yoast SEO plugin. -->","yoast_head_json":{"title":"Over ProfitX2 - Welkom bij ProfitX2","robots":{"index":"index","follow":"follow","max-snippet":"max-snippet:-1","max-image-preview":"max-image-preview:large","max-video-preview":"max-video-preview:-1"},"canonical":"https:\/\/profitx2.com\/fr\/over-profit-x2\/","og_locale":"fr_FR","og_type":"article","og_title":"Over ProfitX2 - Welkom bij ProfitX2","og_description":"Multilanguage Sales Education in Movie format Het ontstaan van ProfitX2 is de natuurlijke evolutie via de Sales- en Leadership-opleidingen van bedrijfscoach Chris Cotteleer, naar het verfilmen van deze opleidingscontent. Chris is een bedrijfscoach die al meer dan 30 jaar internationaal opleidingen verzorgt rond de thema&#8217;s Communicatie, Verkoop &amp; Leadership. Deze opleidingen drijven de resultaten van&hellip;","og_url":"https:\/\/profitx2.com\/fr\/over-profit-x2\/","og_site_name":"Welkom bij ProfitX2","article_modified_time":"2021-10-20T08:26:23+00:00","og_image":[{"url":"http:\/\/profitx2.com\/wp-content\/uploads\/2021\/09\/Knowledge_results.png","type":"","width":"","height":""}],"twitter_card":"summary_large_image","twitter_misc":{"Dur\u00e9e de lecture est.":"2 minutes"},"schema":{"@context":"https:\/\/schema.org","@graph":[{"@type":"WebPage","@id":"https:\/\/profitx2.com\/over-profit-x2\/","url":"https:\/\/profitx2.com\/over-profit-x2\/","name":"Over ProfitX2 - Welkom bij ProfitX2","isPartOf":{"@id":"https:\/\/profitx2.com\/#website"},"primaryImageOfPage":{"@id":"https:\/\/profitx2.com\/over-profit-x2\/#primaryimage"},"image":{"@id":"https:\/\/profitx2.com\/over-profit-x2\/#primaryimage"},"thumbnailUrl":"http:\/\/profitx2.com\/wp-content\/uploads\/2021\/09\/Knowledge_results.png","datePublished":"2021-08-11T14:37:18+00:00","dateModified":"2021-10-20T08:26:23+00:00","breadcrumb":{"@id":"https:\/\/profitx2.com\/over-profit-x2\/#breadcrumb"},"inLanguage":"fr-BE","potentialAction":[{"@type":"ReadAction","target":["https:\/\/profitx2.com\/over-profit-x2\/"]}]},{"@type":"ImageObject","inLanguage":"fr-BE","@id":"https:\/\/profitx2.com\/over-profit-x2\/#primaryimage","url":"http:\/\/profitx2.com\/wp-content\/uploads\/2021\/09\/Knowledge_results.png","contentUrl":"http:\/\/profitx2.com\/wp-content\/uploads\/2021\/09\/Knowledge_results.png"},{"@type":"BreadcrumbList","@id":"https:\/\/profitx2.com\/over-profit-x2\/#breadcrumb","itemListElement":[{"@type":"ListItem","position":1,"name":"Home","item":"https:\/\/profitx2.com\/"},{"@type":"ListItem","position":2,"name":"Over ProfitX2"}]},{"@type":"WebSite","@id":"https:\/\/profitx2.com\/#website","url":"https:\/\/profitx2.com\/","name":"Welkom bij ProfitX2","description":"Digital Sales and Leadership Coaching","potentialAction":[{"@type":"SearchAction","target":{"@type":"EntryPoint","urlTemplate":"https:\/\/profitx2.com\/?s={search_term_string}"},"query-input":{"@type":"PropertyValueSpecification","valueRequired":true,"valueName":"search_term_string"}}],"inLanguage":"fr-BE"}]}},"_links":{"self":[{"href":"https:\/\/profitx2.com\/fr\/wp-json\/wp\/v2\/pages\/266","targetHints":{"allow":["GET"]}}],"collection":[{"href":"https:\/\/profitx2.com\/fr\/wp-json\/wp\/v2\/pages"}],"about":[{"href":"https:\/\/profitx2.com\/fr\/wp-json\/wp\/v2\/types\/page"}],"author":[{"embeddable":true,"href":"https:\/\/profitx2.com\/fr\/wp-json\/wp\/v2\/users\/1"}],"replies":[{"embeddable":true,"href":"https:\/\/profitx2.com\/fr\/wp-json\/wp\/v2\/comments?post=266"}],"version-history":[{"count":0,"href":"https:\/\/profitx2.com\/fr\/wp-json\/wp\/v2\/pages\/266\/revisions"}],"wp:attachment":[{"href":"https:\/\/profitx2.com\/fr\/wp-json\/wp\/v2\/media?parent=266"}],"curies":[{"name":"wp","href":"https:\/\/api.w.org\/{rel}","templated":true}]}}