{"id":174,"date":"2021-07-08T07:30:49","date_gmt":"2021-07-08T07:30:49","guid":{"rendered":"https:\/\/mooof.be\/profitx2\/?page_id=174"},"modified":"2024-07-23T08:39:03","modified_gmt":"2024-07-23T08:39:03","slug":"b2c-sales-programma","status":"publish","type":"page","link":"https:\/\/profitx2.com\/fr\/b2c-sales-programma\/","title":{"rendered":"Programmes de vente B2C"},"content":{"rendered":"<h1>b2c sales programma&#8217;s<\/h1>\n\t<h1>coaching de vente b2c<\/h1>\n\t<p><strong>Er zijn 5 BASIS-Programma&#8217;s in B2C Sales Coaching<\/strong>\u00a0waarvan u hieronder een kort overzicht kan vinden. Door te klikken op de &#8216;meer info&#8217; link van een programma, komt u op de pagina met de volledige omschrijving. Prijzen zijn in functie van het aantal gebruikers per bedrijf, aarzel niet ons te contacteren om u hierover vrijblijvend te informeren.<\/p>\n<p>Aarzel tevens niet om ons te contacteren voor Maatwerk-programma&#8217;s, specifiek voor uw bedrijf.\u00a0 Wij beschikken over +50 Digitale Coaching Modules met onderwerpen als Time Management, Motivation 360\u00b0, Excellent Execution, en vele andere topics.<\/p>\n\t<h6><strong>Praticien en vente B2C<\/strong> (2 Modules)<\/h6>\n<ul>\n<li>Techniques de cl\u00f4ture<\/li>\n<li>Traitement d'objections<\/li>\n<\/ul>\n\t\t\t<a href=\"http:\/\/profitx2.com\/fr\/practitioner-opleiding-in-b2c-sales\/\" target=\"_self\" rel=\"noopener\">\n\t\t\t\t\t\tplus d'informations sur ce programme\n\t\t\t\t\t<\/a>\n\t<h6><strong>Expert en ventes B2C<\/strong> (6 Modules)<\/h6>\n<ul>\n<li>Techniques de cl\u00f4ture<\/li>\n<li>Traitement d'objections<\/li>\n<li>Parler le langage corporel<\/li>\n<li>PreSales<\/li>\n<li>Lire le langage corporel<\/li>\n<li>Psycho Selling<\/li>\n<\/ul>\n\t\t\t<a href=\"\/fr\/expert-opleiding-in-b2c-sales\/\" target=\"_self\" rel=\"noopener\">\n\t\t\t\t\t\tplus d'informations sur ce programme\n\t\t\t\t\t<\/a>\n\t<h6><strong>Formation en vente B2C \"All-Star\" <\/strong>(9 Modules)<\/h6>\n<ul>\n<li>Motivation 360\u00b0<\/li>\n<li>Techniques de cl\u00f4ture<\/li>\n<li>Traitement d'objections<\/li>\n<li>Parler le langage corporel<\/li>\n<li>Le Salesgame<\/li>\n<li>PreSales<\/li>\n<li>Lire le langage corporel<\/li>\n<li>Psycho Selling<\/li>\n<li>Time Management<\/li>\n<\/ul>\n\t\t\t<a href=\"\/fr\/all-star-opleiding-in-b2c-sales\/\" target=\"_self\" rel=\"noopener\">\n\t\t\t\t\t\tplus d'informations sur ce programme\n\t\t\t\t\t<\/a>\n\t<h6><img loading=\"lazy\" decoding=\"async\" src=\"http:\/\/profitx2.com\/wp-content\/uploads\/2021\/07\/bestseller-300x300.png\" alt=\"\" width=\"150\" height=\"150\" \/><\/h6>\n<h6><strong>Ma\u00eetre praticien en vente B2C<\/strong> (4 Modules)<\/h6>\n<ul>\n<li>Techniques de cl\u00f4ture<\/li>\n<li>Traitement d'objections<\/li>\n<li>Parler le langage corporel<\/li>\n<li>PreSales<\/li>\n<\/ul>\n\t\t\t<a href=\"\/fr\/master-practitioner-opleiding-in-b2c-sales\/\" target=\"_self\" rel=\"noopener\">\n\t\t\t\t\t\tplus d'informations sur ce programme\n\t\t\t\t\t<\/a>\n\t<h6><strong>Formation en vente B2C \"Gladiator\" <\/strong>(4 Modules &#8211; specifiek voor Beursdeelname)<\/h6>\n<ul>\n<li>Techniques de cl\u00f4ture<\/li>\n<li>Traitement d'objections<\/li>\n<li>Parler le langage corporel<\/li>\n<li>Participation rentable aux foires<\/li>\n<\/ul>\n\t\t\t<a href=\"\/fr\/b2c-sales-gladiator-opleiding\/\" target=\"_self\" rel=\"noopener\">\n\t\t\t\t\t\tplus d'informations sur ce programme\n\t\t\t\t\t<\/a>\n\t<h1>modules de branche<\/h1>\n\t<p><strong>De Sales Coaching Modules zijn haast altijd opgebouwd vanuit 13 Hoofdstukken.\u00a0 Deze vertrekken van de Keynote-presentatie die coach Chris Cotteleer ook gebruik bij In-Company Coaching over dezelfde onderwerpen.\u00a0 Om de overgang van In-Company naar Video-Coaching te maken was het noodzakelijk om een In- en Outro te voorzien, en af en toe, om de 3 \u00e0 4 Hoofdstukken, deze wat &#8216;aan elkaar te praten&#8217;, wat wij destijds als &#8216;de Bindteksten&#8217; benoemd hebben.\u00a0<\/strong><\/p>\n<p>&nbsp;<\/p>\n<p>Bij al het bovenstaande, praten we over de basis-Modules die wij intern benoemen als &#8216;de Generieke Modules&#8217;.\u00a0 Binnen de B2C (High Price Retail) Modules, zijn er een aantal modules die in aanmerking komen voor &#8216;branchering&#8217;, of dus, voor het &#8216;vertalen&#8217; van de content, naar specifieke sectoren of branches.<\/p>\n<p>&nbsp;<\/p>\n<p>Door dus, bij elke Module die hiervoor in aanmerking komt, de 5 Bindteksten te gebruiken om de materie te duiden voor een specifieke sector of Branche, hebben we telkens een ganse Module als het ware kunnen &#8216;ombouwen&#8217;.\u00a0 In elke &#8216;gebrancheerde&#8217; Module zijn dus telkens 5 specifieke Movies die de content van de Module als het ware &#8216;vertalen&#8217; naar de Branche, met concrete voorbeelden en het juiste vakjargon, uit die specifieke Branche.\u00a0 Hiervoor is telkens samen gewerkt met branche-specialisten met een decennialange ervaring in die branche.<\/p>\n<p>&nbsp;<\/p>\n<p>Dit is niet voor elke Module van toepassing en nodig.\u00a0 Bijvoorbeeld Modules als Lichaamstaal, of de Modules over Motivatie of Time Management, hebben geen extra voordeel van een &#8216;branchering&#8217;.\u00a0\u00a0 Maar een aantal Modules hebben daar zeker WEL veel voordeel bij, zoals bijvoorbeeld de Modules:<\/p>\n<p>&nbsp;<\/p>\n<ul>\n<li>Techniques de cl\u00f4ture (concr\u00e9tisation de la commande)<\/li>\n<li>Objectiebehandeling (omgaan met &#8216;aarzelingen&#8217; van klanten)<\/li>\n<li>PreSales (alles wat je doet opdat je het &#8216;recht&#8217; zou hebben om af te sluiten)<\/li>\n<li>Psycho Selling (La psychologie de l'achat, des bonnes affaires et du vendeur lui-m\u00eame)<\/li>\n<li>Le Salesgame (le jeu pour s'entra\u00eener \u00e0 cl\u00f4turer et \u00e0 traiter les objections)<\/li>\n<\/ul>\n\t<h1>Een &#8216;speciale Module&#8217; in deze reeks van 5 is de laatste Module &#8216;The Salesgame&#8217;.<\/h1>\n<p><strong>In deze Module zijn er 4 momenten dat er een demo van de verkoop-technieken gegeven wordt in de vorm van een rollenspel.\u00a0 Het was meteen duidelijk dat de meerwaarde van een gebrancheerde versie zou zitten in het opnieuw opnemen van deze rollenspelen, telkens per branche, met de voorbeelden, offertes, vakjargon en prijzen die specifiek zijn voor deze branches.\u00a0 In deze module is de branchering dus een mix van de nog steeds vrij korte In- en Outro, en verbindingsteksten, met 4 volledig &#8216;gebrancheerde&#8217; rollenspelen.<\/strong><\/p>\n<p>&nbsp;<\/p>\n<p>Il est clair que le fait de clarifier la mati\u00e8re dans ces modules \u00e0 l'aide d'exemples du secteur apporte ABSOLUMENT une importante valeur ajout\u00e9e aux utilisateurs de ce secteur.<\/p>\n\t\t\t\t<img decoding=\"async\" src=\"http:\/\/profitx2.com\/wp-content\/uploads\/2021\/09\/image.png\" alt=\"image\" itemprop=\"image\" title=\"image\" onerror=\"this.style.display='none'\"  \/>\n\t<h2>Les branches pour lesquelles nous effectuons actuellement la traduction sont les suivantes :<\/h2>\n\t\t\t\t<img decoding=\"async\" src=\"http:\/\/profitx2.com\/wp-content\/uploads\/2021\/09\/keukens.png\" alt=\"keukens\" itemprop=\"image\" title=\"keukens\" onerror=\"this.style.display='none'\"  \/>\n\t\t\t\t<img decoding=\"async\" src=\"http:\/\/profitx2.com\/wp-content\/uploads\/2021\/09\/slaapcomfort.png\" alt=\"slaapcomfort\" itemprop=\"image\" title=\"slaapcomfort\" onerror=\"this.style.display='none'\"  \/>\n\t\t\t\t<img decoding=\"async\" src=\"http:\/\/profitx2.com\/wp-content\/uploads\/2021\/09\/vastgoed.png\" alt=\"vastgoed\" itemprop=\"image\" title=\"vastgoed\" onerror=\"this.style.display='none'\"  \/>\n\t\t\t\t<img decoding=\"async\" src=\"http:\/\/profitx2.com\/wp-content\/uploads\/2021\/09\/autos.png\" alt=\"auto's\" itemprop=\"image\" title=\"auto's\" onerror=\"this.style.display='none'\"  \/>\n\t\t\t\t<img decoding=\"async\" src=\"http:\/\/profitx2.com\/wp-content\/uploads\/2021\/09\/meubels.png\" alt=\"meubels\" itemprop=\"image\" title=\"meubels\" onerror=\"this.style.display='none'\"  \/>\n\t<h3>Wij spreken graag met u af om de verschillende Digitale b2C Coaching Programma&#8217;s persoonlijk toe te lichten<\/h3>","protected":false},"excerpt":{"rendered":"<p>b2c sales programma&#8217;s b2c Sales Coaching Er zijn 5 BASIS-Programma&#8217;s in B2C Sales Coaching\u00a0waarvan u hieronder een kort overzicht kan vinden. Door te klikken op de &#8216;meer info&#8217; link van een programma, komt u op de pagina met de volledige omschrijving. Prijzen zijn in functie van het aantal gebruikers per bedrijf, aarzel niet ons te&hellip;<\/p>","protected":false},"author":1,"featured_media":0,"parent":0,"menu_order":0,"comment_status":"closed","ping_status":"closed","template":"","meta":{"_seopress_robots_primary_cat":"","_seopress_titles_title":"","_seopress_titles_desc":"","_seopress_robots_index":"","footnotes":""},"class_list":["post-174","page","type-page","status-publish","hentry"],"yoast_head":"<!-- This site is optimized with the Yoast SEO plugin v26.3 - https:\/\/yoast.com\/wordpress\/plugins\/seo\/ -->\n<title>B2C sales programma - Welkom bij ProfitX2<\/title>\n<meta name=\"robots\" content=\"index, follow, max-snippet:-1, max-image-preview:large, max-video-preview:-1\" \/>\n<link rel=\"canonical\" href=\"https:\/\/profitx2.com\/fr\/b2c-sales-programma\/\" \/>\n<meta property=\"og:locale\" content=\"fr_FR\" \/>\n<meta property=\"og:type\" content=\"article\" \/>\n<meta property=\"og:title\" content=\"B2C sales programma - Welkom bij ProfitX2\" \/>\n<meta property=\"og:description\" content=\"b2c sales programma&#8217;s b2c Sales Coaching Er zijn 5 BASIS-Programma&#8217;s in B2C Sales Coaching\u00a0waarvan u hieronder een kort overzicht kan vinden. Door te klikken op de &#8216;meer info&#8217; link van een programma, komt u op de pagina met de volledige omschrijving. Prijzen zijn in functie van het aantal gebruikers per bedrijf, aarzel niet ons te&hellip;\" \/>\n<meta property=\"og:url\" content=\"https:\/\/profitx2.com\/fr\/b2c-sales-programma\/\" \/>\n<meta property=\"og:site_name\" content=\"Welkom bij ProfitX2\" \/>\n<meta property=\"article:modified_time\" content=\"2024-07-23T08:39:03+00:00\" \/>\n<meta property=\"og:image\" content=\"http:\/\/profitx2.com\/wp-content\/uploads\/2021\/07\/bestseller-300x300.png\" \/>\n<meta name=\"twitter:card\" content=\"summary_large_image\" \/>\n<meta name=\"twitter:label1\" content=\"Dur\u00e9e de lecture est.\" \/>\n\t<meta name=\"twitter:data1\" content=\"3 minutes\" \/>\n<script type=\"application\/ld+json\" class=\"yoast-schema-graph\">{\"@context\":\"https:\/\/schema.org\",\"@graph\":[{\"@type\":\"WebPage\",\"@id\":\"https:\/\/profitx2.com\/b2c-sales-programma\/\",\"url\":\"https:\/\/profitx2.com\/b2c-sales-programma\/\",\"name\":\"B2C sales programma - Welkom bij ProfitX2\",\"isPartOf\":{\"@id\":\"https:\/\/profitx2.com\/#website\"},\"primaryImageOfPage\":{\"@id\":\"https:\/\/profitx2.com\/b2c-sales-programma\/#primaryimage\"},\"image\":{\"@id\":\"https:\/\/profitx2.com\/b2c-sales-programma\/#primaryimage\"},\"thumbnailUrl\":\"http:\/\/profitx2.com\/wp-content\/uploads\/2021\/07\/bestseller-300x300.png\",\"datePublished\":\"2021-07-08T07:30:49+00:00\",\"dateModified\":\"2024-07-23T08:39:03+00:00\",\"breadcrumb\":{\"@id\":\"https:\/\/profitx2.com\/b2c-sales-programma\/#breadcrumb\"},\"inLanguage\":\"fr-BE\",\"potentialAction\":[{\"@type\":\"ReadAction\",\"target\":[\"https:\/\/profitx2.com\/b2c-sales-programma\/\"]}]},{\"@type\":\"ImageObject\",\"inLanguage\":\"fr-BE\",\"@id\":\"https:\/\/profitx2.com\/b2c-sales-programma\/#primaryimage\",\"url\":\"http:\/\/profitx2.com\/wp-content\/uploads\/2021\/07\/bestseller-300x300.png\",\"contentUrl\":\"http:\/\/profitx2.com\/wp-content\/uploads\/2021\/07\/bestseller-300x300.png\"},{\"@type\":\"BreadcrumbList\",\"@id\":\"https:\/\/profitx2.com\/b2c-sales-programma\/#breadcrumb\",\"itemListElement\":[{\"@type\":\"ListItem\",\"position\":1,\"name\":\"Home\",\"item\":\"https:\/\/profitx2.com\/\"},{\"@type\":\"ListItem\",\"position\":2,\"name\":\"B2C sales programma\"}]},{\"@type\":\"WebSite\",\"@id\":\"https:\/\/profitx2.com\/#website\",\"url\":\"https:\/\/profitx2.com\/\",\"name\":\"Welkom bij ProfitX2\",\"description\":\"Digital Sales and Leadership Coaching\",\"potentialAction\":[{\"@type\":\"SearchAction\",\"target\":{\"@type\":\"EntryPoint\",\"urlTemplate\":\"https:\/\/profitx2.com\/?s={search_term_string}\"},\"query-input\":{\"@type\":\"PropertyValueSpecification\",\"valueRequired\":true,\"valueName\":\"search_term_string\"}}],\"inLanguage\":\"fr-BE\"}]}<\/script>\n<!-- \/ Yoast SEO plugin. -->","yoast_head_json":{"title":"B2C sales programma - Welkom bij ProfitX2","robots":{"index":"index","follow":"follow","max-snippet":"max-snippet:-1","max-image-preview":"max-image-preview:large","max-video-preview":"max-video-preview:-1"},"canonical":"https:\/\/profitx2.com\/fr\/b2c-sales-programma\/","og_locale":"fr_FR","og_type":"article","og_title":"B2C sales programma - Welkom bij ProfitX2","og_description":"b2c sales programma&#8217;s b2c Sales Coaching Er zijn 5 BASIS-Programma&#8217;s in B2C Sales Coaching\u00a0waarvan u hieronder een kort overzicht kan vinden. Door te klikken op de &#8216;meer info&#8217; link van een programma, komt u op de pagina met de volledige omschrijving. Prijzen zijn in functie van het aantal gebruikers per bedrijf, aarzel niet ons te&hellip;","og_url":"https:\/\/profitx2.com\/fr\/b2c-sales-programma\/","og_site_name":"Welkom bij ProfitX2","article_modified_time":"2024-07-23T08:39:03+00:00","og_image":[{"url":"http:\/\/profitx2.com\/wp-content\/uploads\/2021\/07\/bestseller-300x300.png","type":"","width":"","height":""}],"twitter_card":"summary_large_image","twitter_misc":{"Dur\u00e9e de lecture est.":"3 minutes"},"schema":{"@context":"https:\/\/schema.org","@graph":[{"@type":"WebPage","@id":"https:\/\/profitx2.com\/b2c-sales-programma\/","url":"https:\/\/profitx2.com\/b2c-sales-programma\/","name":"B2C sales programma - Welkom bij ProfitX2","isPartOf":{"@id":"https:\/\/profitx2.com\/#website"},"primaryImageOfPage":{"@id":"https:\/\/profitx2.com\/b2c-sales-programma\/#primaryimage"},"image":{"@id":"https:\/\/profitx2.com\/b2c-sales-programma\/#primaryimage"},"thumbnailUrl":"http:\/\/profitx2.com\/wp-content\/uploads\/2021\/07\/bestseller-300x300.png","datePublished":"2021-07-08T07:30:49+00:00","dateModified":"2024-07-23T08:39:03+00:00","breadcrumb":{"@id":"https:\/\/profitx2.com\/b2c-sales-programma\/#breadcrumb"},"inLanguage":"fr-BE","potentialAction":[{"@type":"ReadAction","target":["https:\/\/profitx2.com\/b2c-sales-programma\/"]}]},{"@type":"ImageObject","inLanguage":"fr-BE","@id":"https:\/\/profitx2.com\/b2c-sales-programma\/#primaryimage","url":"http:\/\/profitx2.com\/wp-content\/uploads\/2021\/07\/bestseller-300x300.png","contentUrl":"http:\/\/profitx2.com\/wp-content\/uploads\/2021\/07\/bestseller-300x300.png"},{"@type":"BreadcrumbList","@id":"https:\/\/profitx2.com\/b2c-sales-programma\/#breadcrumb","itemListElement":[{"@type":"ListItem","position":1,"name":"Home","item":"https:\/\/profitx2.com\/"},{"@type":"ListItem","position":2,"name":"B2C sales programma"}]},{"@type":"WebSite","@id":"https:\/\/profitx2.com\/#website","url":"https:\/\/profitx2.com\/","name":"Welkom bij ProfitX2","description":"Digital Sales and Leadership Coaching","potentialAction":[{"@type":"SearchAction","target":{"@type":"EntryPoint","urlTemplate":"https:\/\/profitx2.com\/?s={search_term_string}"},"query-input":{"@type":"PropertyValueSpecification","valueRequired":true,"valueName":"search_term_string"}}],"inLanguage":"fr-BE"}]}},"_links":{"self":[{"href":"https:\/\/profitx2.com\/fr\/wp-json\/wp\/v2\/pages\/174","targetHints":{"allow":["GET"]}}],"collection":[{"href":"https:\/\/profitx2.com\/fr\/wp-json\/wp\/v2\/pages"}],"about":[{"href":"https:\/\/profitx2.com\/fr\/wp-json\/wp\/v2\/types\/page"}],"author":[{"embeddable":true,"href":"https:\/\/profitx2.com\/fr\/wp-json\/wp\/v2\/users\/1"}],"replies":[{"embeddable":true,"href":"https:\/\/profitx2.com\/fr\/wp-json\/wp\/v2\/comments?post=174"}],"version-history":[{"count":0,"href":"https:\/\/profitx2.com\/fr\/wp-json\/wp\/v2\/pages\/174\/revisions"}],"wp:attachment":[{"href":"https:\/\/profitx2.com\/fr\/wp-json\/wp\/v2\/media?parent=174"}],"curies":[{"name":"wp","href":"https:\/\/api.w.org\/{rel}","templated":true}]}}