{"id":16,"date":"2021-06-30T16:17:10","date_gmt":"2021-06-30T16:17:10","guid":{"rendered":"https:\/\/mooof.be\/profitx2\/?page_id=16"},"modified":"2024-06-17T13:18:20","modified_gmt":"2024-06-17T13:18:20","slug":"profitx2-digital-sales-coaching","status":"publish","type":"page","link":"https:\/\/profitx2.com\/fr\/","title":{"rendered":"Page d'accueil"},"content":{"rendered":"<img decoding=\"async\" src=\"http:\/\/profitx2.com\/wp-content\/uploads\/2021\/09\/Knowledge_results.png\" alt=\"Knowledge_results\" itemprop=\"image\" title=\"Knowledge_results\" onerror=\"this.style.display='none'\"  \/>\n\t\t\t\t<img decoding=\"async\" src=\"http:\/\/profitx2.com\/wp-content\/uploads\/2021\/06\/Vlieger-872x1024.png\" alt=\"Vlieger\" itemprop=\"image\" title=\"Vlieger\" onerror=\"this.style.display='none'\"  \/>\n<h1>\n\t\tVotre entreprise ou votre marque reconna\u00eet-elle ces d\u00e9fis\u00a0? \n\t<\/h1>\n\t<ul>\n<li><strong><\/strong><strong>Il est difficile de rassembler les gens pour des formations<\/strong><\/li>\n<li><strong>Les formations classiques sont ch\u00e8res<\/strong> et g\u00e9n\u00e8rent <strong>des salles d'exposition vides<\/strong><\/li>\n<li>A cause d'une <strong>surcharge d'informations,<\/strong> peu de <strong>connaissances sont g\u00e9n\u00e9ralement retenues<\/strong><\/li>\n<\/ul>\n\t<ul>\n<li>Il y a encore toujours trop de <strong>clients potentiels qui ach\u00e8tent ailleurs<\/strong><\/li>\n<li>Dans les formations, il n'y a <strong><\/strong><strong>pas de retour d'information direct ou indirect<\/strong><\/li>\n<li>Pour les MARQUES, il est difficile <strong>d'atteindre les \u00e9quipes de vente de leurs distributeurs<\/strong><\/li>\n<\/ul>\n\t<h3>Si vous ne reconnaissez que quelques-uns de ces d\u00e9fis, cela vaut d\u00e9j\u00e0 la peine de nous contacter, car TOUS ces d\u00e9fis sont faciles \u00e0 relever gr\u00e2ce au ProfitX2 Digital Sales Coaching.<\/h3>\n\t<h1>Vos \u00e9quipes ont besoin de CONNAISSANCES pour performer de mani\u00e8re optimale<\/h1>\n<p>En 30 ans de coaching d'entreprise pour des centaines d'entreprises dans plus de 30 pays, nous n'avons pratiquement jamais eu affaire \u00e0 des employ\u00e9s qui ne VEULENT pas performer.<\/p>\n<p><strong>Les employ\u00e9s VEULENT performer de mani\u00e8re optimale, mais ne savent souvent pas COMMENT le faire.<\/strong><\/p>\n\t\t\t<a href=\"\/fr\/kennis-leid-tot-resultaat\/\" target=\"_self\" rel=\"noopener\">\n\t\t\t\t\t\t\td\u00e9couvrez comment vos employ\u00e9s peuvent performer de mani\u00e8re optimale\n\t\t\t<\/a>\n\t<h1>Boostez votre \u00e9quipe de vente avec un coaching de vente num\u00e9rique<\/h1>\n<p>Het is voor elke ondernemer duidelijk dat &#8216;meer klanten overtuigen&#8217; (= beter verkopen)\u00a0een enorme impact\u00a0heeft\u00a0op het bedrijfsresultaat\u00a0in het algemeen\u00a0en op de marketinginspanningen\u00a0in het bijzonder.<\/p>\n<p><strong>ProfitX2 Digital Coaching est l'OUTIL ID\u00c9AL pour mettre les CONNAISSANCES dans la t\u00eate de vos \u00c9QUIPES<\/strong><\/p>\n\t\t\t<a href=\"\/fr\/sales-force\/\" target=\"_self\" rel=\"noopener\">\n\t\t\t\t\t\t\td\u00e9couvrez ici comment booster vos ventes\n\t\t\t<\/a>\n\t<h1>Un support solide pour des r\u00e9sultats optimaux<\/h1>\n<p>Gr\u00e2ce aux connaissances num\u00e9ris\u00e9es de ProfitX2, les entreprises peuvent rapidement et facilement mettre \u00e0 la disposition de leurs employ\u00e9s existants et nouveaux les connaissances n\u00e9cessaires pour r\u00e9ussir.<\/p>\n<b>Les \u00e9quipes de vente qui se sentent soutenues par l'entreprise ou la marque qu'elles repr\u00e9sentent obtiennent de meilleurs r\u00e9sultats.<\/b>\n\t\t\t<a href=\"\/fr\/een-sterke-ondersteuning-voor-optimale-resultaten\/\" target=\"_self\" rel=\"noopener\">\n\t\t\t\t\t\t\td\u00e9couvrez ici comment obtenir des r\u00e9sultats optimaux\n\t\t\t<\/a>\n\t<p>La formation de l'\u00e9quipe de vente est cruciale pour le succ\u00e8s de votre entreprise.<\/p>\n<p>Is het dan niet meer dan logisch, om ook uw Salesteam op een Digitale manier te ondersteunen met de kennis die zij nodig hebben om succesvol te zijn?\u00a0ProfitX2 bied verschillende Digital Sales programma&#8217;s aan. Elk programma bestaat uit een aantal Modules.\u00a0 E\u00e9n Module behandelt telkens \u00e9\u00e9n specifiek onderwerp en bevat een 13- tot 18-tal opleidingsmovies met bijhorende vragen &amp; Tips.<\/p>\n\t\t\t\t<img decoding=\"async\" src=\"http:\/\/profitx2.com\/wp-content\/uploads\/2021\/09\/b2c_sales.png\" alt=\"b2c_sales\" itemprop=\"image\" title=\"b2c_sales\" onerror=\"this.style.display='none'\"  \/>\n\t<ul>\n<li>B2C Programma&#8217;s<\/li>\n<li>Formations de vente g\u00e9n\u00e9rales<\/li>\n<li>Formations sur le langage corporel<\/li>\n<li>Le Salesgame<\/li>\n<\/ul>\n\t\t\t<a href=\"\/fr\/b2c-sales-programma\/\" target=\"_self\" rel=\"noopener\">\n\t\t\t\t\t\t\tOui, je veux en savoir plus !\n\t\t\t\t\t<\/a>\n\t\t\t\t<img decoding=\"async\" src=\"http:\/\/profitx2.com\/wp-content\/uploads\/2021\/09\/b2b_sales.png\" alt=\"b2b_sales\" itemprop=\"image\" title=\"b2b_sales\" onerror=\"this.style.display='none'\"  \/>\n\t<ul>\n<li>Prospection<\/li>\n<li>Pitching avec ROI<\/li>\n<li>N\u00e9gociations rentables<\/li>\n<li>Ventes \u00e0 long terme<\/li>\n<\/ul>\n\t\t\t<a href=\"\/fr\/b2b-sales-programmas\/\" target=\"_self\" rel=\"noopener\">\n\t\t\t\t\t\t\tOui, je veux en savoir plus !\n\t\t\t\t\t<\/a>\n\t\t\t\t<img decoding=\"async\" src=\"http:\/\/profitx2.com\/wp-content\/uploads\/2021\/09\/sales_support.png\" alt=\"sales_support\" itemprop=\"image\" title=\"sales_support\" onerror=\"this.style.display='none'\"  \/>\n\t<ul>\n<li>Time Management<\/li>\n<li>TEAM building<\/li>\n<li>Motivation 360\u00b0<\/li>\n<li>Excellente ex\u00e9cution<\/li>\n<\/ul>\n\t\t\t<a href=\"\/fr\/sales-support-programmas\/\" target=\"_self\" rel=\"noopener\">\n\t\t\t\t\t\t\tOui, je veux en savoir plus !\n\t\t\t\t\t<\/a>\n\t<h3>Wij spreken graag met u af om de verschillende\u00a0Digitale Coaching Programma&#8217;s persoonlijk toe te lichten<\/h3>\n\t\t\t<a href=\"https:\/\/outlook.office365.com\/owa\/calendar\/ProfitX21@cotteleer.be\/bookings\/\" target=\"_blank\" rel=\"noopener\">\n\t\t\t\t\t\t\tR\u00e9server un appel en ligne ou contactez-nous\n\t\t\t\t\t<\/a>\n\t<h2>Vid\u00e9o pratique<\/h2>\n<p>Les vendeurs dans la vente haut de gamme et les vendeurs professionnels B2B sont de vrais professionnels et convertir des clients potentiels en clients acheteurs demande beaucoup de connaissances et de finesse. Dans les formations, le coach Chris Cotteleer partage toutes ses techniques avec lesquelles il transforme depuis des ann\u00e9es des vendeurs en v\u00e9ritables vendeurs TOP. Depuis plus de 30 ans, Chris donne des formations dans le domaine de la vente et toutes ces connaissances sont d\u00e9sormais disponibles sous forme de vid\u00e9o num\u00e9rique. La vente peut s'apprendre, et avec ces cours num\u00e9riques, les r\u00e9sultats commerciaux vont monter en fl\u00e8che.<\/p>\n\t\t\t\t<a href=\"https:\/\/vimeo.com\/589323648\/fbce25f810%20\" target=\"_blank\" rel=\"noopener\" itemprop=\"url\">\n\t\t\t\t<img loading=\"lazy\" decoding=\"async\" src=\"https:\/\/profitx2.com\/wp-content\/uploads\/2021\/12\/Schermafbeelding-2021-12-17-om-14.31.00.png\" alt=\"Schermafbeelding 2021-12-17 om 14.31.00\" itemprop=\"image\" height=\"264\" width=\"470\" title=\"Schermafbeelding 2021-12-17 om 14.31.00\" onerror=\"this.style.display='none'\"  \/>\n\t\t\t\t<\/a>\n\t\t\t\t<img decoding=\"async\" src=\"http:\/\/profitx2.com\/wp-content\/uploads\/2021\/09\/341.png\" alt=\"341\" itemprop=\"image\" title=\"341\" onerror=\"this.style.display='none'\"  \/>\n\t<h2>Coaching \u00e0 votre propre rythme<\/h2>\n<p>Via onze ProfitX2-mobietrain-app studeren uw medewerkers op hun eigen tempo. Instant Feedback, meetbare resultaten en hands-on video&#8217;s.<\/p>\n\t\t\t<a href=\"\/fr\/sales-force\/\" target=\"_self\" rel=\"noopener\">\n\t\t\t\t\t\tCliquez ici et boostez vos ventes\n\t\t\t\t\t<\/a>","protected":false},"excerpt":{"rendered":"<p>Herkent uw bedrijf of merk deze uitdagingen? Mensen samenbrengen voor opleidingen is moeilijk Klassikale opleidingen zijn duur en zorgen voor lege showrooms Door een overflow aan informatie blijft er meestal weinig kennis hangen Er zijn nog steeds te veel potenti\u00eble klanten die elders kopen Bij opleidingen is er geen directe of indirecte feedback Voor MERKEN&hellip;<\/p>","protected":false},"author":1,"featured_media":0,"parent":0,"menu_order":0,"comment_status":"closed","ping_status":"closed","template":"","meta":{"_seopress_robots_primary_cat":"","_seopress_titles_title":"","_seopress_titles_desc":"","_seopress_robots_index":"","footnotes":""},"class_list":["post-16","page","type-page","status-publish","hentry"],"yoast_head":"<!-- This site is optimized with the Yoast SEO plugin v26.3 - https:\/\/yoast.com\/wordpress\/plugins\/seo\/ -->\n<title>Home - Welkom bij ProfitX2<\/title>\n<meta name=\"robots\" content=\"index, follow, max-snippet:-1, max-image-preview:large, max-video-preview:-1\" \/>\n<link rel=\"canonical\" href=\"https:\/\/profitx2.com\/fr\/\" \/>\n<meta property=\"og:locale\" content=\"fr_FR\" \/>\n<meta property=\"og:type\" content=\"article\" \/>\n<meta property=\"og:title\" content=\"Home - Welkom bij ProfitX2\" \/>\n<meta property=\"og:description\" content=\"Herkent uw bedrijf of merk deze uitdagingen? Mensen samenbrengen voor opleidingen is moeilijk Klassikale opleidingen zijn duur en zorgen voor lege showrooms Door een overflow aan informatie blijft er meestal weinig kennis hangen Er zijn nog steeds te veel potenti\u00eble klanten die elders kopen Bij opleidingen is er geen directe of indirecte feedback Voor MERKEN&hellip;\" \/>\n<meta property=\"og:url\" content=\"https:\/\/profitx2.com\/fr\/\" \/>\n<meta property=\"og:site_name\" content=\"Welkom bij ProfitX2\" \/>\n<meta property=\"article:modified_time\" content=\"2024-06-17T13:18:20+00:00\" \/>\n<meta property=\"og:image\" content=\"http:\/\/profitx2.com\/wp-content\/uploads\/2021\/09\/Knowledge_results.png\" \/>\n<meta name=\"twitter:card\" content=\"summary_large_image\" \/>\n<meta name=\"twitter:label1\" content=\"Dur\u00e9e de lecture est.\" \/>\n\t<meta name=\"twitter:data1\" content=\"3 minutes\" \/>\n<script type=\"application\/ld+json\" class=\"yoast-schema-graph\">{\"@context\":\"https:\/\/schema.org\",\"@graph\":[{\"@type\":\"WebPage\",\"@id\":\"https:\/\/profitx2.com\/\",\"url\":\"https:\/\/profitx2.com\/\",\"name\":\"Home - Welkom bij ProfitX2\",\"isPartOf\":{\"@id\":\"https:\/\/profitx2.com\/#website\"},\"primaryImageOfPage\":{\"@id\":\"https:\/\/profitx2.com\/#primaryimage\"},\"image\":{\"@id\":\"https:\/\/profitx2.com\/#primaryimage\"},\"thumbnailUrl\":\"http:\/\/profitx2.com\/wp-content\/uploads\/2021\/09\/Knowledge_results.png\",\"datePublished\":\"2021-06-30T16:17:10+00:00\",\"dateModified\":\"2024-06-17T13:18:20+00:00\",\"breadcrumb\":{\"@id\":\"https:\/\/profitx2.com\/#breadcrumb\"},\"inLanguage\":\"fr-BE\",\"potentialAction\":[{\"@type\":\"ReadAction\",\"target\":[\"https:\/\/profitx2.com\/\"]}]},{\"@type\":\"ImageObject\",\"inLanguage\":\"fr-BE\",\"@id\":\"https:\/\/profitx2.com\/#primaryimage\",\"url\":\"http:\/\/profitx2.com\/wp-content\/uploads\/2021\/09\/Knowledge_results.png\",\"contentUrl\":\"http:\/\/profitx2.com\/wp-content\/uploads\/2021\/09\/Knowledge_results.png\"},{\"@type\":\"BreadcrumbList\",\"@id\":\"https:\/\/profitx2.com\/#breadcrumb\",\"itemListElement\":[{\"@type\":\"ListItem\",\"position\":1,\"name\":\"Home\",\"item\":\"https:\/\/profitx2.com\/\"},{\"@type\":\"ListItem\",\"position\":2,\"name\":\"Home\"}]},{\"@type\":\"WebSite\",\"@id\":\"https:\/\/profitx2.com\/#website\",\"url\":\"https:\/\/profitx2.com\/\",\"name\":\"Welkom bij ProfitX2\",\"description\":\"Digital Sales and Leadership Coaching\",\"potentialAction\":[{\"@type\":\"SearchAction\",\"target\":{\"@type\":\"EntryPoint\",\"urlTemplate\":\"https:\/\/profitx2.com\/?s={search_term_string}\"},\"query-input\":{\"@type\":\"PropertyValueSpecification\",\"valueRequired\":true,\"valueName\":\"search_term_string\"}}],\"inLanguage\":\"fr-BE\"}]}<\/script>\n<!-- \/ Yoast SEO plugin. -->","yoast_head_json":{"title":"Home - Welkom bij ProfitX2","robots":{"index":"index","follow":"follow","max-snippet":"max-snippet:-1","max-image-preview":"max-image-preview:large","max-video-preview":"max-video-preview:-1"},"canonical":"https:\/\/profitx2.com\/fr\/","og_locale":"fr_FR","og_type":"article","og_title":"Home - Welkom bij ProfitX2","og_description":"Herkent uw bedrijf of merk deze uitdagingen? Mensen samenbrengen voor opleidingen is moeilijk Klassikale opleidingen zijn duur en zorgen voor lege showrooms Door een overflow aan informatie blijft er meestal weinig kennis hangen Er zijn nog steeds te veel potenti\u00eble klanten die elders kopen Bij opleidingen is er geen directe of indirecte feedback Voor MERKEN&hellip;","og_url":"https:\/\/profitx2.com\/fr\/","og_site_name":"Welkom bij ProfitX2","article_modified_time":"2024-06-17T13:18:20+00:00","og_image":[{"url":"http:\/\/profitx2.com\/wp-content\/uploads\/2021\/09\/Knowledge_results.png","type":"","width":"","height":""}],"twitter_card":"summary_large_image","twitter_misc":{"Dur\u00e9e de lecture est.":"3 minutes"},"schema":{"@context":"https:\/\/schema.org","@graph":[{"@type":"WebPage","@id":"https:\/\/profitx2.com\/","url":"https:\/\/profitx2.com\/","name":"Home - Welkom bij ProfitX2","isPartOf":{"@id":"https:\/\/profitx2.com\/#website"},"primaryImageOfPage":{"@id":"https:\/\/profitx2.com\/#primaryimage"},"image":{"@id":"https:\/\/profitx2.com\/#primaryimage"},"thumbnailUrl":"http:\/\/profitx2.com\/wp-content\/uploads\/2021\/09\/Knowledge_results.png","datePublished":"2021-06-30T16:17:10+00:00","dateModified":"2024-06-17T13:18:20+00:00","breadcrumb":{"@id":"https:\/\/profitx2.com\/#breadcrumb"},"inLanguage":"fr-BE","potentialAction":[{"@type":"ReadAction","target":["https:\/\/profitx2.com\/"]}]},{"@type":"ImageObject","inLanguage":"fr-BE","@id":"https:\/\/profitx2.com\/#primaryimage","url":"http:\/\/profitx2.com\/wp-content\/uploads\/2021\/09\/Knowledge_results.png","contentUrl":"http:\/\/profitx2.com\/wp-content\/uploads\/2021\/09\/Knowledge_results.png"},{"@type":"BreadcrumbList","@id":"https:\/\/profitx2.com\/#breadcrumb","itemListElement":[{"@type":"ListItem","position":1,"name":"Home","item":"https:\/\/profitx2.com\/"},{"@type":"ListItem","position":2,"name":"Home"}]},{"@type":"WebSite","@id":"https:\/\/profitx2.com\/#website","url":"https:\/\/profitx2.com\/","name":"Welkom bij ProfitX2","description":"Digital Sales and Leadership Coaching","potentialAction":[{"@type":"SearchAction","target":{"@type":"EntryPoint","urlTemplate":"https:\/\/profitx2.com\/?s={search_term_string}"},"query-input":{"@type":"PropertyValueSpecification","valueRequired":true,"valueName":"search_term_string"}}],"inLanguage":"fr-BE"}]}},"_links":{"self":[{"href":"https:\/\/profitx2.com\/fr\/wp-json\/wp\/v2\/pages\/16","targetHints":{"allow":["GET"]}}],"collection":[{"href":"https:\/\/profitx2.com\/fr\/wp-json\/wp\/v2\/pages"}],"about":[{"href":"https:\/\/profitx2.com\/fr\/wp-json\/wp\/v2\/types\/page"}],"author":[{"embeddable":true,"href":"https:\/\/profitx2.com\/fr\/wp-json\/wp\/v2\/users\/1"}],"replies":[{"embeddable":true,"href":"https:\/\/profitx2.com\/fr\/wp-json\/wp\/v2\/comments?post=16"}],"version-history":[{"count":0,"href":"https:\/\/profitx2.com\/fr\/wp-json\/wp\/v2\/pages\/16\/revisions"}],"wp:attachment":[{"href":"https:\/\/profitx2.com\/fr\/wp-json\/wp\/v2\/media?parent=16"}],"curies":[{"name":"wp","href":"https:\/\/api.w.org\/{rel}","templated":true}]}}