{"id":353,"date":"2021-09-09T15:04:42","date_gmt":"2021-09-09T15:04:42","guid":{"rendered":"https:\/\/mooof.be\/profitx2\/?page_id=353"},"modified":"2024-07-23T08:42:38","modified_gmt":"2024-07-23T08:42:38","slug":"b2b-sales-programmas","status":"publish","type":"page","link":"https:\/\/profitx2.com\/en\/b2b-sales-programmas\/","title":{"rendered":"B2B sales programma&#8217;s"},"content":{"rendered":"<h1>b2B sales programma&#8217;s<\/h1>\n\t<h1>b2B Sales Coaching<\/h1>\n\t<p><strong>Each programme consists of a number of Modules.\u00a0 Each Module deals with one specific subject and contains 13 to 18 training movies with accompanying questions and tips.<\/strong><\/p>\n<p>&nbsp;<\/p>\n<p><strong>Hieronder volgt een overzicht van onze meest verkochte B2B Programma&#8217;s.<\/strong><\/p>\n<p>There are <strong>5 BASIS-Programma&#8217;s<\/strong> in B2B-Sales waarvan u hieronder een kort overzicht kan vinden.\u00a0 Door te klikken op de &#8216;meer info&#8217; link van een programma, komt u op de pagina met de volledige omschrijving. Prijzen zijn in functie van het aantal gebruikers per bedrijf, aarzel niet ons te contacteren om u hierover vrijblijvend te informeren.<\/p>\n<p>Aarzel tevens niet om ons te contacteren voor Maatwerk-programma&#8217;s, specifiek voor uw bedrijf.\u00a0 Wij beschikken over +50 Digitale Coaching Modules met onderwerpen als Afsluittechnieken, PreSales, Psycho Selling, Lichaamstaal, en vele andere topics.<\/p>\n<p>&nbsp;<\/p>\n\t<h6><strong>Practitioner in B2B Sales<\/strong> (2 Modules)<\/h6>\n<ul>\n<li>Prospecting, Lead Generation &amp; Networking<\/li>\n<li>Pitching with ROI (Return On Investment)<\/li>\n<\/ul>\n\t\t\t<a href=\"\/en\/practitioner-opleiding-in-b2b-sales\/\" target=\"_self\" rel=\"noopener\">\n\t\t\t\t\t\tmore info about this programme\n\t\t\t\t\t<\/a>\n\t<h6><img loading=\"lazy\" decoding=\"async\" src=\"http:\/\/profitx2.com\/wp-content\/uploads\/2021\/07\/bestseller-300x300.png\" alt=\"\" width=\"150\" height=\"150\" \/><\/h6>\n<h6><strong>Expert in B2B Sales<\/strong> (6 Modules)<\/h6>\n<ul>\n<li>Prospecting, Lead Generation &amp; Networking<\/li>\n<li>Pitching with ROI (Return On Investment)<\/li>\n<li>Speaking Body Language<\/li>\n<li>Profitable Negotiating<\/li>\n<li>Reading Body Language<\/li>\n<li>Long Term Sales<\/li>\n<\/ul>\n\t\t\t<a href=\"\/en\/expert-opleiding-in-b2b-sales\/\" target=\"_self\" rel=\"noopener\">\n\t\t\t\t\t\tmore info about this programme\n\t\t\t\t\t<\/a>\n\t<h6><strong>B2B Sales All-Star Course <\/strong>(8 Modules)<\/h6>\n<ul>\n<li>Motivation 360\u00b0<\/li>\n<li>Prospecting, Lead Generation &amp; Networking<\/li>\n<li>Speaking Body Language<\/li>\n<li>Pitching with ROI (Return On Investment)<\/li>\n<li>Long Term Sales<\/li>\n<li>Profitable Negotiating<\/li>\n<li>Reading Body Language<\/li>\n<li>Time Management<\/li>\n<\/ul>\n\t\t\t<a href=\"\/en\/all-star-opleiding-in-b2b-sales\/\" target=\"_self\" rel=\"noopener\">\n\t\t\t\t\t\tmore info about this programme\n\t\t\t\t\t<\/a>\n\t<h6><strong>Master Practitioner in B2B Sales<\/strong> (4 Modules)<\/h6>\n<ul>\n<li>Prospecting, Lead Generation &amp; Networking<\/li>\n<li>Pitching with ROI (Return On Investment)<\/li>\n<li>Speaking Body Language<\/li>\n<li>Profitable Negotiating<\/li>\n<\/ul>\n\t\t\t<a href=\"\/en\/master-practitioner-opleiding-in-b2b-sales\/\" target=\"_self\" rel=\"noopener\">\n\t\t\t\t\t\tmore info about this programme\n\t\t\t\t\t<\/a>\n\t<h6><strong>B2B Sales Gladiator Course <\/strong>(4 Modules &#8211; specifiek voor Beursdeelname)<\/h6>\n<ul>\n<li>Prospecting, Lead Generation &amp; Networking<\/li>\n<li>Pitching with ROI (Return On Investment)<\/li>\n<li>Speaking Body Language<\/li>\n<li>Profitable participation in trade fairs<\/li>\n<\/ul>\n\t\t\t<a href=\"\/en\/b2b-sales-gladiator-opleiding\/\" target=\"_self\" rel=\"noopener\">\n\t\t\t\t\t\tmore info about this programme\n\t\t\t\t\t<\/a>\n\t<h3>Wij spreken graag met u af om de verschillende Digitale B2B Coaching Programma&#8217;s persoonlijk toe te lichten<\/h3>\n\t\t\t<a href=\"https:\/\/outlook.office365.com\/owa\/calendar\/ProfitX21@cotteleer.be\/bookings\/\" target=\"_blank\" rel=\"noopener\">\n\t\t\t\t\t\t\tBook an online call or contact us\n\t\t\t\t\t<\/a>","protected":false},"excerpt":{"rendered":"<p>b2B sales programma&#8217;s b2B Sales Coaching Elk programma bestaat uit een aantal Modules.\u00a0 E\u00e9n Module behandelt telkens \u00e9\u00e9n specifiek onderwerp en bevat een 13- tot 18-tal opleidingsmovies met bijhorende vragen &amp; Tips. &nbsp; Hieronder volgt een overzicht van onze meest verkochte B2B Programma&#8217;s. Er zijn 5 BASIS-Programma&#8217;s in B2B-Sales waarvan u hieronder een kort overzicht&hellip;<\/p>","protected":false},"author":1,"featured_media":0,"parent":0,"menu_order":0,"comment_status":"closed","ping_status":"closed","template":"","meta":{"_seopress_robots_primary_cat":"","_seopress_titles_title":"","_seopress_titles_desc":"","_seopress_robots_index":"","footnotes":""},"class_list":["post-353","page","type-page","status-publish","hentry"],"yoast_head":"<!-- This site is optimized with the Yoast SEO plugin v26.3 - https:\/\/yoast.com\/wordpress\/plugins\/seo\/ -->\n<title>B2B sales programma&#8217;s - Welkom bij ProfitX2<\/title>\n<meta name=\"robots\" content=\"index, follow, max-snippet:-1, max-image-preview:large, max-video-preview:-1\" \/>\n<link rel=\"canonical\" href=\"https:\/\/profitx2.com\/en\/b2b-sales-programmas\/\" \/>\n<meta property=\"og:locale\" content=\"en_GB\" \/>\n<meta property=\"og:type\" content=\"article\" \/>\n<meta property=\"og:title\" content=\"B2B sales programma&#8217;s - Welkom bij ProfitX2\" \/>\n<meta property=\"og:description\" content=\"b2B sales programma&#8217;s b2B Sales Coaching Elk programma bestaat uit een aantal Modules.\u00a0 E\u00e9n Module behandelt telkens \u00e9\u00e9n specifiek onderwerp en bevat een 13- tot 18-tal opleidingsmovies met bijhorende vragen &amp; Tips. &nbsp; Hieronder volgt een overzicht van onze meest verkochte B2B Programma&#8217;s. Er zijn 5 BASIS-Programma&#8217;s in B2B-Sales waarvan u hieronder een kort overzicht&hellip;\" \/>\n<meta property=\"og:url\" content=\"https:\/\/profitx2.com\/en\/b2b-sales-programmas\/\" \/>\n<meta property=\"og:site_name\" content=\"Welkom bij ProfitX2\" \/>\n<meta property=\"article:modified_time\" content=\"2024-07-23T08:42:38+00:00\" \/>\n<meta property=\"og:image\" content=\"http:\/\/profitx2.com\/wp-content\/uploads\/2021\/07\/bestseller-300x300.png\" \/>\n<meta name=\"twitter:card\" content=\"summary_large_image\" \/>\n<meta name=\"twitter:label1\" content=\"Estimated reading time\" \/>\n\t<meta name=\"twitter:data1\" content=\"2 minutes\" \/>\n<script type=\"application\/ld+json\" class=\"yoast-schema-graph\">{\"@context\":\"https:\/\/schema.org\",\"@graph\":[{\"@type\":\"WebPage\",\"@id\":\"https:\/\/profitx2.com\/b2b-sales-programmas\/\",\"url\":\"https:\/\/profitx2.com\/b2b-sales-programmas\/\",\"name\":\"B2B sales programma&#8217;s - Welkom bij ProfitX2\",\"isPartOf\":{\"@id\":\"https:\/\/profitx2.com\/#website\"},\"primaryImageOfPage\":{\"@id\":\"https:\/\/profitx2.com\/b2b-sales-programmas\/#primaryimage\"},\"image\":{\"@id\":\"https:\/\/profitx2.com\/b2b-sales-programmas\/#primaryimage\"},\"thumbnailUrl\":\"http:\/\/profitx2.com\/wp-content\/uploads\/2021\/07\/bestseller-300x300.png\",\"datePublished\":\"2021-09-09T15:04:42+00:00\",\"dateModified\":\"2024-07-23T08:42:38+00:00\",\"breadcrumb\":{\"@id\":\"https:\/\/profitx2.com\/b2b-sales-programmas\/#breadcrumb\"},\"inLanguage\":\"en-GB\",\"potentialAction\":[{\"@type\":\"ReadAction\",\"target\":[\"https:\/\/profitx2.com\/b2b-sales-programmas\/\"]}]},{\"@type\":\"ImageObject\",\"inLanguage\":\"en-GB\",\"@id\":\"https:\/\/profitx2.com\/b2b-sales-programmas\/#primaryimage\",\"url\":\"http:\/\/profitx2.com\/wp-content\/uploads\/2021\/07\/bestseller-300x300.png\",\"contentUrl\":\"http:\/\/profitx2.com\/wp-content\/uploads\/2021\/07\/bestseller-300x300.png\"},{\"@type\":\"BreadcrumbList\",\"@id\":\"https:\/\/profitx2.com\/b2b-sales-programmas\/#breadcrumb\",\"itemListElement\":[{\"@type\":\"ListItem\",\"position\":1,\"name\":\"Home\",\"item\":\"https:\/\/profitx2.com\/\"},{\"@type\":\"ListItem\",\"position\":2,\"name\":\"B2B sales programma&#8217;s\"}]},{\"@type\":\"WebSite\",\"@id\":\"https:\/\/profitx2.com\/#website\",\"url\":\"https:\/\/profitx2.com\/\",\"name\":\"Welkom bij ProfitX2\",\"description\":\"Digital Sales and Leadership Coaching\",\"potentialAction\":[{\"@type\":\"SearchAction\",\"target\":{\"@type\":\"EntryPoint\",\"urlTemplate\":\"https:\/\/profitx2.com\/?s={search_term_string}\"},\"query-input\":{\"@type\":\"PropertyValueSpecification\",\"valueRequired\":true,\"valueName\":\"search_term_string\"}}],\"inLanguage\":\"en-GB\"}]}<\/script>\n<!-- \/ Yoast SEO plugin. -->","yoast_head_json":{"title":"B2B sales programma&#8217;s - Welkom bij ProfitX2","robots":{"index":"index","follow":"follow","max-snippet":"max-snippet:-1","max-image-preview":"max-image-preview:large","max-video-preview":"max-video-preview:-1"},"canonical":"https:\/\/profitx2.com\/en\/b2b-sales-programmas\/","og_locale":"en_GB","og_type":"article","og_title":"B2B sales programma&#8217;s - Welkom bij ProfitX2","og_description":"b2B sales programma&#8217;s b2B Sales Coaching Elk programma bestaat uit een aantal Modules.\u00a0 E\u00e9n Module behandelt telkens \u00e9\u00e9n specifiek onderwerp en bevat een 13- tot 18-tal opleidingsmovies met bijhorende vragen &amp; Tips. &nbsp; Hieronder volgt een overzicht van onze meest verkochte B2B Programma&#8217;s. Er zijn 5 BASIS-Programma&#8217;s in B2B-Sales waarvan u hieronder een kort overzicht&hellip;","og_url":"https:\/\/profitx2.com\/en\/b2b-sales-programmas\/","og_site_name":"Welkom bij ProfitX2","article_modified_time":"2024-07-23T08:42:38+00:00","og_image":[{"url":"http:\/\/profitx2.com\/wp-content\/uploads\/2021\/07\/bestseller-300x300.png","type":"","width":"","height":""}],"twitter_card":"summary_large_image","twitter_misc":{"Estimated reading time":"2 minutes"},"schema":{"@context":"https:\/\/schema.org","@graph":[{"@type":"WebPage","@id":"https:\/\/profitx2.com\/b2b-sales-programmas\/","url":"https:\/\/profitx2.com\/b2b-sales-programmas\/","name":"B2B sales programma&#8217;s - Welkom bij ProfitX2","isPartOf":{"@id":"https:\/\/profitx2.com\/#website"},"primaryImageOfPage":{"@id":"https:\/\/profitx2.com\/b2b-sales-programmas\/#primaryimage"},"image":{"@id":"https:\/\/profitx2.com\/b2b-sales-programmas\/#primaryimage"},"thumbnailUrl":"http:\/\/profitx2.com\/wp-content\/uploads\/2021\/07\/bestseller-300x300.png","datePublished":"2021-09-09T15:04:42+00:00","dateModified":"2024-07-23T08:42:38+00:00","breadcrumb":{"@id":"https:\/\/profitx2.com\/b2b-sales-programmas\/#breadcrumb"},"inLanguage":"en-GB","potentialAction":[{"@type":"ReadAction","target":["https:\/\/profitx2.com\/b2b-sales-programmas\/"]}]},{"@type":"ImageObject","inLanguage":"en-GB","@id":"https:\/\/profitx2.com\/b2b-sales-programmas\/#primaryimage","url":"http:\/\/profitx2.com\/wp-content\/uploads\/2021\/07\/bestseller-300x300.png","contentUrl":"http:\/\/profitx2.com\/wp-content\/uploads\/2021\/07\/bestseller-300x300.png"},{"@type":"BreadcrumbList","@id":"https:\/\/profitx2.com\/b2b-sales-programmas\/#breadcrumb","itemListElement":[{"@type":"ListItem","position":1,"name":"Home","item":"https:\/\/profitx2.com\/"},{"@type":"ListItem","position":2,"name":"B2B sales programma&#8217;s"}]},{"@type":"WebSite","@id":"https:\/\/profitx2.com\/#website","url":"https:\/\/profitx2.com\/","name":"Welkom bij ProfitX2","description":"Digital Sales and Leadership Coaching","potentialAction":[{"@type":"SearchAction","target":{"@type":"EntryPoint","urlTemplate":"https:\/\/profitx2.com\/?s={search_term_string}"},"query-input":{"@type":"PropertyValueSpecification","valueRequired":true,"valueName":"search_term_string"}}],"inLanguage":"en-GB"}]}},"_links":{"self":[{"href":"https:\/\/profitx2.com\/en\/wp-json\/wp\/v2\/pages\/353","targetHints":{"allow":["GET"]}}],"collection":[{"href":"https:\/\/profitx2.com\/en\/wp-json\/wp\/v2\/pages"}],"about":[{"href":"https:\/\/profitx2.com\/en\/wp-json\/wp\/v2\/types\/page"}],"author":[{"embeddable":true,"href":"https:\/\/profitx2.com\/en\/wp-json\/wp\/v2\/users\/1"}],"replies":[{"embeddable":true,"href":"https:\/\/profitx2.com\/en\/wp-json\/wp\/v2\/comments?post=353"}],"version-history":[{"count":0,"href":"https:\/\/profitx2.com\/en\/wp-json\/wp\/v2\/pages\/353\/revisions"}],"wp:attachment":[{"href":"https:\/\/profitx2.com\/en\/wp-json\/wp\/v2\/media?parent=353"}],"curies":[{"name":"wp","href":"https:\/\/api.w.org\/{rel}","templated":true}]}}