{"id":16,"date":"2021-06-30T16:17:10","date_gmt":"2021-06-30T16:17:10","guid":{"rendered":"https:\/\/mooof.be\/profitx2\/?page_id=16"},"modified":"2024-06-17T13:18:20","modified_gmt":"2024-06-17T13:18:20","slug":"profitx2-digital-sales-coaching","status":"publish","type":"page","link":"https:\/\/profitx2.com\/en\/","title":{"rendered":"Home"},"content":{"rendered":"<img decoding=\"async\" src=\"http:\/\/profitx2.com\/wp-content\/uploads\/2021\/09\/Knowledge_results.png\" alt=\"Knowledge_results\" itemprop=\"image\" title=\"Knowledge_results\" onerror=\"this.style.display='none'\"  \/>\n\t\t\t\t<img decoding=\"async\" src=\"http:\/\/profitx2.com\/wp-content\/uploads\/2021\/06\/Vlieger-872x1024.png\" alt=\"Vlieger\" itemprop=\"image\" title=\"Vlieger\" onerror=\"this.style.display='none'\"  \/>\n<h1>\n\t\tDoes your company or brand recognises these challenges? \n\t<\/h1>\n\t<ul>\n<li><strong><\/strong><strong>Bringing people together for training is difficult<\/strong><\/li>\n<li><strong>Classroom training is expensive<\/strong> and make for <strong>empty showrooms<\/strong><\/li>\n<li>Because of an <strong>information overflow<\/strong> mostly <strong>little knowledge remains<\/strong><\/li>\n<\/ul>\n\t<ul>\n<li>There are still too many <strong>potential customers who buy elsewhere<\/strong><\/li>\n<li>In training, there is <strong><\/strong><strong>no direct or indirect feedback<\/strong><\/li>\n<li>For BRANDS, it is difficult to <strong>reach sales teams of their distributors<\/strong><\/li>\n<\/ul>\n\t<h3>If you recognize just a few of these challenges, it's already worth it to contact us, because ALL of these challenges are easily addressed with ProfitX2 Digital Sales Coaching.<\/h3>\n\t<h1>Your TEAMS need KNOWLEDGE to PERFORM OPTIMALLY<\/h1>\n<p>In 30 years of Business Coaching for hundreds of companies in over 30 countries, we have almost never had to deal with employees who do not WANT to perform.<\/p>\n<p><strong>Employees WANT to perform optimally, but often do not know HOW<\/strong><\/p>\n\t\t\t<a href=\"\/en\/kennis-leid-tot-resultaat\/\" target=\"_self\" rel=\"noopener\">\n\t\t\t\t\t\t\tdiscover here how your employees can present optimally\n\t\t\t<\/a>\n\t<h1>Boost your sales force with digital coaching<\/h1>\n<p>Het is voor elke ondernemer duidelijk dat &#8216;meer klanten overtuigen&#8217; (= beter verkopen)\u00a0een enorme impact\u00a0heeft\u00a0op het bedrijfsresultaat\u00a0in het algemeen\u00a0en op de marketinginspanningen\u00a0in het bijzonder.<\/p>\n<p><strong>ProfitX2 Digital Coaching is the IDEAL TOOL to get KNOWLEDGE into the heads of your TEAMS<\/strong><\/p>\n\t\t\t<a href=\"\/en\/sales-force\/\" target=\"_self\" rel=\"noopener\">\n\t\t\t\t\t\t\tdiscover how to boost your sales here\n\t\t\t<\/a>\n\t<h1>Strong Support for Optimal Results<\/h1>\n<p>Through the digitized knowledge of ProfitX2, companies can quickly and easily make the necessary knowledge to be successful available to their existing and new employees.<\/p>\n<b>Sales teams that feel supported by the company or Brand they represent perform noticeably better.<\/b>\n\t\t\t<a href=\"\/en\/een-sterke-ondersteuning-voor-optimale-resultaten\/\" target=\"_self\" rel=\"noopener\">\n\t\t\t\t\t\t\tfind out how to get the best result here\n\t\t\t<\/a>\n\t<p>Training the Sales Force is critical to the success of your business.<\/p>\n<p>Is het dan niet meer dan logisch, om ook uw Salesteam op een Digitale manier te ondersteunen met de kennis die zij nodig hebben om succesvol te zijn?\u00a0ProfitX2 bied verschillende Digital Sales programma&#8217;s aan. Elk programma bestaat uit een aantal Modules.\u00a0 E\u00e9n Module behandelt telkens \u00e9\u00e9n specifiek onderwerp en bevat een 13- tot 18-tal opleidingsmovies met bijhorende vragen &amp; Tips.<\/p>\n\t\t\t\t<img decoding=\"async\" src=\"http:\/\/profitx2.com\/wp-content\/uploads\/2021\/09\/b2c_sales.png\" alt=\"b2c_sales\" itemprop=\"image\" title=\"b2c_sales\" onerror=\"this.style.display='none'\"  \/>\n\t<ul>\n<li>B2C Programma&#8217;s<\/li>\n<li>Algemene Sales opleidingen<\/li>\n<li>Body language training<\/li>\n<li>The Salesgame<\/li>\n<\/ul>\n\t\t\t<a href=\"\/en\/b2c-sales-programma\/\" target=\"_self\" rel=\"noopener\">\n\t\t\t\t\t\t\tYes I want to know more!\n\t\t\t\t\t<\/a>\n\t\t\t\t<img decoding=\"async\" src=\"http:\/\/profitx2.com\/wp-content\/uploads\/2021\/09\/b2b_sales.png\" alt=\"b2b_sales\" itemprop=\"image\" title=\"b2b_sales\" onerror=\"this.style.display='none'\"  \/>\n\t<ul>\n<li>Prospection<\/li>\n<li>Pitching with ROI<\/li>\n<li>Profitable Negotiating<\/li>\n<li>Long Term Sales<\/li>\n<\/ul>\n\t\t\t<a href=\"\/en\/b2b-sales-programmas\/\" target=\"_self\" rel=\"noopener\">\n\t\t\t\t\t\t\tYes I want to know more!\n\t\t\t\t\t<\/a>\n\t\t\t\t<img decoding=\"async\" src=\"http:\/\/profitx2.com\/wp-content\/uploads\/2021\/09\/sales_support.png\" alt=\"sales_support\" itemprop=\"image\" title=\"sales_support\" onerror=\"this.style.display='none'\"  \/>\n\t<ul>\n<li>Time Management<\/li>\n<li>TEAM building<\/li>\n<li>Motivation 360\u00b0<\/li>\n<li>Excellent Execution<\/li>\n<\/ul>\n\t\t\t<a href=\"\/en\/sales-support-programmas\/\" target=\"_self\" rel=\"noopener\">\n\t\t\t\t\t\t\tYes I want to know more!\n\t\t\t\t\t<\/a>\n\t<h3>Wij spreken graag met u af om de verschillende\u00a0Digitale Coaching Programma&#8217;s persoonlijk toe te lichten<\/h3>\n\t\t\t<a href=\"https:\/\/outlook.office365.com\/owa\/calendar\/ProfitX21@cotteleer.be\/bookings\/\" target=\"_blank\" rel=\"noopener\">\n\t\t\t\t\t\t\tBook an online call or contact us\n\t\t\t\t\t<\/a>\n\t<h2>Hands-on video<\/h2>\n<p>Salesmen in High Price Retail and professional B2B sellers are real professionals. To convert potential customers into buying customers you need a lot of knowledge and finesse.\u00a0 In the training sessions, coach Chris Cotteleer shares all his tips with which he has been transforming sales people into real TOP sellers for years.\u00a0 Chris has been giving training courses in Sales for over 30 years and all this knowledge is now available in a digital Video format.\u00a0 You can learn how to sell and with these digital courses your business results will skyrocket.<\/p>\n\t\t\t\t<a href=\"https:\/\/vimeo.com\/589323648\/fbce25f810%20\" target=\"_blank\" rel=\"noopener\" itemprop=\"url\">\n\t\t\t\t<img loading=\"lazy\" decoding=\"async\" src=\"https:\/\/profitx2.com\/wp-content\/uploads\/2021\/12\/Schermafbeelding-2021-12-17-om-14.31.00.png\" alt=\"Schermafbeelding 2021-12-17 om 14.31.00\" itemprop=\"image\" height=\"264\" width=\"470\" title=\"Schermafbeelding 2021-12-17 om 14.31.00\" onerror=\"this.style.display='none'\"  \/>\n\t\t\t\t<\/a>\n\t\t\t\t<img decoding=\"async\" src=\"http:\/\/profitx2.com\/wp-content\/uploads\/2021\/09\/341.png\" alt=\"341\" itemprop=\"image\" title=\"341\" onerror=\"this.style.display='none'\"  \/>\n\t<h2>Coaching at your own pace<\/h2>\n<p>Via onze ProfitX2-mobietrain-app studeren uw medewerkers op hun eigen tempo. Instant Feedback, meetbare resultaten en hands-on video&#8217;s.<\/p>\n\t\t\t<a href=\"\/en\/sales-force\/\" target=\"_self\" rel=\"noopener\">\n\t\t\t\t\t\tClick here and boost your sales\n\t\t\t\t\t<\/a>","protected":false},"excerpt":{"rendered":"<p>Herkent uw bedrijf of merk deze uitdagingen? Mensen samenbrengen voor opleidingen is moeilijk Klassikale opleidingen zijn duur en zorgen voor lege showrooms Door een overflow aan informatie blijft er meestal weinig kennis hangen Er zijn nog steeds te veel potenti\u00eble klanten die elders kopen Bij opleidingen is er geen directe of indirecte feedback Voor MERKEN&hellip;<\/p>","protected":false},"author":1,"featured_media":0,"parent":0,"menu_order":0,"comment_status":"closed","ping_status":"closed","template":"","meta":{"_seopress_robots_primary_cat":"","_seopress_titles_title":"","_seopress_titles_desc":"","_seopress_robots_index":"","footnotes":""},"class_list":["post-16","page","type-page","status-publish","hentry"],"yoast_head":"<!-- This site is optimized with the Yoast SEO plugin v26.3 - https:\/\/yoast.com\/wordpress\/plugins\/seo\/ -->\n<title>Home - Welkom bij ProfitX2<\/title>\n<meta name=\"robots\" content=\"index, follow, max-snippet:-1, max-image-preview:large, max-video-preview:-1\" \/>\n<link rel=\"canonical\" href=\"https:\/\/profitx2.com\/en\/\" \/>\n<meta property=\"og:locale\" content=\"en_GB\" \/>\n<meta property=\"og:type\" content=\"article\" \/>\n<meta property=\"og:title\" content=\"Home - Welkom bij ProfitX2\" \/>\n<meta property=\"og:description\" content=\"Herkent uw bedrijf of merk deze uitdagingen? Mensen samenbrengen voor opleidingen is moeilijk Klassikale opleidingen zijn duur en zorgen voor lege showrooms Door een overflow aan informatie blijft er meestal weinig kennis hangen Er zijn nog steeds te veel potenti\u00eble klanten die elders kopen Bij opleidingen is er geen directe of indirecte feedback Voor MERKEN&hellip;\" \/>\n<meta property=\"og:url\" content=\"https:\/\/profitx2.com\/en\/\" \/>\n<meta property=\"og:site_name\" content=\"Welkom bij ProfitX2\" \/>\n<meta property=\"article:modified_time\" content=\"2024-06-17T13:18:20+00:00\" \/>\n<meta property=\"og:image\" content=\"http:\/\/profitx2.com\/wp-content\/uploads\/2021\/09\/Knowledge_results.png\" \/>\n<meta name=\"twitter:card\" content=\"summary_large_image\" \/>\n<meta name=\"twitter:label1\" content=\"Estimated reading time\" \/>\n\t<meta name=\"twitter:data1\" content=\"3 minutes\" \/>\n<script type=\"application\/ld+json\" class=\"yoast-schema-graph\">{\"@context\":\"https:\/\/schema.org\",\"@graph\":[{\"@type\":\"WebPage\",\"@id\":\"https:\/\/profitx2.com\/\",\"url\":\"https:\/\/profitx2.com\/\",\"name\":\"Home - Welkom bij ProfitX2\",\"isPartOf\":{\"@id\":\"https:\/\/profitx2.com\/#website\"},\"primaryImageOfPage\":{\"@id\":\"https:\/\/profitx2.com\/#primaryimage\"},\"image\":{\"@id\":\"https:\/\/profitx2.com\/#primaryimage\"},\"thumbnailUrl\":\"http:\/\/profitx2.com\/wp-content\/uploads\/2021\/09\/Knowledge_results.png\",\"datePublished\":\"2021-06-30T16:17:10+00:00\",\"dateModified\":\"2024-06-17T13:18:20+00:00\",\"breadcrumb\":{\"@id\":\"https:\/\/profitx2.com\/#breadcrumb\"},\"inLanguage\":\"en-GB\",\"potentialAction\":[{\"@type\":\"ReadAction\",\"target\":[\"https:\/\/profitx2.com\/\"]}]},{\"@type\":\"ImageObject\",\"inLanguage\":\"en-GB\",\"@id\":\"https:\/\/profitx2.com\/#primaryimage\",\"url\":\"http:\/\/profitx2.com\/wp-content\/uploads\/2021\/09\/Knowledge_results.png\",\"contentUrl\":\"http:\/\/profitx2.com\/wp-content\/uploads\/2021\/09\/Knowledge_results.png\"},{\"@type\":\"BreadcrumbList\",\"@id\":\"https:\/\/profitx2.com\/#breadcrumb\",\"itemListElement\":[{\"@type\":\"ListItem\",\"position\":1,\"name\":\"Home\",\"item\":\"https:\/\/profitx2.com\/\"},{\"@type\":\"ListItem\",\"position\":2,\"name\":\"Home\"}]},{\"@type\":\"WebSite\",\"@id\":\"https:\/\/profitx2.com\/#website\",\"url\":\"https:\/\/profitx2.com\/\",\"name\":\"Welkom bij ProfitX2\",\"description\":\"Digital Sales and Leadership Coaching\",\"potentialAction\":[{\"@type\":\"SearchAction\",\"target\":{\"@type\":\"EntryPoint\",\"urlTemplate\":\"https:\/\/profitx2.com\/?s={search_term_string}\"},\"query-input\":{\"@type\":\"PropertyValueSpecification\",\"valueRequired\":true,\"valueName\":\"search_term_string\"}}],\"inLanguage\":\"en-GB\"}]}<\/script>\n<!-- \/ Yoast SEO plugin. -->","yoast_head_json":{"title":"Home - Welkom bij ProfitX2","robots":{"index":"index","follow":"follow","max-snippet":"max-snippet:-1","max-image-preview":"max-image-preview:large","max-video-preview":"max-video-preview:-1"},"canonical":"https:\/\/profitx2.com\/en\/","og_locale":"en_GB","og_type":"article","og_title":"Home - Welkom bij ProfitX2","og_description":"Herkent uw bedrijf of merk deze uitdagingen? Mensen samenbrengen voor opleidingen is moeilijk Klassikale opleidingen zijn duur en zorgen voor lege showrooms Door een overflow aan informatie blijft er meestal weinig kennis hangen Er zijn nog steeds te veel potenti\u00eble klanten die elders kopen Bij opleidingen is er geen directe of indirecte feedback Voor MERKEN&hellip;","og_url":"https:\/\/profitx2.com\/en\/","og_site_name":"Welkom bij ProfitX2","article_modified_time":"2024-06-17T13:18:20+00:00","og_image":[{"url":"http:\/\/profitx2.com\/wp-content\/uploads\/2021\/09\/Knowledge_results.png","type":"","width":"","height":""}],"twitter_card":"summary_large_image","twitter_misc":{"Estimated reading time":"3 minutes"},"schema":{"@context":"https:\/\/schema.org","@graph":[{"@type":"WebPage","@id":"https:\/\/profitx2.com\/","url":"https:\/\/profitx2.com\/","name":"Home - Welkom bij ProfitX2","isPartOf":{"@id":"https:\/\/profitx2.com\/#website"},"primaryImageOfPage":{"@id":"https:\/\/profitx2.com\/#primaryimage"},"image":{"@id":"https:\/\/profitx2.com\/#primaryimage"},"thumbnailUrl":"http:\/\/profitx2.com\/wp-content\/uploads\/2021\/09\/Knowledge_results.png","datePublished":"2021-06-30T16:17:10+00:00","dateModified":"2024-06-17T13:18:20+00:00","breadcrumb":{"@id":"https:\/\/profitx2.com\/#breadcrumb"},"inLanguage":"en-GB","potentialAction":[{"@type":"ReadAction","target":["https:\/\/profitx2.com\/"]}]},{"@type":"ImageObject","inLanguage":"en-GB","@id":"https:\/\/profitx2.com\/#primaryimage","url":"http:\/\/profitx2.com\/wp-content\/uploads\/2021\/09\/Knowledge_results.png","contentUrl":"http:\/\/profitx2.com\/wp-content\/uploads\/2021\/09\/Knowledge_results.png"},{"@type":"BreadcrumbList","@id":"https:\/\/profitx2.com\/#breadcrumb","itemListElement":[{"@type":"ListItem","position":1,"name":"Home","item":"https:\/\/profitx2.com\/"},{"@type":"ListItem","position":2,"name":"Home"}]},{"@type":"WebSite","@id":"https:\/\/profitx2.com\/#website","url":"https:\/\/profitx2.com\/","name":"Welkom bij ProfitX2","description":"Digital Sales and Leadership Coaching","potentialAction":[{"@type":"SearchAction","target":{"@type":"EntryPoint","urlTemplate":"https:\/\/profitx2.com\/?s={search_term_string}"},"query-input":{"@type":"PropertyValueSpecification","valueRequired":true,"valueName":"search_term_string"}}],"inLanguage":"en-GB"}]}},"_links":{"self":[{"href":"https:\/\/profitx2.com\/en\/wp-json\/wp\/v2\/pages\/16","targetHints":{"allow":["GET"]}}],"collection":[{"href":"https:\/\/profitx2.com\/en\/wp-json\/wp\/v2\/pages"}],"about":[{"href":"https:\/\/profitx2.com\/en\/wp-json\/wp\/v2\/types\/page"}],"author":[{"embeddable":true,"href":"https:\/\/profitx2.com\/en\/wp-json\/wp\/v2\/users\/1"}],"replies":[{"embeddable":true,"href":"https:\/\/profitx2.com\/en\/wp-json\/wp\/v2\/comments?post=16"}],"version-history":[{"count":0,"href":"https:\/\/profitx2.com\/en\/wp-json\/wp\/v2\/pages\/16\/revisions"}],"wp:attachment":[{"href":"https:\/\/profitx2.com\/en\/wp-json\/wp\/v2\/media?parent=16"}],"curies":[{"name":"wp","href":"https:\/\/api.w.org\/{rel}","templated":true}]}}